{"id":111446,"date":"2025-05-18T20:59:07","date_gmt":"2025-05-18T20:59:07","guid":{"rendered":"https:\/\/staging2.stylingagenten.com\/fi\/produkt\/omega-krom-stall\/"},"modified":"2025-11-19T10:58:56","modified_gmt":"2025-11-19T10:58:56","slug":"omega-krom-stall","status":"publish","type":"product","link":"https:\/\/stylingagenten.com\/fi\/tuote\/omega-krom-stall\/","title":{"rendered":"Omega Chrome Stand"},"content":{"rendered":"<p>Omega Krom St\u00e4ll on suunniteltu kromatusta ter\u00e4ksest\u00e4. Se pit\u00e4\u00e4 parranajoharjan paikoillaan ja siit\u00e4 tulee my\u00f6s mukava yksityiskohta huoneessa. Korkeus: 6,9 cm.<\/p>\n","protected":false},"excerpt":{"rendered":"<p>Omega Krom St\u00e4ll on suunniteltu kromatusta ter\u00e4ksest\u00e4. Se pit\u00e4\u00e4 parranajoharjan paikoillaan ja siit\u00e4 tulee my\u00f6s mukava yksityiskohta huoneessa. Korkeus: 6,9 cm.<\/p>\n","protected":false},"featured_media":111444,"comment_status":"open","ping_status":"closed","template":"","meta":{"_trash_the_other_posts":false},"product_brand":[],"product_cat":[1000,1005,687,735],"product_tag":[],"berocket_brand":[1044],"class_list":{"0":"post-111446","1":"product","2":"type-product","3":"status-publish","4":"has-post-thumbnail","6":"product_cat-kampanjatarjous-miehelle","7":"product_cat-outlet","8":"product_cat-parta-tyokalu","9":"product_cat-kampanjamme","10":"pa_brand-omega","11":"berocket_brand-omega","13":"first","14":"instock","15":"sale","16":"taxable","17":"shipping-taxable","18":"purchasable","19":"product-type-simple"},"_links":{"self":[{"href":"https:\/\/stylingagenten.com\/fi\/wp-json\/wp\/v2\/product\/111446","targetHints":{"allow":["GET"]}}],"collection":[{"href":"https:\/\/stylingagenten.com\/fi\/wp-json\/wp\/v2\/product"}],"about":[{"href":"https:\/\/stylingagenten.com\/fi\/wp-json\/wp\/v2\/types\/product"}],"replies":[{"embeddable":true,"href":"https:\/\/stylingagenten.com\/fi\/wp-json\/wp\/v2\/comments?post=111446"}],"version-history":[{"count":0,"href":"https:\/\/stylingagenten.com\/fi\/wp-json\/wp\/v2\/product\/111446\/revisions"}],"wp:featuredmedia":[{"embeddable":true,"href":"https:\/\/stylingagenten.com\/fi\/wp-json\/wp\/v2\/media\/111444"}],"wp:attachment":[{"href":"https:\/\/stylingagenten.com\/fi\/wp-json\/wp\/v2\/media?parent=111446"}],"wp:term":[{"taxonomy":"product_brand","embeddable":true,"href":"https:\/\/stylingagenten.com\/fi\/wp-json\/wp\/v2\/product_brand?post=111446"},{"taxonomy":"product_cat","embeddable":true,"href":"https:\/\/stylingagenten.com\/fi\/wp-json\/wp\/v2\/product_cat?post=111446"},{"taxonomy":"product_tag","embeddable":true,"href":"https:\/\/stylingagenten.com\/fi\/wp-json\/wp\/v2\/product_tag?post=111446"},{"taxonomy":"berocket_brand","embeddable":true,"href":"https:\/\/stylingagenten.com\/fi\/wp-json\/wp\/v2\/berocket_brand?post=111446"}],"curies":[{"name":"wp","href":"https:\/\/api.w.org\/{rel}","templated":true}]}}