{"id":111443,"date":"2025-05-18T20:59:05","date_gmt":"2025-05-18T20:59:05","guid":{"rendered":"https:\/\/staging2.stylingagenten.com\/fi\/produkt\/beard-monkey-shaving-cream-100ml\/"},"modified":"2026-04-03T15:15:37","modified_gmt":"2026-04-03T15:15:37","slug":"beard-monkey-shaving-cream-100ml","status":"publish","type":"product","link":"https:\/\/stylingagenten.com\/fi\/tuote\/beard-monkey-shaving-cream-100ml\/","title":{"rendered":"Beard Monkey Shaving Cream 100ml"},"content":{"rendered":"<p>Beard Monkey Shaving Cream on kevyesti tuoksuva parranajovoide, joka on rikastettu E-vitamiinilla. Vaahto suojaa ihoa ulkoisilta iskuilta ja tekee parranajokokemuksesta miellytt\u00e4v\u00e4mm\u00e4n. T\u00e4m\u00e4n tuotteen k\u00e4yt\u00f6n tuloksena on sile\u00e4 iho, joka ei aiheuta \u00e4rsytyst\u00e4. Vaahto auttaa parranajokonetta liukumaan ja tehostaa parranajoa.<\/p>\n<p> Tuotetta voidaan k\u00e4ytt\u00e4\u00e4 yksin\u00e4\u00e4n tai parranajoharjan kanssa.<\/p>\n","protected":false},"excerpt":{"rendered":"<p>Beard Monkey Shaving Cream on kevyesti tuoksuva parranajovoide, joka on rikastettu E-vitamiinilla. Vaahto suojaa ihoa ulkoisilta iskuilta ja tekee parranajokokemuksesta miellytt\u00e4v\u00e4mm\u00e4n. T\u00e4m\u00e4n tuotteen k\u00e4yt\u00f6n tuloksena on sile\u00e4 iho, joka ei aiheuta \u00e4rsytyst\u00e4. Vaahto auttaa parranajokonetta liukumaan ja tehostaa parranajoa. Tuotetta voidaan k\u00e4ytt\u00e4\u00e4 yksin\u00e4\u00e4n tai parranajoharjan kanssa.<\/p>\n","protected":false},"featured_media":111442,"comment_status":"open","ping_status":"closed","template":"","meta":{"_trash_the_other_posts":false},"product_brand":[],"product_cat":[1000,688,735],"product_tag":[],"berocket_brand":[1077],"class_list":{"0":"post-111443","1":"product","2":"type-product","3":"status-publish","4":"has-post-thumbnail","6":"product_cat-kampanjatarjous-miehelle","7":"product_cat-parta-geeli","8":"product_cat-kampanjamme","9":"pa_brand-beard-monkey","10":"berocket_brand-beard-monkey","12":"first","13":"instock","14":"sale","15":"taxable","16":"shipping-taxable","17":"purchasable","18":"product-type-simple"},"_links":{"self":[{"href":"https:\/\/stylingagenten.com\/fi\/wp-json\/wp\/v2\/product\/111443","targetHints":{"allow":["GET"]}}],"collection":[{"href":"https:\/\/stylingagenten.com\/fi\/wp-json\/wp\/v2\/product"}],"about":[{"href":"https:\/\/stylingagenten.com\/fi\/wp-json\/wp\/v2\/types\/product"}],"replies":[{"embeddable":true,"href":"https:\/\/stylingagenten.com\/fi\/wp-json\/wp\/v2\/comments?post=111443"}],"version-history":[{"count":0,"href":"https:\/\/stylingagenten.com\/fi\/wp-json\/wp\/v2\/product\/111443\/revisions"}],"wp:featuredmedia":[{"embeddable":true,"href":"https:\/\/stylingagenten.com\/fi\/wp-json\/wp\/v2\/media\/111442"}],"wp:attachment":[{"href":"https:\/\/stylingagenten.com\/fi\/wp-json\/wp\/v2\/media?parent=111443"}],"wp:term":[{"taxonomy":"product_brand","embeddable":true,"href":"https:\/\/stylingagenten.com\/fi\/wp-json\/wp\/v2\/product_brand?post=111443"},{"taxonomy":"product_cat","embeddable":true,"href":"https:\/\/stylingagenten.com\/fi\/wp-json\/wp\/v2\/product_cat?post=111443"},{"taxonomy":"product_tag","embeddable":true,"href":"https:\/\/stylingagenten.com\/fi\/wp-json\/wp\/v2\/product_tag?post=111443"},{"taxonomy":"berocket_brand","embeddable":true,"href":"https:\/\/stylingagenten.com\/fi\/wp-json\/wp\/v2\/berocket_brand?post=111443"}],"curies":[{"name":"wp","href":"https:\/\/api.w.org\/{rel}","templated":true}]}}