{"id":111441,"date":"2025-05-18T20:59:05","date_gmt":"2025-05-18T20:59:05","guid":{"rendered":"https:\/\/staging2.stylingagenten.com\/fi\/produkt\/paul-mitchell-tea-tree-shave-gel-200ml\/"},"modified":"2026-03-08T15:07:35","modified_gmt":"2026-03-08T15:07:35","slug":"paul-mitchell-tea-tree-shave-gel-200ml","status":"publish","type":"product","link":"https:\/\/stylingagenten.com\/fi\/tuote\/paul-mitchell-tea-tree-shave-gel-200ml\/","title":{"rendered":"Paul Mitchell Tea Tree Shave Gel 200ml"},"content":{"rendered":"<p>Jos haluat todella virkist\u00e4v\u00e4n kokemuksen, lis\u00e4\u00e4 Tea Tree Shave Gel&reg; s\u00e4\u00e4nn\u00f6lliseen parranajorutiinisi. T\u00e4m\u00e4 vaahtoava koostumus sis\u00e4lt\u00e4\u00e4 erityisi\u00e4 hoitoaineita, jotka suojaavat ihoa palavilta parranajoilta ja j\u00e4tt\u00e4v\u00e4t ihon uskomattoman pehme\u00e4ksi. Viile\u00e4 piparminttu ja laventeli rauhoittavat sielua, kun taas teepuu\u00f6ljy her\u00e4tt\u00e4\u00e4 aisteja.<\/p>\n","protected":false},"excerpt":{"rendered":"<p>Jos haluat todella virkist\u00e4v\u00e4n kokemuksen, lis\u00e4\u00e4 Tea Tree Shave Gel&reg; s\u00e4\u00e4nn\u00f6lliseen parranajorutiinisi. T\u00e4m\u00e4 vaahtoava koostumus sis\u00e4lt\u00e4\u00e4 erityisi\u00e4 hoitoaineita, jotka suojaavat ihoa palavilta parranajoilta ja j\u00e4tt\u00e4v\u00e4t ihon uskomattoman pehme\u00e4ksi. Viile\u00e4 piparminttu ja laventeli rauhoittavat sielua, kun taas teepuu\u00f6ljy her\u00e4tt\u00e4\u00e4 aisteja.<\/p>\n","protected":false},"featured_media":441534,"comment_status":"open","ping_status":"closed","template":"","meta":{"_trash_the_other_posts":false},"product_brand":[],"product_cat":[1000,688,735],"product_tag":[],"berocket_brand":[1053],"class_list":{"0":"post-111441","1":"product","2":"type-product","3":"status-publish","4":"has-post-thumbnail","6":"product_cat-kampanjatarjous-miehelle","7":"product_cat-parta-geeli","8":"product_cat-kampanjamme","9":"pa_brand-paul-mitchell","10":"berocket_brand-paul-mitchell","12":"first","13":"instock","14":"sale","15":"taxable","16":"shipping-taxable","17":"purchasable","18":"product-type-simple"},"_links":{"self":[{"href":"https:\/\/stylingagenten.com\/fi\/wp-json\/wp\/v2\/product\/111441","targetHints":{"allow":["GET"]}}],"collection":[{"href":"https:\/\/stylingagenten.com\/fi\/wp-json\/wp\/v2\/product"}],"about":[{"href":"https:\/\/stylingagenten.com\/fi\/wp-json\/wp\/v2\/types\/product"}],"replies":[{"embeddable":true,"href":"https:\/\/stylingagenten.com\/fi\/wp-json\/wp\/v2\/comments?post=111441"}],"version-history":[{"count":0,"href":"https:\/\/stylingagenten.com\/fi\/wp-json\/wp\/v2\/product\/111441\/revisions"}],"wp:featuredmedia":[{"embeddable":true,"href":"https:\/\/stylingagenten.com\/fi\/wp-json\/wp\/v2\/media\/441534"}],"wp:attachment":[{"href":"https:\/\/stylingagenten.com\/fi\/wp-json\/wp\/v2\/media?parent=111441"}],"wp:term":[{"taxonomy":"product_brand","embeddable":true,"href":"https:\/\/stylingagenten.com\/fi\/wp-json\/wp\/v2\/product_brand?post=111441"},{"taxonomy":"product_cat","embeddable":true,"href":"https:\/\/stylingagenten.com\/fi\/wp-json\/wp\/v2\/product_cat?post=111441"},{"taxonomy":"product_tag","embeddable":true,"href":"https:\/\/stylingagenten.com\/fi\/wp-json\/wp\/v2\/product_tag?post=111441"},{"taxonomy":"berocket_brand","embeddable":true,"href":"https:\/\/stylingagenten.com\/fi\/wp-json\/wp\/v2\/berocket_brand?post=111441"}],"curies":[{"name":"wp","href":"https:\/\/api.w.org\/{rel}","templated":true}]}}