{"id":111435,"date":"2025-05-18T20:59:04","date_gmt":"2025-05-18T20:59:04","guid":{"rendered":"https:\/\/staging2.stylingagenten.com\/fi\/produkt\/paul-mitchell-mvrck-skin-tonic-shave-215ml\/"},"modified":"2026-03-16T07:31:27","modified_gmt":"2026-03-16T07:31:27","slug":"paul-mitchell-mvrck-skin-tonic-shave-215ml","status":"publish","type":"product","link":"https:\/\/stylingagenten.com\/fi\/tuote\/paul-mitchell-mvrck-skin-tonic-shave-215ml\/","title":{"rendered":"Paul Mitchell MVRCK Skin Tonic Shave 215ml"},"content":{"rendered":"<p>MVRCK Skin Tonic on kevyt kasvosumute, jota voidaan k\u00e4ytt\u00e4\u00e4 kasvovoiteena ennen parranajoa kevyeen kosteutukseen tai parranajon j\u00e4lkeen. se v\u00e4hent\u00e4\u00e4 punaisen ja \u00e4rtyneen ihon ulkon\u00e4k\u00f6\u00e4. Rikastettu ihoa rauhoittavalla ohrauutteella ja ihoa viilent\u00e4v\u00e4ll\u00e4 mentolilla. ihoa j\u00e4tt\u00e4m\u00e4tt\u00e4 sit\u00e4 kuivaksi ja kire\u00e4ksi. Energisoiva ja maskuliininen sitrushedelmien, agaven ja santelipuun tuoksu.<\/p>\n","protected":false},"excerpt":{"rendered":"<p>MVRCK Skin Tonic on kevyt kasvosumute, jota voidaan k\u00e4ytt\u00e4\u00e4 kasvovoiteena ennen parranajoa kevyeen kosteutukseen tai parranajon j\u00e4lkeen. se v\u00e4hent\u00e4\u00e4 punaisen ja \u00e4rtyneen ihon ulkon\u00e4k\u00f6\u00e4. Rikastettu ihoa rauhoittavalla ohrauutteella ja ihoa viilent\u00e4v\u00e4ll\u00e4 mentolilla. ihoa j\u00e4tt\u00e4m\u00e4tt\u00e4 sit\u00e4 kuivaksi ja kire\u00e4ksi. Energisoiva ja maskuliininen sitrushedelmien, agaven ja santelipuun tuoksu.<\/p>\n","protected":false},"featured_media":111433,"comment_status":"open","ping_status":"closed","template":"","meta":{"_trash_the_other_posts":false},"product_brand":[],"product_cat":[1000,689,735],"product_tag":[],"berocket_brand":[1053],"class_list":{"0":"post-111435","1":"product","2":"type-product","3":"status-publish","4":"has-post-thumbnail","6":"product_cat-kampanjatarjous-miehelle","7":"product_cat-partavesi","8":"product_cat-kampanjamme","9":"pa_brand-paul-mitchell","10":"berocket_brand-paul-mitchell","12":"first","13":"instock","14":"sale","15":"taxable","16":"shipping-taxable","17":"purchasable","18":"product-type-simple"},"_links":{"self":[{"href":"https:\/\/stylingagenten.com\/fi\/wp-json\/wp\/v2\/product\/111435","targetHints":{"allow":["GET"]}}],"collection":[{"href":"https:\/\/stylingagenten.com\/fi\/wp-json\/wp\/v2\/product"}],"about":[{"href":"https:\/\/stylingagenten.com\/fi\/wp-json\/wp\/v2\/types\/product"}],"replies":[{"embeddable":true,"href":"https:\/\/stylingagenten.com\/fi\/wp-json\/wp\/v2\/comments?post=111435"}],"version-history":[{"count":0,"href":"https:\/\/stylingagenten.com\/fi\/wp-json\/wp\/v2\/product\/111435\/revisions"}],"wp:featuredmedia":[{"embeddable":true,"href":"https:\/\/stylingagenten.com\/fi\/wp-json\/wp\/v2\/media\/111433"}],"wp:attachment":[{"href":"https:\/\/stylingagenten.com\/fi\/wp-json\/wp\/v2\/media?parent=111435"}],"wp:term":[{"taxonomy":"product_brand","embeddable":true,"href":"https:\/\/stylingagenten.com\/fi\/wp-json\/wp\/v2\/product_brand?post=111435"},{"taxonomy":"product_cat","embeddable":true,"href":"https:\/\/stylingagenten.com\/fi\/wp-json\/wp\/v2\/product_cat?post=111435"},{"taxonomy":"product_tag","embeddable":true,"href":"https:\/\/stylingagenten.com\/fi\/wp-json\/wp\/v2\/product_tag?post=111435"},{"taxonomy":"berocket_brand","embeddable":true,"href":"https:\/\/stylingagenten.com\/fi\/wp-json\/wp\/v2\/berocket_brand?post=111435"}],"curies":[{"name":"wp","href":"https:\/\/api.w.org\/{rel}","templated":true}]}}