{"id":111427,"date":"2025-05-18T20:59:02","date_gmt":"2025-05-18T20:59:02","guid":{"rendered":"https:\/\/staging2.stylingagenten.com\/fi\/produkt\/american-crew-moisturizing-shave-cream-150ml\/"},"modified":"2026-04-05T17:48:33","modified_gmt":"2026-04-05T17:48:33","slug":"american-crew-moisturizing-shave-cream-150ml","status":"publish","type":"product","link":"https:\/\/stylingagenten.com\/fi\/tuote\/american-crew-moisturizing-shave-cream-150ml\/","title":{"rendered":"American Crew Moisturizing Shave Cream 150ml"},"content":{"rendered":"<p>American Crew Moisturizing Shave Cream 150 ml \u2013 Sopii normaalista paksuun partaan. Parranajovoide, joka sis\u00e4lt\u00e4\u00e4 luonnollisia ainesosia, jotka takaavat puhtaan ja tarkan ajon. Aloe Vera lis\u00e4\u00e4 kosteutta ja j\u00e4tt\u00e4\u00e4 ihon pehme\u00e4ksi parranajon j\u00e4lkeen.&nbsp;<\/p>\n","protected":false},"excerpt":{"rendered":"<p>American Crew Moisturizing Shave Cream 150 ml \u2013 Sopii normaalista paksuun partaan. Parranajovoide, joka sis\u00e4lt\u00e4\u00e4 luonnollisia ainesosia, jotka takaavat puhtaan ja tarkan ajon. Aloe Vera lis\u00e4\u00e4 kosteutta ja j\u00e4tt\u00e4\u00e4 ihon pehme\u00e4ksi parranajon j\u00e4lkeen.&nbsp;<\/p>\n","protected":false},"featured_media":111426,"comment_status":"open","ping_status":"closed","template":"","meta":{"_trash_the_other_posts":false},"product_brand":[],"product_cat":[688],"product_tag":[2371],"berocket_brand":[1071],"class_list":{"0":"post-111427","1":"product","2":"type-product","3":"status-publish","4":"has-post-thumbnail","6":"product_cat-parta-geeli","7":"product_tag-american-crew-moisturizing-shave-cream","8":"pa_brand-american-crew","9":"pa_variantti-150ml","10":"berocket_brand-american-crew","12":"first","13":"instock","14":"sale","15":"taxable","16":"shipping-taxable","17":"purchasable","18":"product-type-simple"},"_links":{"self":[{"href":"https:\/\/stylingagenten.com\/fi\/wp-json\/wp\/v2\/product\/111427","targetHints":{"allow":["GET"]}}],"collection":[{"href":"https:\/\/stylingagenten.com\/fi\/wp-json\/wp\/v2\/product"}],"about":[{"href":"https:\/\/stylingagenten.com\/fi\/wp-json\/wp\/v2\/types\/product"}],"replies":[{"embeddable":true,"href":"https:\/\/stylingagenten.com\/fi\/wp-json\/wp\/v2\/comments?post=111427"}],"version-history":[{"count":0,"href":"https:\/\/stylingagenten.com\/fi\/wp-json\/wp\/v2\/product\/111427\/revisions"}],"wp:featuredmedia":[{"embeddable":true,"href":"https:\/\/stylingagenten.com\/fi\/wp-json\/wp\/v2\/media\/111426"}],"wp:attachment":[{"href":"https:\/\/stylingagenten.com\/fi\/wp-json\/wp\/v2\/media?parent=111427"}],"wp:term":[{"taxonomy":"product_brand","embeddable":true,"href":"https:\/\/stylingagenten.com\/fi\/wp-json\/wp\/v2\/product_brand?post=111427"},{"taxonomy":"product_cat","embeddable":true,"href":"https:\/\/stylingagenten.com\/fi\/wp-json\/wp\/v2\/product_cat?post=111427"},{"taxonomy":"product_tag","embeddable":true,"href":"https:\/\/stylingagenten.com\/fi\/wp-json\/wp\/v2\/product_tag?post=111427"},{"taxonomy":"berocket_brand","embeddable":true,"href":"https:\/\/stylingagenten.com\/fi\/wp-json\/wp\/v2\/berocket_brand?post=111427"}],"curies":[{"name":"wp","href":"https:\/\/api.w.org\/{rel}","templated":true}]}}