{"id":111406,"date":"2025-05-18T20:58:55","date_gmt":"2025-05-18T20:58:55","guid":{"rendered":"https:\/\/staging2.stylingagenten.com\/fi\/produkt\/american-crew-2-in-1-skin-moisturizer-and-beard-conditioner-100ml\/"},"modified":"2026-04-09T06:28:39","modified_gmt":"2026-04-09T06:28:39","slug":"american-crew-2-in-1-skin-moisturizer-and-beard-conditioner-100ml","status":"publish","type":"product","link":"https:\/\/stylingagenten.com\/fi\/tuote\/american-crew-2-in-1-skin-moisturizer-and-beard-conditioner-100ml\/","title":{"rendered":"American Crew 2 In 1 Skin Moisturizer And Beard Conditioner 100ml"},"content":{"rendered":"<p>American Crew 2-in-1 Moisturizer and Beard Conditioner on kevyt tuote, joka saa miesten parran n\u00e4ytt\u00e4m\u00e4\u00e4n pehme\u00e4lt\u00e4 samalla kun se kosteuttaa alla olevaa ihoa. T\u00e4ydellinen miehille, joilla on lyhyempi parta. K\u00e4yt\u00e4 vain iho ja parta tarpeen mukaan.<\/p>\n","protected":false},"excerpt":{"rendered":"<p>American Crew 2-in-1 Moisturizer and Beard Conditioner on kevyt tuote, joka saa miesten parran n\u00e4ytt\u00e4m\u00e4\u00e4n pehme\u00e4lt\u00e4 samalla kun se kosteuttaa alla olevaa ihoa. T\u00e4ydellinen miehille, joilla on lyhyempi parta. K\u00e4yt\u00e4 vain iho ja parta tarpeen mukaan.<\/p>\n","protected":false},"featured_media":111403,"comment_status":"open","ping_status":"closed","template":"","meta":{"_trash_the_other_posts":false},"product_brand":[],"product_cat":[578],"product_tag":[],"berocket_brand":[1071],"class_list":{"0":"post-111406","1":"product","2":"type-product","3":"status-publish","4":"has-post-thumbnail","6":"product_cat-partabalsami","7":"pa_brand-american-crew","8":"berocket_brand-american-crew","10":"first","11":"instock","12":"sale","13":"taxable","14":"shipping-taxable","15":"purchasable","16":"product-type-simple"},"_links":{"self":[{"href":"https:\/\/stylingagenten.com\/fi\/wp-json\/wp\/v2\/product\/111406","targetHints":{"allow":["GET"]}}],"collection":[{"href":"https:\/\/stylingagenten.com\/fi\/wp-json\/wp\/v2\/product"}],"about":[{"href":"https:\/\/stylingagenten.com\/fi\/wp-json\/wp\/v2\/types\/product"}],"replies":[{"embeddable":true,"href":"https:\/\/stylingagenten.com\/fi\/wp-json\/wp\/v2\/comments?post=111406"}],"version-history":[{"count":0,"href":"https:\/\/stylingagenten.com\/fi\/wp-json\/wp\/v2\/product\/111406\/revisions"}],"wp:featuredmedia":[{"embeddable":true,"href":"https:\/\/stylingagenten.com\/fi\/wp-json\/wp\/v2\/media\/111403"}],"wp:attachment":[{"href":"https:\/\/stylingagenten.com\/fi\/wp-json\/wp\/v2\/media?parent=111406"}],"wp:term":[{"taxonomy":"product_brand","embeddable":true,"href":"https:\/\/stylingagenten.com\/fi\/wp-json\/wp\/v2\/product_brand?post=111406"},{"taxonomy":"product_cat","embeddable":true,"href":"https:\/\/stylingagenten.com\/fi\/wp-json\/wp\/v2\/product_cat?post=111406"},{"taxonomy":"product_tag","embeddable":true,"href":"https:\/\/stylingagenten.com\/fi\/wp-json\/wp\/v2\/product_tag?post=111406"},{"taxonomy":"berocket_brand","embeddable":true,"href":"https:\/\/stylingagenten.com\/fi\/wp-json\/wp\/v2\/berocket_brand?post=111406"}],"curies":[{"name":"wp","href":"https:\/\/api.w.org\/{rel}","templated":true}]}}