{"id":111401,"date":"2025-05-18T20:58:54","date_gmt":"2025-05-18T20:58:54","guid":{"rendered":"https:\/\/staging2.stylingagenten.com\/fi\/produkt\/american-crew-beard-balm-50g\/"},"modified":"2026-03-30T19:38:32","modified_gmt":"2026-03-30T19:38:32","slug":"american-crew-beard-balm-50g","status":"publish","type":"product","link":"https:\/\/stylingagenten.com\/fi\/tuote\/american-crew-beard-balm-50g\/","title":{"rendered":"American Crew Beard Balm 60g"},"content":{"rendered":"<p>S\u00e4vybalsami ja muotoilija. Hell\u00e4varainen hoitoaine, joka kesytt\u00e4\u00e4 ja pehment\u00e4\u00e4 partaa, jota voidaan k\u00e4ytt\u00e4\u00e4 my\u00f6s muotoiluun.<\/p>\n","protected":false},"excerpt":{"rendered":"<p>S\u00e4vybalsami ja muotoilija. Hell\u00e4varainen hoitoaine, joka kesytt\u00e4\u00e4 ja pehment\u00e4\u00e4 partaa, jota voidaan k\u00e4ytt\u00e4\u00e4 my\u00f6s muotoiluun.<\/p>\n","protected":false},"featured_media":111400,"comment_status":"open","ping_status":"closed","template":"","meta":{"_trash_the_other_posts":false},"product_brand":[],"product_cat":[1000,578,735],"product_tag":[],"berocket_brand":[1071],"class_list":{"0":"post-111401","1":"product","2":"type-product","3":"status-publish","4":"has-post-thumbnail","6":"product_cat-kampanjatarjous-miehelle","7":"product_cat-partabalsami","8":"product_cat-kampanjamme","9":"pa_brand-american-crew","10":"berocket_brand-american-crew","12":"first","13":"instock","14":"sale","15":"taxable","16":"shipping-taxable","17":"purchasable","18":"product-type-simple"},"_links":{"self":[{"href":"https:\/\/stylingagenten.com\/fi\/wp-json\/wp\/v2\/product\/111401","targetHints":{"allow":["GET"]}}],"collection":[{"href":"https:\/\/stylingagenten.com\/fi\/wp-json\/wp\/v2\/product"}],"about":[{"href":"https:\/\/stylingagenten.com\/fi\/wp-json\/wp\/v2\/types\/product"}],"replies":[{"embeddable":true,"href":"https:\/\/stylingagenten.com\/fi\/wp-json\/wp\/v2\/comments?post=111401"}],"version-history":[{"count":0,"href":"https:\/\/stylingagenten.com\/fi\/wp-json\/wp\/v2\/product\/111401\/revisions"}],"wp:featuredmedia":[{"embeddable":true,"href":"https:\/\/stylingagenten.com\/fi\/wp-json\/wp\/v2\/media\/111400"}],"wp:attachment":[{"href":"https:\/\/stylingagenten.com\/fi\/wp-json\/wp\/v2\/media?parent=111401"}],"wp:term":[{"taxonomy":"product_brand","embeddable":true,"href":"https:\/\/stylingagenten.com\/fi\/wp-json\/wp\/v2\/product_brand?post=111401"},{"taxonomy":"product_cat","embeddable":true,"href":"https:\/\/stylingagenten.com\/fi\/wp-json\/wp\/v2\/product_cat?post=111401"},{"taxonomy":"product_tag","embeddable":true,"href":"https:\/\/stylingagenten.com\/fi\/wp-json\/wp\/v2\/product_tag?post=111401"},{"taxonomy":"berocket_brand","embeddable":true,"href":"https:\/\/stylingagenten.com\/fi\/wp-json\/wp\/v2\/berocket_brand?post=111401"}],"curies":[{"name":"wp","href":"https:\/\/api.w.org\/{rel}","templated":true}]}}