{"id":111396,"date":"2025-05-18T20:58:53","date_gmt":"2025-05-18T20:58:53","guid":{"rendered":"https:\/\/staging2.stylingagenten.com\/fi\/produkt\/beard-monkey-pre-shave-oil-50ml\/"},"modified":"2026-04-09T02:18:28","modified_gmt":"2026-04-09T02:18:28","slug":"beard-monkey-pre-shave-oil-50ml","status":"publish","type":"product","link":"https:\/\/stylingagenten.com\/fi\/tuote\/beard-monkey-pre-shave-oil-50ml\/","title":{"rendered":"Beard Monkey Pre-Shave Oil 50ml"},"content":{"rendered":"<p>Parranajo\u00f6ljy, jolla on kevyt tuoksu, joka helpottaa parranajoa. \u00d6ljy on kehitetty tarjoamaan miellytt\u00e4v\u00e4 ja tasainen parranajo. K\u00e4yt\u00e4 \u00f6ljy\u00e4 sellaisenaan tai pohjana kannon pehment\u00e4miseen. \u00d6ljy tarjoaa alhaisen kitkan, mik\u00e4 auttaa partaveitsi\u00e4 liukumaan helposti ihon yli. \u00d6ljy on rikastettu useilla hyvill\u00e4 ainesosilla, kuten aloe veralla, jojoba\u00f6ljyll\u00e4, auringonkukka\u00f6ljyll\u00e4, manteli\u00f6ljyll\u00e4 ja E-vitamiinilla.<\/p>\n<p>&nbsp;<\/p>\n<p><\/p>\n","protected":false},"excerpt":{"rendered":"<p>Parranajo\u00f6ljy, jolla on kevyt tuoksu, joka helpottaa parranajoa. \u00d6ljy on kehitetty tarjoamaan miellytt\u00e4v\u00e4 ja tasainen parranajo. K\u00e4yt\u00e4 \u00f6ljy\u00e4 sellaisenaan tai pohjana kannon pehment\u00e4miseen. \u00d6ljy tarjoaa alhaisen kitkan, mik\u00e4 auttaa partaveitsi\u00e4 liukumaan helposti ihon yli. \u00d6ljy on rikastettu useilla hyvill\u00e4 ainesosilla, kuten aloe veralla, jojoba\u00f6ljyll\u00e4, auringonkukka\u00f6ljyll\u00e4, manteli\u00f6ljyll\u00e4 ja E-vitamiinilla. &nbsp;<\/p>\n","protected":false},"featured_media":111395,"comment_status":"open","ping_status":"closed","template":"","meta":{"_trash_the_other_posts":false},"product_brand":[],"product_cat":[1000,688,590,735],"product_tag":[],"berocket_brand":[1077],"class_list":{"0":"post-111396","1":"product","2":"type-product","3":"status-publish","4":"has-post-thumbnail","6":"product_cat-kampanjatarjous-miehelle","7":"product_cat-parta-geeli","8":"product_cat-partaoljy","9":"product_cat-kampanjamme","10":"pa_brand-beard-monkey","11":"berocket_brand-beard-monkey","13":"first","14":"instock","15":"sale","16":"taxable","17":"shipping-taxable","18":"purchasable","19":"product-type-simple"},"_links":{"self":[{"href":"https:\/\/stylingagenten.com\/fi\/wp-json\/wp\/v2\/product\/111396","targetHints":{"allow":["GET"]}}],"collection":[{"href":"https:\/\/stylingagenten.com\/fi\/wp-json\/wp\/v2\/product"}],"about":[{"href":"https:\/\/stylingagenten.com\/fi\/wp-json\/wp\/v2\/types\/product"}],"replies":[{"embeddable":true,"href":"https:\/\/stylingagenten.com\/fi\/wp-json\/wp\/v2\/comments?post=111396"}],"version-history":[{"count":0,"href":"https:\/\/stylingagenten.com\/fi\/wp-json\/wp\/v2\/product\/111396\/revisions"}],"wp:featuredmedia":[{"embeddable":true,"href":"https:\/\/stylingagenten.com\/fi\/wp-json\/wp\/v2\/media\/111395"}],"wp:attachment":[{"href":"https:\/\/stylingagenten.com\/fi\/wp-json\/wp\/v2\/media?parent=111396"}],"wp:term":[{"taxonomy":"product_brand","embeddable":true,"href":"https:\/\/stylingagenten.com\/fi\/wp-json\/wp\/v2\/product_brand?post=111396"},{"taxonomy":"product_cat","embeddable":true,"href":"https:\/\/stylingagenten.com\/fi\/wp-json\/wp\/v2\/product_cat?post=111396"},{"taxonomy":"product_tag","embeddable":true,"href":"https:\/\/stylingagenten.com\/fi\/wp-json\/wp\/v2\/product_tag?post=111396"},{"taxonomy":"berocket_brand","embeddable":true,"href":"https:\/\/stylingagenten.com\/fi\/wp-json\/wp\/v2\/berocket_brand?post=111396"}],"curies":[{"name":"wp","href":"https:\/\/api.w.org\/{rel}","templated":true}]}}