{"id":111393,"date":"2025-05-18T20:58:52","date_gmt":"2025-05-18T20:58:52","guid":{"rendered":"https:\/\/staging2.stylingagenten.com\/fi\/produkt\/john-varvatos-artisan-edt-125ml\/"},"modified":"2026-04-11T09:18:29","modified_gmt":"2026-04-11T09:18:29","slug":"john-varvatos-artisan-edt-125ml","status":"publish","type":"product","link":"https:\/\/stylingagenten.com\/fi\/tuote\/john-varvatos-artisan-edt-125ml\/","title":{"rendered":"John Varvatos Artisan Edt 125ml"},"content":{"rendered":"<p>John Varvatos Artisan tuoksuu virkist\u00e4v\u00e4lt\u00e4 ja koskemattomalta luonnolta. El\u00e4mys vapaasta luonnosta puhtaimmassa ja yksinkertaisimmassa muodossa.<\/p>\n<p><strong>Tuoksutuoksu:&nbsp;<\/strong>klementiini, tangelo-hedelm\u00e4, timjami, meirami, laventeli, appelsiininkukka, jasmiini, appelsiini, inkiv\u00e4\u00e4ri, kephalistr&auml;, geaorgetr&auml;, belleambre ja serenolide.<\/p>\n","protected":false},"excerpt":{"rendered":"<p>John Varvatos Artisan tuoksuu virkist\u00e4v\u00e4lt\u00e4 ja koskemattomalta luonnolta. El\u00e4mys vapaasta luonnosta puhtaimmassa ja yksinkertaisimmassa muodossa. Tuoksutuoksu:&nbsp;klementiini, tangelo-hedelm\u00e4, timjami, meirami, laventeli, appelsiininkukka, jasmiini, appelsiini, inkiv\u00e4\u00e4ri, kephalistr&auml;, geaorgetr&auml;, belleambre ja serenolide.<\/p>\n","protected":false},"featured_media":111392,"comment_status":"open","ping_status":"closed","template":"","meta":{"_trash_the_other_posts":false},"product_brand":[],"product_cat":[1006,1000,709,735],"product_tag":[3055],"berocket_brand":[1146],"class_list":{"0":"post-111393","1":"product","2":"type-product","3":"status-publish","4":"has-post-thumbnail","6":"product_cat-kampanjahinta","7":"product_cat-kampanjatarjous-miehelle","8":"product_cat-miesten-eau-de-toilette","9":"product_cat-kampanjamme","10":"product_tag-john-varvatos-artisan-edt","11":"pa_brand-john-varvatos","12":"pa_variantti-125ml","13":"berocket_brand-john-varvatos","15":"first","16":"instock","17":"sale","18":"taxable","19":"shipping-taxable","20":"purchasable","21":"product-type-simple"},"_links":{"self":[{"href":"https:\/\/stylingagenten.com\/fi\/wp-json\/wp\/v2\/product\/111393","targetHints":{"allow":["GET"]}}],"collection":[{"href":"https:\/\/stylingagenten.com\/fi\/wp-json\/wp\/v2\/product"}],"about":[{"href":"https:\/\/stylingagenten.com\/fi\/wp-json\/wp\/v2\/types\/product"}],"replies":[{"embeddable":true,"href":"https:\/\/stylingagenten.com\/fi\/wp-json\/wp\/v2\/comments?post=111393"}],"version-history":[{"count":0,"href":"https:\/\/stylingagenten.com\/fi\/wp-json\/wp\/v2\/product\/111393\/revisions"}],"wp:featuredmedia":[{"embeddable":true,"href":"https:\/\/stylingagenten.com\/fi\/wp-json\/wp\/v2\/media\/111392"}],"wp:attachment":[{"href":"https:\/\/stylingagenten.com\/fi\/wp-json\/wp\/v2\/media?parent=111393"}],"wp:term":[{"taxonomy":"product_brand","embeddable":true,"href":"https:\/\/stylingagenten.com\/fi\/wp-json\/wp\/v2\/product_brand?post=111393"},{"taxonomy":"product_cat","embeddable":true,"href":"https:\/\/stylingagenten.com\/fi\/wp-json\/wp\/v2\/product_cat?post=111393"},{"taxonomy":"product_tag","embeddable":true,"href":"https:\/\/stylingagenten.com\/fi\/wp-json\/wp\/v2\/product_tag?post=111393"},{"taxonomy":"berocket_brand","embeddable":true,"href":"https:\/\/stylingagenten.com\/fi\/wp-json\/wp\/v2\/berocket_brand?post=111393"}],"curies":[{"name":"wp","href":"https:\/\/api.w.org\/{rel}","templated":true}]}}