{"id":111385,"date":"2025-05-18T20:58:49","date_gmt":"2025-05-18T20:58:49","guid":{"rendered":"https:\/\/staging2.stylingagenten.com\/fi\/produkt\/mont-blanc-emblem-edt-100ml\/"},"modified":"2026-04-06T07:58:35","modified_gmt":"2026-04-06T07:58:35","slug":"mont-blanc-emblem-edt-100ml","status":"publish","type":"product","link":"https:\/\/stylingagenten.com\/fi\/tuote\/mont-blanc-emblem-edt-100ml\/","title":{"rendered":"Mont Blanc Emblem edt 100ml"},"content":{"rendered":"<p>Mont Blanc Emblem on maskuliininen ja maskuliininen naisten hajuvesi, joka ilmaisee eleganssia ja korkeaa laatua. Mont Blanc Emblem alkaa ripaus aromaattista salviaa ja kardemummaa sekoitettuna kuohuviin greippiin, mik\u00e4 antaa heti alusta l\u00e4htien vaikutelman voimakkaasta ja karismaattisesta tuoksusta, joka on t\u00e4ynn\u00e4 kontrasteja. Tuoreet, vihre\u00e4t ja j\u00e4\u00e4dytetyt violetin lehdet on k\u00e4\u00e4ritty kaneliin, mik\u00e4 antaa koostumukselle eleganssia. Pohjassa on intensiivist\u00e4 puuta ja tonka&ouml;naa. Mont Blanc lanseeraa uuden maskuliinisen Emblem-tuoksunsa yhdess\u00e4 muokatun versionsa Emblem intensiivisen kanssa kev\u00e4\u00e4ll\u00e4 2014.<\/p>\n","protected":false},"excerpt":{"rendered":"<p>Mont Blanc Emblem on maskuliininen ja maskuliininen naisten hajuvesi, joka ilmaisee eleganssia ja korkeaa laatua. Mont Blanc Emblem alkaa ripaus aromaattista salviaa ja kardemummaa sekoitettuna kuohuviin greippiin, mik\u00e4 antaa heti alusta l\u00e4htien vaikutelman voimakkaasta ja karismaattisesta tuoksusta, joka on t\u00e4ynn\u00e4 kontrasteja. Tuoreet, vihre\u00e4t ja j\u00e4\u00e4dytetyt violetin lehdet on k\u00e4\u00e4ritty kaneliin, mik\u00e4 antaa koostumukselle eleganssia. Pohjassa [&hellip;]<\/p>\n","protected":false},"featured_media":111382,"comment_status":"open","ping_status":"closed","template":"","meta":{"_trash_the_other_posts":false},"product_brand":[],"product_cat":[1000,709,1003,735],"product_tag":[3581],"berocket_brand":[1079],"class_list":{"0":"post-111385","1":"product","2":"type-product","3":"status-publish","4":"has-post-thumbnail","6":"product_cat-kampanjatarjous-miehelle","7":"product_cat-miesten-eau-de-toilette","8":"product_cat-myydyimmat","9":"product_cat-kampanjamme","10":"product_tag-mont-blanc-emblem-edt","11":"pa_brand-mont-blanc","12":"pa_variantti-100ml","13":"berocket_brand-mont-blanc","15":"first","16":"instock","17":"sale","18":"taxable","19":"shipping-taxable","20":"purchasable","21":"product-type-simple"},"_links":{"self":[{"href":"https:\/\/stylingagenten.com\/fi\/wp-json\/wp\/v2\/product\/111385","targetHints":{"allow":["GET"]}}],"collection":[{"href":"https:\/\/stylingagenten.com\/fi\/wp-json\/wp\/v2\/product"}],"about":[{"href":"https:\/\/stylingagenten.com\/fi\/wp-json\/wp\/v2\/types\/product"}],"replies":[{"embeddable":true,"href":"https:\/\/stylingagenten.com\/fi\/wp-json\/wp\/v2\/comments?post=111385"}],"version-history":[{"count":0,"href":"https:\/\/stylingagenten.com\/fi\/wp-json\/wp\/v2\/product\/111385\/revisions"}],"wp:featuredmedia":[{"embeddable":true,"href":"https:\/\/stylingagenten.com\/fi\/wp-json\/wp\/v2\/media\/111382"}],"wp:attachment":[{"href":"https:\/\/stylingagenten.com\/fi\/wp-json\/wp\/v2\/media?parent=111385"}],"wp:term":[{"taxonomy":"product_brand","embeddable":true,"href":"https:\/\/stylingagenten.com\/fi\/wp-json\/wp\/v2\/product_brand?post=111385"},{"taxonomy":"product_cat","embeddable":true,"href":"https:\/\/stylingagenten.com\/fi\/wp-json\/wp\/v2\/product_cat?post=111385"},{"taxonomy":"product_tag","embeddable":true,"href":"https:\/\/stylingagenten.com\/fi\/wp-json\/wp\/v2\/product_tag?post=111385"},{"taxonomy":"berocket_brand","embeddable":true,"href":"https:\/\/stylingagenten.com\/fi\/wp-json\/wp\/v2\/berocket_brand?post=111385"}],"curies":[{"name":"wp","href":"https:\/\/api.w.org\/{rel}","templated":true}]}}