{"id":111373,"date":"2025-05-18T20:58:46","date_gmt":"2025-05-18T20:58:46","guid":{"rendered":"https:\/\/staging2.stylingagenten.com\/fi\/produkt\/calvin-klein-eternity-aqua-for-men-edt-100ml\/"},"modified":"2026-04-14T10:58:32","modified_gmt":"2026-04-14T10:58:32","slug":"calvin-klein-eternity-aqua-for-men-edt-100ml","status":"publish","type":"product","link":"https:\/\/stylingagenten.com\/fi\/tuote\/calvin-klein-eternity-aqua-for-men-edt-100ml\/","title":{"rendered":"Calvin Klein Eternity Aqua For Men edt 100ml"},"content":{"rendered":"<p style='margin-top:0cm;margin-right:0cm;margin-bottom:8.0pt;margin-left:0cm;font-size:15px;font-family:\"Calibri\",sans-serif'> Calvin Klein Eternity Aqua for Men lanseerattiin vuonna 2010 ja t\u00e4m\u00e4 on puhdas, raikas ja nahkainen tuoksu, jossa on sek\u00e4 vesivihreit\u00e4 vivahteita ett\u00e4 klassista maskuliinista puumaista luonnetta. Mets\u00e4n ja veden tuoksu. Eternity Aqua for Men j\u00e4tt\u00e4\u00e4 j\u00e4lkeens\u00e4 kest\u00e4v\u00e4n raikkaan kes\u00e4sateen tunteen. Calvin Kleinin Eternity for Men Aqua, EdT on moderni ja rento tuoksu itsevarmalle ja rennon tyylikk\u00e4\u00e4lle miehelle.<\/p>\n<p style='margin: 0cm 0cm 8pt;font-family: \"Calibri\", sans-serif'>Yl\u00e4tuoksu: Sitrushedelm\u00e4t, vihre\u00e4t tuoksut, lootus ja kylm\u00e4 kurkku.<br \/>Syd\u00e4ntuoksu: Sichuanin pippuri, mirabell, laventeli ja setri.<br \/>Pohjatuoksu: Santelipuu, guajakkipuu ja patsuli.<\/p>\n","protected":false},"excerpt":{"rendered":"<p>Calvin Klein Eternity Aqua for Men lanseerattiin vuonna 2010 ja t\u00e4m\u00e4 on puhdas, raikas ja nahkainen tuoksu, jossa on sek\u00e4 vesivihreit\u00e4 vivahteita ett\u00e4 klassista maskuliinista puumaista luonnetta. Mets\u00e4n ja veden tuoksu. Eternity Aqua for Men j\u00e4tt\u00e4\u00e4 j\u00e4lkeens\u00e4 kest\u00e4v\u00e4n raikkaan kes\u00e4sateen tunteen. Calvin Kleinin Eternity for Men Aqua, EdT on moderni ja rento tuoksu itsevarmalle ja [&hellip;]<\/p>\n","protected":false},"featured_media":111366,"comment_status":"open","ping_status":"closed","template":"","meta":{"_trash_the_other_posts":false},"product_brand":[],"product_cat":[793,1000,709,1003,735],"product_tag":[],"berocket_brand":[1014],"class_list":{"0":"post-111373","1":"product","2":"type-product","3":"status-publish","4":"has-post-thumbnail","6":"product_cat-calvin-klein-eternity-for-men","7":"product_cat-kampanjatarjous-miehelle","8":"product_cat-miesten-eau-de-toilette","9":"product_cat-myydyimmat","10":"product_cat-kampanjamme","11":"pa_brand-calvin-klein","12":"berocket_brand-calvin-klein","14":"first","15":"instock","16":"sale","17":"taxable","18":"shipping-taxable","19":"purchasable","20":"product-type-simple"},"_links":{"self":[{"href":"https:\/\/stylingagenten.com\/fi\/wp-json\/wp\/v2\/product\/111373","targetHints":{"allow":["GET"]}}],"collection":[{"href":"https:\/\/stylingagenten.com\/fi\/wp-json\/wp\/v2\/product"}],"about":[{"href":"https:\/\/stylingagenten.com\/fi\/wp-json\/wp\/v2\/types\/product"}],"replies":[{"embeddable":true,"href":"https:\/\/stylingagenten.com\/fi\/wp-json\/wp\/v2\/comments?post=111373"}],"version-history":[{"count":1,"href":"https:\/\/stylingagenten.com\/fi\/wp-json\/wp\/v2\/product\/111373\/revisions"}],"predecessor-version":[{"id":443165,"href":"https:\/\/stylingagenten.com\/fi\/wp-json\/wp\/v2\/product\/111373\/revisions\/443165"}],"wp:featuredmedia":[{"embeddable":true,"href":"https:\/\/stylingagenten.com\/fi\/wp-json\/wp\/v2\/media\/111366"}],"wp:attachment":[{"href":"https:\/\/stylingagenten.com\/fi\/wp-json\/wp\/v2\/media?parent=111373"}],"wp:term":[{"taxonomy":"product_brand","embeddable":true,"href":"https:\/\/stylingagenten.com\/fi\/wp-json\/wp\/v2\/product_brand?post=111373"},{"taxonomy":"product_cat","embeddable":true,"href":"https:\/\/stylingagenten.com\/fi\/wp-json\/wp\/v2\/product_cat?post=111373"},{"taxonomy":"product_tag","embeddable":true,"href":"https:\/\/stylingagenten.com\/fi\/wp-json\/wp\/v2\/product_tag?post=111373"},{"taxonomy":"berocket_brand","embeddable":true,"href":"https:\/\/stylingagenten.com\/fi\/wp-json\/wp\/v2\/berocket_brand?post=111373"}],"curies":[{"name":"wp","href":"https:\/\/api.w.org\/{rel}","templated":true}]}}