{"id":111360,"date":"2025-05-18T20:58:45","date_gmt":"2025-05-18T20:58:45","guid":{"rendered":"https:\/\/staging2.stylingagenten.com\/fi\/produkt\/lanvin-lhomme-edt-100ml\/"},"modified":"2026-04-06T11:08:46","modified_gmt":"2026-04-06T11:08:46","slug":"lanvin-lhomme-edt-100ml","status":"publish","type":"product","link":"https:\/\/stylingagenten.com\/fi\/tuote\/lanvin-lhomme-edt-100ml\/","title":{"rendered":"Lanvin L&#8217;Homme edt 100ml"},"content":{"rendered":"<p style='margin-top:0cm;margin-right:0cm;margin-bottom:8.0pt;margin-left:0cm;font-size:15px;font-family:\"Calibri\",sans-serif'> Lanvin L&#039;Hommella on virkist\u00e4v\u00e4 ja puhdas luonne, ja se on t\u00e4ydellinen ominaisuus kaikille Lanvin-miehille. Klassinen, mutta samalla mielikuvituksellinen ja rohkea, tyylik\u00e4s mutta samalla rento. Granaattiomenan ja omenankukan, laventelin, mandariinin, nerolin ja bergamotin alkuun, mausteisen syd\u00e4men, jossa on mustapippurin, virkist\u00e4v\u00e4n mintun, salvian ja kardemumman vivahteita, sek\u00e4 l\u00e4mmin, aistillinen santelipuun, meripihkan, myskin ja vaniljan pohja tuo hienostuneen ja elegantti olemusmuoto. Se on kirkas ja voimakas, aivan kuten Lanvinin omaleimainen tyyli.<\/p>\n<p style='margin: 0cm 0cm 8pt;font-family: \"Calibri\", sans-serif'>Yl\u00e4tuoksu: mandariini, bergamotti, laventeli.<br \/>Syd\u00e4ntuoksu: kardemumma, minttu, salvia, pippuri.<br \/>Pohjatuoksu: Ambra, vanilja, santelipuu.<\/p>\n","protected":false},"excerpt":{"rendered":"<p>Lanvin L&#039;Hommella on virkist\u00e4v\u00e4 ja puhdas luonne, ja se on t\u00e4ydellinen ominaisuus kaikille Lanvin-miehille. Klassinen, mutta samalla mielikuvituksellinen ja rohkea, tyylik\u00e4s mutta samalla rento. Granaattiomenan ja omenankukan, laventelin, mandariinin, nerolin ja bergamotin alkuun, mausteisen syd\u00e4men, jossa on mustapippurin, virkist\u00e4v\u00e4n mintun, salvian ja kardemumman vivahteita, sek\u00e4 l\u00e4mmin, aistillinen santelipuun, meripihkan, myskin ja vaniljan pohja tuo hienostuneen [&hellip;]<\/p>\n","protected":false},"featured_media":111357,"comment_status":"open","ping_status":"closed","template":"","meta":{"_trash_the_other_posts":false},"product_brand":[],"product_cat":[947,709,1003],"product_tag":[],"berocket_brand":[1105],"class_list":{"0":"post-111360","1":"product","2":"type-product","3":"status-publish","4":"has-post-thumbnail","6":"product_cat-lanvin-lhomme","7":"product_cat-miesten-eau-de-toilette","8":"product_cat-myydyimmat","9":"pa_brand-lanvin","10":"berocket_brand-lanvin","12":"first","13":"instock","14":"sale","15":"taxable","16":"shipping-taxable","17":"purchasable","18":"product-type-simple"},"_links":{"self":[{"href":"https:\/\/stylingagenten.com\/fi\/wp-json\/wp\/v2\/product\/111360","targetHints":{"allow":["GET"]}}],"collection":[{"href":"https:\/\/stylingagenten.com\/fi\/wp-json\/wp\/v2\/product"}],"about":[{"href":"https:\/\/stylingagenten.com\/fi\/wp-json\/wp\/v2\/types\/product"}],"replies":[{"embeddable":true,"href":"https:\/\/stylingagenten.com\/fi\/wp-json\/wp\/v2\/comments?post=111360"}],"version-history":[{"count":0,"href":"https:\/\/stylingagenten.com\/fi\/wp-json\/wp\/v2\/product\/111360\/revisions"}],"wp:featuredmedia":[{"embeddable":true,"href":"https:\/\/stylingagenten.com\/fi\/wp-json\/wp\/v2\/media\/111357"}],"wp:attachment":[{"href":"https:\/\/stylingagenten.com\/fi\/wp-json\/wp\/v2\/media?parent=111360"}],"wp:term":[{"taxonomy":"product_brand","embeddable":true,"href":"https:\/\/stylingagenten.com\/fi\/wp-json\/wp\/v2\/product_brand?post=111360"},{"taxonomy":"product_cat","embeddable":true,"href":"https:\/\/stylingagenten.com\/fi\/wp-json\/wp\/v2\/product_cat?post=111360"},{"taxonomy":"product_tag","embeddable":true,"href":"https:\/\/stylingagenten.com\/fi\/wp-json\/wp\/v2\/product_tag?post=111360"},{"taxonomy":"berocket_brand","embeddable":true,"href":"https:\/\/stylingagenten.com\/fi\/wp-json\/wp\/v2\/berocket_brand?post=111360"}],"curies":[{"name":"wp","href":"https:\/\/api.w.org\/{rel}","templated":true}]}}