{"id":111344,"date":"2025-05-18T20:58:41","date_gmt":"2025-05-18T20:58:41","guid":{"rendered":"https:\/\/staging2.stylingagenten.com\/fi\/produkt\/2-pack-david-beckham-intimately-for-him-edt-75ml\/"},"modified":"2026-04-14T08:48:40","modified_gmt":"2026-04-14T08:48:40","slug":"2-pack-david-beckham-intimately-for-him-edt-75ml","status":"publish","type":"product","link":"https:\/\/stylingagenten.com\/fi\/tuote\/2-pack-david-beckham-intimately-for-him-edt-75ml\/","title":{"rendered":"2-pack David Beckham Intimately For Him Edt 75ml"},"content":{"rendered":"<p>David Beckham on moderni parfyymi, jossa on puumaista &amp; mausteinen tuoksu, joka s\u00e4teilee l\u00e4mp\u00f6\u00e4 ja aistillisuutta.<\/p>\n<p><strong>Tuoksutuoksu:<\/strong> bergamotti, greippi, kardemumma, orvokki, muskottip\u00e4hkin\u00e4, t\u00e4htianis, santelipuu, patsuli &amp; keltainen.<\/p>\n","protected":false},"excerpt":{"rendered":"<p>David Beckham on moderni parfyymi, jossa on puumaista &amp; mausteinen tuoksu, joka s\u00e4teilee l\u00e4mp\u00f6\u00e4 ja aistillisuutta. Tuoksutuoksu: bergamotti, greippi, kardemumma, orvokki, muskottip\u00e4hkin\u00e4, t\u00e4htianis, santelipuu, patsuli &amp; keltainen.<\/p>\n","protected":false},"featured_media":111342,"comment_status":"open","ping_status":"closed","template":"","meta":{"_trash_the_other_posts":false},"product_brand":[],"product_cat":[752,535,674,1003],"product_tag":[],"berocket_brand":[1281],"class_list":{"0":"post-111344","1":"product","2":"type-product","3":"status-publish","4":"has-post-thumbnail","6":"product_cat-david-beckham-intimately","7":"product_cat-hajuvesi-miesten","8":"product_cat-monipakkaus-hajuvetta","9":"product_cat-myydyimmat","10":"pa_brand-david-beckham","11":"berocket_brand-david-beckham","13":"first","14":"instock","15":"sale","16":"taxable","17":"shipping-taxable","18":"purchasable","19":"product-type-simple"},"_links":{"self":[{"href":"https:\/\/stylingagenten.com\/fi\/wp-json\/wp\/v2\/product\/111344","targetHints":{"allow":["GET"]}}],"collection":[{"href":"https:\/\/stylingagenten.com\/fi\/wp-json\/wp\/v2\/product"}],"about":[{"href":"https:\/\/stylingagenten.com\/fi\/wp-json\/wp\/v2\/types\/product"}],"replies":[{"embeddable":true,"href":"https:\/\/stylingagenten.com\/fi\/wp-json\/wp\/v2\/comments?post=111344"}],"version-history":[{"count":0,"href":"https:\/\/stylingagenten.com\/fi\/wp-json\/wp\/v2\/product\/111344\/revisions"}],"wp:featuredmedia":[{"embeddable":true,"href":"https:\/\/stylingagenten.com\/fi\/wp-json\/wp\/v2\/media\/111342"}],"wp:attachment":[{"href":"https:\/\/stylingagenten.com\/fi\/wp-json\/wp\/v2\/media?parent=111344"}],"wp:term":[{"taxonomy":"product_brand","embeddable":true,"href":"https:\/\/stylingagenten.com\/fi\/wp-json\/wp\/v2\/product_brand?post=111344"},{"taxonomy":"product_cat","embeddable":true,"href":"https:\/\/stylingagenten.com\/fi\/wp-json\/wp\/v2\/product_cat?post=111344"},{"taxonomy":"product_tag","embeddable":true,"href":"https:\/\/stylingagenten.com\/fi\/wp-json\/wp\/v2\/product_tag?post=111344"},{"taxonomy":"berocket_brand","embeddable":true,"href":"https:\/\/stylingagenten.com\/fi\/wp-json\/wp\/v2\/berocket_brand?post=111344"}],"curies":[{"name":"wp","href":"https:\/\/api.w.org\/{rel}","templated":true}]}}