{"id":111318,"date":"2025-05-18T20:58:35","date_gmt":"2025-05-18T20:58:35","guid":{"rendered":"https:\/\/staging2.stylingagenten.com\/fi\/produkt\/burberry-brit-for-him-edt-50ml\/"},"modified":"2026-04-13T08:29:12","modified_gmt":"2026-04-13T08:29:12","slug":"burberry-brit-for-him-edt-50ml","status":"publish","type":"product","link":"https:\/\/stylingagenten.com\/fi\/tuote\/burberry-brit-for-him-edt-50ml\/","title":{"rendered":"Burberry Brit For Him Edt 50ml"},"content":{"rendered":"<p>Burberry Brit for Him on raikas it\u00e4mainen tuoksu, joka vangitsee modernin brittimiehen rennon eleganssin ja tyylitajun.<\/p>\n<p><strong>Tuoksun tuoksu:<\/strong> bergamotti, vihre\u00e4 mandariini, inkiv\u00e4\u00e4ri, kardemumma, muskottip\u00e4hkin\u00e4, setripuu, tonkapapu ja myski.<br \/>&nbsp;<\/p>\n","protected":false},"excerpt":{"rendered":"<p>Burberry Brit for Him on raikas it\u00e4mainen tuoksu, joka vangitsee modernin brittimiehen rennon eleganssin ja tyylitajun. Tuoksun tuoksu: bergamotti, vihre\u00e4 mandariini, inkiv\u00e4\u00e4ri, kardemumma, muskottip\u00e4hkin\u00e4, setripuu, tonkapapu ja myski.&nbsp;<\/p>\n","protected":false},"featured_media":111316,"comment_status":"open","ping_status":"closed","template":"","meta":{"_trash_the_other_posts":false},"product_brand":[],"product_cat":[773,1000,709,735],"product_tag":[2600],"berocket_brand":[1017],"class_list":{"0":"post-111318","1":"product","2":"type-product","3":"status-publish","4":"has-post-thumbnail","6":"product_cat-burberry-brit-man","7":"product_cat-kampanjatarjous-miehelle","8":"product_cat-miesten-eau-de-toilette","9":"product_cat-kampanjamme","10":"product_tag-burberry-brit-for-him-edt","11":"pa_brand-burberry","12":"pa_variantti-50ml","13":"berocket_brand-burberry","15":"first","16":"instock","17":"sale","18":"taxable","19":"shipping-taxable","20":"purchasable","21":"product-type-simple"},"_links":{"self":[{"href":"https:\/\/stylingagenten.com\/fi\/wp-json\/wp\/v2\/product\/111318","targetHints":{"allow":["GET"]}}],"collection":[{"href":"https:\/\/stylingagenten.com\/fi\/wp-json\/wp\/v2\/product"}],"about":[{"href":"https:\/\/stylingagenten.com\/fi\/wp-json\/wp\/v2\/types\/product"}],"replies":[{"embeddable":true,"href":"https:\/\/stylingagenten.com\/fi\/wp-json\/wp\/v2\/comments?post=111318"}],"version-history":[{"count":0,"href":"https:\/\/stylingagenten.com\/fi\/wp-json\/wp\/v2\/product\/111318\/revisions"}],"wp:featuredmedia":[{"embeddable":true,"href":"https:\/\/stylingagenten.com\/fi\/wp-json\/wp\/v2\/media\/111316"}],"wp:attachment":[{"href":"https:\/\/stylingagenten.com\/fi\/wp-json\/wp\/v2\/media?parent=111318"}],"wp:term":[{"taxonomy":"product_brand","embeddable":true,"href":"https:\/\/stylingagenten.com\/fi\/wp-json\/wp\/v2\/product_brand?post=111318"},{"taxonomy":"product_cat","embeddable":true,"href":"https:\/\/stylingagenten.com\/fi\/wp-json\/wp\/v2\/product_cat?post=111318"},{"taxonomy":"product_tag","embeddable":true,"href":"https:\/\/stylingagenten.com\/fi\/wp-json\/wp\/v2\/product_tag?post=111318"},{"taxonomy":"berocket_brand","embeddable":true,"href":"https:\/\/stylingagenten.com\/fi\/wp-json\/wp\/v2\/berocket_brand?post=111318"}],"curies":[{"name":"wp","href":"https:\/\/api.w.org\/{rel}","templated":true}]}}