{"id":111305,"date":"2025-05-18T20:58:32","date_gmt":"2025-05-18T20:58:32","guid":{"rendered":"https:\/\/staging2.stylingagenten.com\/fi\/produkt\/lalique-pour-homme-lion-edp-125ml\/"},"modified":"2026-04-09T21:08:26","modified_gmt":"2026-04-09T21:08:26","slug":"lalique-pour-homme-lion-edp-125ml","status":"publish","type":"product","link":"https:\/\/stylingagenten.com\/fi\/tuote\/lalique-pour-homme-lion-edp-125ml\/","title":{"rendered":"Lalique Pour Homme Lion Edp 125ml"},"content":{"rendered":"<p>LALIQUE POUR HOMME LION EdP on klassinen raikas, puumainen tuoksu elegantille ja hienostuneelle miehelle.<br \/>Koostumus, jossa yhdistyv\u00e4t virkist\u00e4v\u00e4t ja odottamattomat yl\u00e4tuoksut hienostuneisiin ja pohjatuoksuihin.&nbsp; <\/p>\n<p>Yl\u00e4tuoksu tuoksut: rosmariini, bergamotti, mandariini, greippi, laventeli<br \/>Syd\u00e4ntuoksu: orris, jasmiini, seetri<br \/>Pohjatuoksu: tammimo, ambra, patsuli, santelipuu, vanilja<\/p>\n","protected":false},"excerpt":{"rendered":"<p>LALIQUE POUR HOMME LION EdP on klassinen raikas, puumainen tuoksu elegantille ja hienostuneelle miehelle.Koostumus, jossa yhdistyv\u00e4t virkist\u00e4v\u00e4t ja odottamattomat yl\u00e4tuoksut hienostuneisiin ja pohjatuoksuihin.&nbsp; Yl\u00e4tuoksu tuoksut: rosmariini, bergamotti, mandariini, greippi, laventeliSyd\u00e4ntuoksu: orris, jasmiini, seetriPohjatuoksu: tammimo, ambra, patsuli, santelipuu, vanilja<\/p>\n","protected":false},"featured_media":111297,"comment_status":"open","ping_status":"closed","template":"","meta":{"_trash_the_other_posts":false},"product_brand":[],"product_cat":[708,1000,735],"product_tag":[3187],"berocket_brand":[1139],"class_list":{"0":"post-111305","1":"product","2":"type-product","3":"status-publish","4":"has-post-thumbnail","6":"product_cat-eau-de-parfum-miesten","7":"product_cat-kampanjatarjous-miehelle","8":"product_cat-kampanjamme","9":"product_tag-lalique-pour-homme-lion-edp","10":"pa_brand-lalique","11":"pa_variantti-125ml","12":"berocket_brand-lalique","14":"first","15":"instock","16":"sale","17":"taxable","18":"shipping-taxable","19":"purchasable","20":"product-type-simple"},"_links":{"self":[{"href":"https:\/\/stylingagenten.com\/fi\/wp-json\/wp\/v2\/product\/111305","targetHints":{"allow":["GET"]}}],"collection":[{"href":"https:\/\/stylingagenten.com\/fi\/wp-json\/wp\/v2\/product"}],"about":[{"href":"https:\/\/stylingagenten.com\/fi\/wp-json\/wp\/v2\/types\/product"}],"replies":[{"embeddable":true,"href":"https:\/\/stylingagenten.com\/fi\/wp-json\/wp\/v2\/comments?post=111305"}],"version-history":[{"count":0,"href":"https:\/\/stylingagenten.com\/fi\/wp-json\/wp\/v2\/product\/111305\/revisions"}],"wp:featuredmedia":[{"embeddable":true,"href":"https:\/\/stylingagenten.com\/fi\/wp-json\/wp\/v2\/media\/111297"}],"wp:attachment":[{"href":"https:\/\/stylingagenten.com\/fi\/wp-json\/wp\/v2\/media?parent=111305"}],"wp:term":[{"taxonomy":"product_brand","embeddable":true,"href":"https:\/\/stylingagenten.com\/fi\/wp-json\/wp\/v2\/product_brand?post=111305"},{"taxonomy":"product_cat","embeddable":true,"href":"https:\/\/stylingagenten.com\/fi\/wp-json\/wp\/v2\/product_cat?post=111305"},{"taxonomy":"product_tag","embeddable":true,"href":"https:\/\/stylingagenten.com\/fi\/wp-json\/wp\/v2\/product_tag?post=111305"},{"taxonomy":"berocket_brand","embeddable":true,"href":"https:\/\/stylingagenten.com\/fi\/wp-json\/wp\/v2\/berocket_brand?post=111305"}],"curies":[{"name":"wp","href":"https:\/\/api.w.org\/{rel}","templated":true}]}}