{"id":111301,"date":"2025-05-18T20:58:31","date_gmt":"2025-05-18T20:58:31","guid":{"rendered":"https:\/\/staging2.stylingagenten.com\/fi\/produkt\/john-varvatos-classic-edt-125ml\/"},"modified":"2026-04-14T20:16:28","modified_gmt":"2026-04-14T20:16:28","slug":"john-varvatos-classic-edt-125ml","status":"publish","type":"product","link":"https:\/\/stylingagenten.com\/fi\/tuote\/john-varvatos-classic-edt-125ml\/","title":{"rendered":"John Varvatos Classic Edt 125ml"},"content":{"rendered":"<p>John Varvatos Classic lanseerattiin vuonna 2004 ja siit\u00e4 on tullut br\u00e4ndin tunnustuoksu. Moderni ja elegantti tuoksu, joka viettelee ja kiehtoo.<br \/>Sen raikas ja raikas avaus haalistuu. aistillisemmissa syd\u00e4ntuoksuissa viikuna, salvia ja pippuri, syvyydess\u00e4 l\u00f6yd\u00e4t santelipuun, kanelin ja setripuun l\u00e4mpim\u00e4t pohjas\u00e4vyt. Fantastinen hieno tuoksu, joka sopii t\u00e4ydellisesti modernille ja hienostuneelle miehelle.<\/p>\n","protected":false},"excerpt":{"rendered":"<p>John Varvatos Classic lanseerattiin vuonna 2004 ja siit\u00e4 on tullut br\u00e4ndin tunnustuoksu. Moderni ja elegantti tuoksu, joka viettelee ja kiehtoo.Sen raikas ja raikas avaus haalistuu. aistillisemmissa syd\u00e4ntuoksuissa viikuna, salvia ja pippuri, syvyydess\u00e4 l\u00f6yd\u00e4t santelipuun, kanelin ja setripuun l\u00e4mpim\u00e4t pohjas\u00e4vyt. Fantastinen hieno tuoksu, joka sopii t\u00e4ydellisesti modernille ja hienostuneelle miehelle.<\/p>\n","protected":false},"featured_media":111294,"comment_status":"open","ping_status":"closed","template":"","meta":{"_trash_the_other_posts":false},"product_brand":[],"product_cat":[1000,709,735],"product_tag":[3056],"berocket_brand":[1146],"class_list":{"0":"post-111301","1":"product","2":"type-product","3":"status-publish","4":"has-post-thumbnail","6":"product_cat-kampanjatarjous-miehelle","7":"product_cat-miesten-eau-de-toilette","8":"product_cat-kampanjamme","9":"product_tag-john-varvatos-classic-edt","10":"pa_brand-john-varvatos","11":"pa_variantti-125ml","12":"berocket_brand-john-varvatos","14":"first","15":"instock","16":"sale","17":"taxable","18":"shipping-taxable","19":"purchasable","20":"product-type-simple"},"_links":{"self":[{"href":"https:\/\/stylingagenten.com\/fi\/wp-json\/wp\/v2\/product\/111301","targetHints":{"allow":["GET"]}}],"collection":[{"href":"https:\/\/stylingagenten.com\/fi\/wp-json\/wp\/v2\/product"}],"about":[{"href":"https:\/\/stylingagenten.com\/fi\/wp-json\/wp\/v2\/types\/product"}],"replies":[{"embeddable":true,"href":"https:\/\/stylingagenten.com\/fi\/wp-json\/wp\/v2\/comments?post=111301"}],"version-history":[{"count":0,"href":"https:\/\/stylingagenten.com\/fi\/wp-json\/wp\/v2\/product\/111301\/revisions"}],"wp:featuredmedia":[{"embeddable":true,"href":"https:\/\/stylingagenten.com\/fi\/wp-json\/wp\/v2\/media\/111294"}],"wp:attachment":[{"href":"https:\/\/stylingagenten.com\/fi\/wp-json\/wp\/v2\/media?parent=111301"}],"wp:term":[{"taxonomy":"product_brand","embeddable":true,"href":"https:\/\/stylingagenten.com\/fi\/wp-json\/wp\/v2\/product_brand?post=111301"},{"taxonomy":"product_cat","embeddable":true,"href":"https:\/\/stylingagenten.com\/fi\/wp-json\/wp\/v2\/product_cat?post=111301"},{"taxonomy":"product_tag","embeddable":true,"href":"https:\/\/stylingagenten.com\/fi\/wp-json\/wp\/v2\/product_tag?post=111301"},{"taxonomy":"berocket_brand","embeddable":true,"href":"https:\/\/stylingagenten.com\/fi\/wp-json\/wp\/v2\/berocket_brand?post=111301"}],"curies":[{"name":"wp","href":"https:\/\/api.w.org\/{rel}","templated":true}]}}