{"id":111226,"date":"2025-05-18T20:58:14","date_gmt":"2025-05-18T20:58:14","guid":{"rendered":"https:\/\/staging2.stylingagenten.com\/fi\/produkt\/ralph-lauren-big-pony-blue-edt-50-ml\/"},"modified":"2026-04-12T15:08:32","modified_gmt":"2026-04-12T15:08:32","slug":"ralph-lauren-big-pony-blue-edt-50-ml","status":"publish","type":"product","link":"https:\/\/stylingagenten.com\/fi\/tuote\/ralph-lauren-big-pony-blue-edt-50-ml\/","title":{"rendered":"Ralph Lauren Big Pony Blue EdT 50 ml"},"content":{"rendered":"<p>Ralph Lauren Big Pony Blue EdT 50 ml<\/p>\n<p>Ralph Lauren Polo Blue Men Edt on klassinen suosikki, jolla on raikas tuoksu. Sitruunan ja tammen tuoksujen ansiosta se sopii t\u00e4ydellisesti p\u00e4ivitt\u00e4iseen toimintaan.<\/p>\n<p>Tuoksutuoksu: limetti, greippi, tammi<\/p>\n","protected":false},"excerpt":{"rendered":"<p>Ralph Lauren Big Pony Blue EdT 50 ml Ralph Lauren Polo Blue Men Edt on klassinen suosikki, jolla on raikas tuoksu. Sitruunan ja tammen tuoksujen ansiosta se sopii t\u00e4ydellisesti p\u00e4ivitt\u00e4iseen toimintaan. Tuoksutuoksu: limetti, greippi, tammi<\/p>\n","protected":false},"featured_media":111222,"comment_status":"open","ping_status":"closed","template":"","meta":{"_trash_the_other_posts":false},"product_brand":[],"product_cat":[1000,709,735],"product_tag":[],"berocket_brand":[1015],"class_list":{"0":"post-111226","1":"product","2":"type-product","3":"status-publish","4":"has-post-thumbnail","6":"product_cat-kampanjatarjous-miehelle","7":"product_cat-miesten-eau-de-toilette","8":"product_cat-kampanjamme","9":"pa_brand-ralph-lauren","10":"berocket_brand-ralph-lauren","12":"first","13":"instock","14":"sale","15":"taxable","16":"shipping-taxable","17":"purchasable","18":"product-type-simple"},"_links":{"self":[{"href":"https:\/\/stylingagenten.com\/fi\/wp-json\/wp\/v2\/product\/111226","targetHints":{"allow":["GET"]}}],"collection":[{"href":"https:\/\/stylingagenten.com\/fi\/wp-json\/wp\/v2\/product"}],"about":[{"href":"https:\/\/stylingagenten.com\/fi\/wp-json\/wp\/v2\/types\/product"}],"replies":[{"embeddable":true,"href":"https:\/\/stylingagenten.com\/fi\/wp-json\/wp\/v2\/comments?post=111226"}],"version-history":[{"count":0,"href":"https:\/\/stylingagenten.com\/fi\/wp-json\/wp\/v2\/product\/111226\/revisions"}],"wp:featuredmedia":[{"embeddable":true,"href":"https:\/\/stylingagenten.com\/fi\/wp-json\/wp\/v2\/media\/111222"}],"wp:attachment":[{"href":"https:\/\/stylingagenten.com\/fi\/wp-json\/wp\/v2\/media?parent=111226"}],"wp:term":[{"taxonomy":"product_brand","embeddable":true,"href":"https:\/\/stylingagenten.com\/fi\/wp-json\/wp\/v2\/product_brand?post=111226"},{"taxonomy":"product_cat","embeddable":true,"href":"https:\/\/stylingagenten.com\/fi\/wp-json\/wp\/v2\/product_cat?post=111226"},{"taxonomy":"product_tag","embeddable":true,"href":"https:\/\/stylingagenten.com\/fi\/wp-json\/wp\/v2\/product_tag?post=111226"},{"taxonomy":"berocket_brand","embeddable":true,"href":"https:\/\/stylingagenten.com\/fi\/wp-json\/wp\/v2\/berocket_brand?post=111226"}],"curies":[{"name":"wp","href":"https:\/\/api.w.org\/{rel}","templated":true}]}}