{"id":111205,"date":"2025-05-18T20:58:09","date_gmt":"2025-05-18T20:58:09","guid":{"rendered":"https:\/\/staging2.stylingagenten.com\/fi\/produkt\/calvin-klein-ck-be-edt-200ml\/"},"modified":"2026-04-13T12:07:41","modified_gmt":"2026-04-13T12:07:41","slug":"calvin-klein-ck-be-edt-200ml","status":"publish","type":"product","link":"https:\/\/stylingagenten.com\/fi\/tuote\/calvin-klein-ck-be-edt-200ml\/","title":{"rendered":"Calvin Klein CK Be Edt 200ml"},"content":{"rendered":"<p>Calvin Klein CK Be on klassinen unisex-tuoksu, joka on hieman t\u00e4ytel\u00e4isempi ja it\u00e4maisempi kuin CK One. Tuoksuu hyv\u00e4lle bergamotin, santelipuun &amp; auml; ja meripihkaa.<\/p>\n<p><strong>Tuoksutuoksu:<\/strong> bergamotti, mandariini, kataja, minttu, magnolia, persikka, mausteet, meripihka, santelipuu; ja tonkab&ouml;na.<\/p>\n","protected":false},"excerpt":{"rendered":"<p>Calvin Klein CK Be on klassinen unisex-tuoksu, joka on hieman t\u00e4ytel\u00e4isempi ja it\u00e4maisempi kuin CK One. Tuoksuu hyv\u00e4lle bergamotin, santelipuun &amp; auml; ja meripihkaa. Tuoksutuoksu: bergamotti, mandariini, kataja, minttu, magnolia, persikka, mausteet, meripihka, santelipuu; ja tonkab&ouml;na.<\/p>\n","protected":false},"featured_media":111200,"comment_status":"open","ping_status":"closed","template":"","meta":{"_trash_the_other_posts":false},"product_brand":[],"product_cat":[748,713,1000,709,735],"product_tag":[2633],"berocket_brand":[1014],"class_list":{"0":"post-111205","1":"product","2":"type-product","3":"status-publish","4":"has-post-thumbnail","6":"product_cat-calvin-klein-ck-be","7":"product_cat-hajuvesi-unisex","8":"product_cat-kampanjatarjous-miehelle","9":"product_cat-miesten-eau-de-toilette","10":"product_cat-kampanjamme","11":"product_tag-calvin-klein-ck-be-edt","12":"pa_brand-calvin-klein","13":"pa_variantti-200ml","14":"berocket_brand-calvin-klein","16":"first","17":"instock","18":"sale","19":"taxable","20":"shipping-taxable","21":"purchasable","22":"product-type-simple"},"_links":{"self":[{"href":"https:\/\/stylingagenten.com\/fi\/wp-json\/wp\/v2\/product\/111205","targetHints":{"allow":["GET"]}}],"collection":[{"href":"https:\/\/stylingagenten.com\/fi\/wp-json\/wp\/v2\/product"}],"about":[{"href":"https:\/\/stylingagenten.com\/fi\/wp-json\/wp\/v2\/types\/product"}],"replies":[{"embeddable":true,"href":"https:\/\/stylingagenten.com\/fi\/wp-json\/wp\/v2\/comments?post=111205"}],"version-history":[{"count":0,"href":"https:\/\/stylingagenten.com\/fi\/wp-json\/wp\/v2\/product\/111205\/revisions"}],"wp:featuredmedia":[{"embeddable":true,"href":"https:\/\/stylingagenten.com\/fi\/wp-json\/wp\/v2\/media\/111200"}],"wp:attachment":[{"href":"https:\/\/stylingagenten.com\/fi\/wp-json\/wp\/v2\/media?parent=111205"}],"wp:term":[{"taxonomy":"product_brand","embeddable":true,"href":"https:\/\/stylingagenten.com\/fi\/wp-json\/wp\/v2\/product_brand?post=111205"},{"taxonomy":"product_cat","embeddable":true,"href":"https:\/\/stylingagenten.com\/fi\/wp-json\/wp\/v2\/product_cat?post=111205"},{"taxonomy":"product_tag","embeddable":true,"href":"https:\/\/stylingagenten.com\/fi\/wp-json\/wp\/v2\/product_tag?post=111205"},{"taxonomy":"berocket_brand","embeddable":true,"href":"https:\/\/stylingagenten.com\/fi\/wp-json\/wp\/v2\/berocket_brand?post=111205"}],"curies":[{"name":"wp","href":"https:\/\/api.w.org\/{rel}","templated":true}]}}