{"id":111181,"date":"2025-05-18T20:58:03","date_gmt":"2025-05-18T20:58:03","guid":{"rendered":"https:\/\/staging2.stylingagenten.com\/fi\/produkt\/ralph-lauren-polo-black-men-edt-125ml\/"},"modified":"2026-04-03T07:08:39","modified_gmt":"2026-04-03T07:08:39","slug":"ralph-lauren-polo-black-men-edt-125ml","status":"publish","type":"product","link":"https:\/\/stylingagenten.com\/fi\/tuote\/ralph-lauren-polo-black-men-edt-125ml\/","title":{"rendered":"Ralph Lauren Polo Black Men Edt 125ml"},"content":{"rendered":"<p>Polo Black on Ralph Laurenin trendik\u00e4s ja ter\u00e4v\u00e4 tuoksu.&nbsp;<\/p>\n<p>Yl\u00e4tuoksu: Mango, salvia,<br \/>Syd\u00e4ntuoksu: Silver Armoise, Hedione<br \/>Pohjatuoksu: Patchouli Noir, Santelipuu, Timberol, Tonkab&ouml;na<\/p>\n","protected":false},"excerpt":{"rendered":"<p>Polo Black on Ralph Laurenin trendik\u00e4s ja ter\u00e4v\u00e4 tuoksu.&nbsp; Yl\u00e4tuoksu: Mango, salvia,Syd\u00e4ntuoksu: Silver Armoise, HedionePohjatuoksu: Patchouli Noir, Santelipuu, Timberol, Tonkab&ouml;na<\/p>\n","protected":false},"featured_media":111180,"comment_status":"open","ping_status":"closed","template":"","meta":{"_trash_the_other_posts":false},"product_brand":[],"product_cat":[1000,709,1003,735],"product_tag":[3852],"berocket_brand":[1015],"class_list":{"0":"post-111181","1":"product","2":"type-product","3":"status-publish","4":"has-post-thumbnail","6":"product_cat-kampanjatarjous-miehelle","7":"product_cat-miesten-eau-de-toilette","8":"product_cat-myydyimmat","9":"product_cat-kampanjamme","10":"product_tag-ralph-lauren-polo-black-men-edt","11":"pa_brand-ralph-lauren","12":"pa_variantti-125ml","13":"berocket_brand-ralph-lauren","15":"first","16":"instock","17":"sale","18":"taxable","19":"shipping-taxable","20":"purchasable","21":"product-type-simple"},"_links":{"self":[{"href":"https:\/\/stylingagenten.com\/fi\/wp-json\/wp\/v2\/product\/111181","targetHints":{"allow":["GET"]}}],"collection":[{"href":"https:\/\/stylingagenten.com\/fi\/wp-json\/wp\/v2\/product"}],"about":[{"href":"https:\/\/stylingagenten.com\/fi\/wp-json\/wp\/v2\/types\/product"}],"replies":[{"embeddable":true,"href":"https:\/\/stylingagenten.com\/fi\/wp-json\/wp\/v2\/comments?post=111181"}],"version-history":[{"count":0,"href":"https:\/\/stylingagenten.com\/fi\/wp-json\/wp\/v2\/product\/111181\/revisions"}],"wp:featuredmedia":[{"embeddable":true,"href":"https:\/\/stylingagenten.com\/fi\/wp-json\/wp\/v2\/media\/111180"}],"wp:attachment":[{"href":"https:\/\/stylingagenten.com\/fi\/wp-json\/wp\/v2\/media?parent=111181"}],"wp:term":[{"taxonomy":"product_brand","embeddable":true,"href":"https:\/\/stylingagenten.com\/fi\/wp-json\/wp\/v2\/product_brand?post=111181"},{"taxonomy":"product_cat","embeddable":true,"href":"https:\/\/stylingagenten.com\/fi\/wp-json\/wp\/v2\/product_cat?post=111181"},{"taxonomy":"product_tag","embeddable":true,"href":"https:\/\/stylingagenten.com\/fi\/wp-json\/wp\/v2\/product_tag?post=111181"},{"taxonomy":"berocket_brand","embeddable":true,"href":"https:\/\/stylingagenten.com\/fi\/wp-json\/wp\/v2\/berocket_brand?post=111181"}],"curies":[{"name":"wp","href":"https:\/\/api.w.org\/{rel}","templated":true}]}}