{"id":111178,"date":"2025-05-18T20:58:02","date_gmt":"2025-05-18T20:58:02","guid":{"rendered":"https:\/\/staging2.stylingagenten.com\/fi\/produkt\/dior-sauvage-parfum-100ml\/"},"modified":"2026-03-18T13:47:33","modified_gmt":"2026-03-18T13:47:33","slug":"dior-sauvage-parfum-100ml","status":"publish","type":"product","link":"https:\/\/stylingagenten.com\/fi\/tuote\/dior-sauvage-parfum-100ml\/","title":{"rendered":"Dior Sauvage Parfum 100ml"},"content":{"rendered":"<p>Dior Sauvage on moderni ja aromaattinen tuoksu, joka koostuu \u00e4\u00e4rimm\u00e4isen ja tarkan laadun ainesosista. Diorin ainutlaatuinen luomus maskuliinisella ja mieleenpainuvalla allekirjoituksella. Parfum on tehokkaampi versio Edt:st\u00e4 \u200b\u200bja Edp:st\u00e4.<\/p>\n<p><strong>Tuoksutuoksu:<\/strong> bergamotti, laventeli, patsuli &amp; ambroksaani.<\/p>\n","protected":false},"excerpt":{"rendered":"<p>Dior Sauvage on moderni ja aromaattinen tuoksu, joka koostuu \u00e4\u00e4rimm\u00e4isen ja tarkan laadun ainesosista. Diorin ainutlaatuinen luomus maskuliinisella ja mieleenpainuvalla allekirjoituksella. Parfum on tehokkaampi versio Edt:st\u00e4 \u200b\u200bja Edp:st\u00e4. Tuoksutuoksu: bergamotti, laventeli, patsuli &amp; ambroksaani.<\/p>\n","protected":false},"featured_media":111176,"comment_status":"open","ping_status":"closed","template":"","meta":{"_trash_the_other_posts":false},"product_brand":[],"product_cat":[831,708,1000,1003,735],"product_tag":[2823],"berocket_brand":[1289],"class_list":{"0":"post-111178","1":"product","2":"type-product","3":"status-publish","4":"has-post-thumbnail","6":"product_cat-dior-sauvage","7":"product_cat-eau-de-parfum-miesten","8":"product_cat-kampanjatarjous-miehelle","9":"product_cat-myydyimmat","10":"product_cat-kampanjamme","11":"product_tag-dior-sauvage-parfum","12":"pa_brand-dior","13":"pa_variantti-100ml","14":"berocket_brand-dior","16":"first","17":"outofstock","18":"sale","19":"taxable","20":"shipping-taxable","21":"purchasable","22":"product-type-simple"},"_links":{"self":[{"href":"https:\/\/stylingagenten.com\/fi\/wp-json\/wp\/v2\/product\/111178","targetHints":{"allow":["GET"]}}],"collection":[{"href":"https:\/\/stylingagenten.com\/fi\/wp-json\/wp\/v2\/product"}],"about":[{"href":"https:\/\/stylingagenten.com\/fi\/wp-json\/wp\/v2\/types\/product"}],"replies":[{"embeddable":true,"href":"https:\/\/stylingagenten.com\/fi\/wp-json\/wp\/v2\/comments?post=111178"}],"version-history":[{"count":0,"href":"https:\/\/stylingagenten.com\/fi\/wp-json\/wp\/v2\/product\/111178\/revisions"}],"wp:featuredmedia":[{"embeddable":true,"href":"https:\/\/stylingagenten.com\/fi\/wp-json\/wp\/v2\/media\/111176"}],"wp:attachment":[{"href":"https:\/\/stylingagenten.com\/fi\/wp-json\/wp\/v2\/media?parent=111178"}],"wp:term":[{"taxonomy":"product_brand","embeddable":true,"href":"https:\/\/stylingagenten.com\/fi\/wp-json\/wp\/v2\/product_brand?post=111178"},{"taxonomy":"product_cat","embeddable":true,"href":"https:\/\/stylingagenten.com\/fi\/wp-json\/wp\/v2\/product_cat?post=111178"},{"taxonomy":"product_tag","embeddable":true,"href":"https:\/\/stylingagenten.com\/fi\/wp-json\/wp\/v2\/product_tag?post=111178"},{"taxonomy":"berocket_brand","embeddable":true,"href":"https:\/\/stylingagenten.com\/fi\/wp-json\/wp\/v2\/berocket_brand?post=111178"}],"curies":[{"name":"wp","href":"https:\/\/api.w.org\/{rel}","templated":true}]}}