{"id":111169,"date":"2025-05-18T20:58:00","date_gmt":"2025-05-18T20:58:00","guid":{"rendered":"https:\/\/staging2.stylingagenten.com\/fi\/produkt\/diesel-fuel-for-life-for-him-edt-125ml\/"},"modified":"2025-11-19T11:51:39","modified_gmt":"2025-11-19T11:51:39","slug":"diesel-fuel-for-life-for-him-edt-125ml","status":"publish","type":"product","link":"https:\/\/stylingagenten.com\/fi\/tuote\/diesel-fuel-for-life-for-him-edt-125ml\/","title":{"rendered":"Diesel Fuel For Life For Him Edt 125ml"},"content":{"rendered":"<p>Diesel Fuel For Life For Him on moderni ja aromaattinen tuoksu, jossa on muun muassa t\u00e4htianista, greippi\u00e4 ja puuta. Yhdess\u00e4 ainesosat muodostavat maskuliinisen ja luonteenomaisen koostumuksen.<\/p>\n<p><strong>Tuoksutuoksu:<\/strong> t\u00e4htianis, greippi, laventeli, vadelma, heliotop, orapihlaja, vanilja, vetiver &amp; setripuu&auml;.<\/p>\n","protected":false},"excerpt":{"rendered":"<p>Diesel Fuel For Life For Him on moderni ja aromaattinen tuoksu, jossa on muun muassa t\u00e4htianista, greippi\u00e4 ja puuta. Yhdess\u00e4 ainesosat muodostavat maskuliinisen ja luonteenomaisen koostumuksen. Tuoksutuoksu: t\u00e4htianis, greippi, laventeli, vadelma, heliotop, orapihlaja, vanilja, vetiver &amp; setripuu&auml;.<\/p>\n","protected":false},"featured_media":169684,"comment_status":"open","ping_status":"closed","template":"","meta":{"_trash_the_other_posts":false},"product_brand":[],"product_cat":[828,709],"product_tag":[2802],"berocket_brand":[1288],"class_list":{"0":"post-111169","1":"product","2":"type-product","3":"status-publish","4":"has-post-thumbnail","6":"product_cat-diesel-fuel-for-life-man","7":"product_cat-miesten-eau-de-toilette","8":"product_tag-diesel-fuel-for-life-for-him-edt","9":"pa_brand-diesel","10":"pa_variantti-125ml","11":"berocket_brand-diesel","13":"first","14":"outofstock","15":"sale","16":"taxable","17":"shipping-taxable","18":"purchasable","19":"product-type-simple"},"_links":{"self":[{"href":"https:\/\/stylingagenten.com\/fi\/wp-json\/wp\/v2\/product\/111169","targetHints":{"allow":["GET"]}}],"collection":[{"href":"https:\/\/stylingagenten.com\/fi\/wp-json\/wp\/v2\/product"}],"about":[{"href":"https:\/\/stylingagenten.com\/fi\/wp-json\/wp\/v2\/types\/product"}],"replies":[{"embeddable":true,"href":"https:\/\/stylingagenten.com\/fi\/wp-json\/wp\/v2\/comments?post=111169"}],"version-history":[{"count":0,"href":"https:\/\/stylingagenten.com\/fi\/wp-json\/wp\/v2\/product\/111169\/revisions"}],"wp:featuredmedia":[{"embeddable":true,"href":"https:\/\/stylingagenten.com\/fi\/wp-json\/wp\/v2\/media\/169684"}],"wp:attachment":[{"href":"https:\/\/stylingagenten.com\/fi\/wp-json\/wp\/v2\/media?parent=111169"}],"wp:term":[{"taxonomy":"product_brand","embeddable":true,"href":"https:\/\/stylingagenten.com\/fi\/wp-json\/wp\/v2\/product_brand?post=111169"},{"taxonomy":"product_cat","embeddable":true,"href":"https:\/\/stylingagenten.com\/fi\/wp-json\/wp\/v2\/product_cat?post=111169"},{"taxonomy":"product_tag","embeddable":true,"href":"https:\/\/stylingagenten.com\/fi\/wp-json\/wp\/v2\/product_tag?post=111169"},{"taxonomy":"berocket_brand","embeddable":true,"href":"https:\/\/stylingagenten.com\/fi\/wp-json\/wp\/v2\/berocket_brand?post=111169"}],"curies":[{"name":"wp","href":"https:\/\/api.w.org\/{rel}","templated":true}]}}