{"id":111146,"date":"2025-05-18T20:57:54","date_gmt":"2025-05-18T20:57:54","guid":{"rendered":"https:\/\/staging2.stylingagenten.com\/fi\/produkt\/creed-original-vetiver-edp-50ml\/"},"modified":"2026-03-26T18:21:58","modified_gmt":"2026-03-26T18:21:58","slug":"creed-original-vetiver-edp-50ml","status":"publish","type":"product","link":"https:\/\/stylingagenten.com\/fi\/tuote\/creed-original-vetiver-edp-50ml\/","title":{"rendered":"Creed Original Vetiver Edp 50ml"},"content":{"rendered":"<p>Creedin <\/p>\n<p><strong>Original Vetiver<\/strong> on puinen, mausteinen tuoksu naisille ja miehille. Alkuper\u00e4inen vetiver lanseerattiin vuonna 2004.<\/p>\n<p>Alkutuoksu: bergamotti, inkiv\u00e4\u00e4ri ja mandariini<br \/>Syd\u00e4ntuoksu: Haitin vetiveria, santelipuu; ja Iris<br \/>Pohjatuoksu: myski ja ambra.<\/p>\n","protected":false},"excerpt":{"rendered":"<p>Creedin Original Vetiver on puinen, mausteinen tuoksu naisille ja miehille. Alkuper\u00e4inen vetiver lanseerattiin vuonna 2004. Alkutuoksu: bergamotti, inkiv\u00e4\u00e4ri ja mandariiniSyd\u00e4ntuoksu: Haitin vetiveria, santelipuu; ja IrisPohjatuoksu: myski ja ambra.<\/p>\n","protected":false},"featured_media":111145,"comment_status":"open","ping_status":"closed","template":"","meta":{"_trash_the_other_posts":false},"product_brand":[],"product_cat":[708,1000,735],"product_tag":[2741],"berocket_brand":[1236],"class_list":{"0":"post-111146","1":"product","2":"type-product","3":"status-publish","4":"has-post-thumbnail","6":"product_cat-eau-de-parfum-miesten","7":"product_cat-kampanjatarjous-miehelle","8":"product_cat-kampanjamme","9":"product_tag-creed-original-vetiver-edp","10":"pa_brand-creed","11":"pa_variantti-50ml","12":"berocket_brand-creed","14":"first","15":"instock","16":"sale","17":"taxable","18":"shipping-taxable","19":"purchasable","20":"product-type-simple"},"_links":{"self":[{"href":"https:\/\/stylingagenten.com\/fi\/wp-json\/wp\/v2\/product\/111146","targetHints":{"allow":["GET"]}}],"collection":[{"href":"https:\/\/stylingagenten.com\/fi\/wp-json\/wp\/v2\/product"}],"about":[{"href":"https:\/\/stylingagenten.com\/fi\/wp-json\/wp\/v2\/types\/product"}],"replies":[{"embeddable":true,"href":"https:\/\/stylingagenten.com\/fi\/wp-json\/wp\/v2\/comments?post=111146"}],"version-history":[{"count":0,"href":"https:\/\/stylingagenten.com\/fi\/wp-json\/wp\/v2\/product\/111146\/revisions"}],"wp:featuredmedia":[{"embeddable":true,"href":"https:\/\/stylingagenten.com\/fi\/wp-json\/wp\/v2\/media\/111145"}],"wp:attachment":[{"href":"https:\/\/stylingagenten.com\/fi\/wp-json\/wp\/v2\/media?parent=111146"}],"wp:term":[{"taxonomy":"product_brand","embeddable":true,"href":"https:\/\/stylingagenten.com\/fi\/wp-json\/wp\/v2\/product_brand?post=111146"},{"taxonomy":"product_cat","embeddable":true,"href":"https:\/\/stylingagenten.com\/fi\/wp-json\/wp\/v2\/product_cat?post=111146"},{"taxonomy":"product_tag","embeddable":true,"href":"https:\/\/stylingagenten.com\/fi\/wp-json\/wp\/v2\/product_tag?post=111146"},{"taxonomy":"berocket_brand","embeddable":true,"href":"https:\/\/stylingagenten.com\/fi\/wp-json\/wp\/v2\/berocket_brand?post=111146"}],"curies":[{"name":"wp","href":"https:\/\/api.w.org\/{rel}","templated":true}]}}