{"id":111138,"date":"2025-05-18T20:57:51","date_gmt":"2025-05-18T20:57:51","guid":{"rendered":"https:\/\/staging2.stylingagenten.com\/fi\/produkt\/creed-silver-mountain-water-edp-100ml\/"},"modified":"2026-03-25T14:28:57","modified_gmt":"2026-03-25T14:28:57","slug":"creed-silver-mountain-water-edp-100ml","status":"publish","type":"product","link":"https:\/\/stylingagenten.com\/fi\/tuote\/creed-silver-mountain-water-edp-100ml\/","title":{"rendered":"Creed Silver Mountain Water Edp 100ml"},"content":{"rendered":"<p>Creedin <\/p>\n<p><strong>Silver Mountain Water<\/strong> on aromaattinen tuoksu naisille ja miehille. Silver Mountain Water lanseerattiin vuonna 1995. Silver Mountain Water on suunniteltu tuomaan mieleen Sveitsin Alppien kuohuvat vesivirrat.<\/p>\n<p>Yl\u00e4tuoksu: Bergamotti ja mandariini<br \/>Syd\u00e4ntuoksu: Vihre\u00e4 tee ja mustat viiniryp\u00e4leet<br \/>Pohjatuoksu: Myski, petitgrain, santelipuu; ja galbanumi.<\/p>\n","protected":false},"excerpt":{"rendered":"<p>Creedin Silver Mountain Water on aromaattinen tuoksu naisille ja miehille. Silver Mountain Water lanseerattiin vuonna 1995. Silver Mountain Water on suunniteltu tuomaan mieleen Sveitsin Alppien kuohuvat vesivirrat. Yl\u00e4tuoksu: Bergamotti ja mandariiniSyd\u00e4ntuoksu: Vihre\u00e4 tee ja mustat viiniryp\u00e4leetPohjatuoksu: Myski, petitgrain, santelipuu; ja galbanumi.<\/p>\n","protected":false},"featured_media":111136,"comment_status":"open","ping_status":"closed","template":"","meta":{"_trash_the_other_posts":false},"product_brand":[],"product_cat":[708,1000,735],"product_tag":[2744],"berocket_brand":[1236],"class_list":{"0":"post-111138","1":"product","2":"type-product","3":"status-publish","4":"has-post-thumbnail","6":"product_cat-eau-de-parfum-miesten","7":"product_cat-kampanjatarjous-miehelle","8":"product_cat-kampanjamme","9":"product_tag-creed-silver-mountain-water-edp","10":"pa_brand-creed","11":"pa_variantti-100ml","12":"berocket_brand-creed","14":"first","15":"instock","16":"sale","17":"taxable","18":"shipping-taxable","19":"purchasable","20":"product-type-simple"},"_links":{"self":[{"href":"https:\/\/stylingagenten.com\/fi\/wp-json\/wp\/v2\/product\/111138","targetHints":{"allow":["GET"]}}],"collection":[{"href":"https:\/\/stylingagenten.com\/fi\/wp-json\/wp\/v2\/product"}],"about":[{"href":"https:\/\/stylingagenten.com\/fi\/wp-json\/wp\/v2\/types\/product"}],"replies":[{"embeddable":true,"href":"https:\/\/stylingagenten.com\/fi\/wp-json\/wp\/v2\/comments?post=111138"}],"version-history":[{"count":0,"href":"https:\/\/stylingagenten.com\/fi\/wp-json\/wp\/v2\/product\/111138\/revisions"}],"wp:featuredmedia":[{"embeddable":true,"href":"https:\/\/stylingagenten.com\/fi\/wp-json\/wp\/v2\/media\/111136"}],"wp:attachment":[{"href":"https:\/\/stylingagenten.com\/fi\/wp-json\/wp\/v2\/media?parent=111138"}],"wp:term":[{"taxonomy":"product_brand","embeddable":true,"href":"https:\/\/stylingagenten.com\/fi\/wp-json\/wp\/v2\/product_brand?post=111138"},{"taxonomy":"product_cat","embeddable":true,"href":"https:\/\/stylingagenten.com\/fi\/wp-json\/wp\/v2\/product_cat?post=111138"},{"taxonomy":"product_tag","embeddable":true,"href":"https:\/\/stylingagenten.com\/fi\/wp-json\/wp\/v2\/product_tag?post=111138"},{"taxonomy":"berocket_brand","embeddable":true,"href":"https:\/\/stylingagenten.com\/fi\/wp-json\/wp\/v2\/berocket_brand?post=111138"}],"curies":[{"name":"wp","href":"https:\/\/api.w.org\/{rel}","templated":true}]}}