{"id":111135,"date":"2025-05-18T20:57:51","date_gmt":"2025-05-18T20:57:51","guid":{"rendered":"https:\/\/staging2.stylingagenten.com\/fi\/produkt\/dolce-gabbana-the-one-for-men-edt-100ml\/"},"modified":"2026-03-29T10:58:32","modified_gmt":"2026-03-29T10:58:32","slug":"dolce-gabbana-the-one-for-men-edt-100ml","status":"publish","type":"product","link":"https:\/\/stylingagenten.com\/fi\/tuote\/dolce-gabbana-the-one-for-men-edt-100ml\/","title":{"rendered":"Dolce &amp; Gabbana The One For Men Edt 100ml"},"content":{"rendered":"<p>Dolce &amp; Gabbana The One For Men on tyylik\u00e4s, aistillinen ja mausteinen it\u00e4mainen tuoksu, joka on kehitetty sopusoinnussa tupakan ja hienostuneen puun kanssa. Tuoksu nykyajan miehelle, jonka mielest\u00e4 itsest\u00e4\u00e4n huolehtiminen on itsest\u00e4\u00e4n selv\u00e4\u00e4.<\/p>\n<p><strong>Tuoksutuoksu:&nbsp;<\/strong>greippi, korianteri, basilika, kardemumma, inkiv\u00e4\u00e4ri, appelsiinin kukka, setri, meripihka &amp; amp; tupakkakasvi.<\/p>\n","protected":false},"excerpt":{"rendered":"<p>Dolce &amp; Gabbana The One For Men on tyylik\u00e4s, aistillinen ja mausteinen it\u00e4mainen tuoksu, joka on kehitetty sopusoinnussa tupakan ja hienostuneen puun kanssa. Tuoksu nykyajan miehelle, jonka mielest\u00e4 itsest\u00e4\u00e4n huolehtiminen on itsest\u00e4\u00e4n selv\u00e4\u00e4. Tuoksutuoksu:&nbsp;greippi, korianteri, basilika, kardemumma, inkiv\u00e4\u00e4ri, appelsiinin kukka, setri, meripihka &amp; amp; tupakkakasvi.<\/p>\n","protected":false},"featured_media":111133,"comment_status":"open","ping_status":"closed","template":"","meta":{"_trash_the_other_posts":false},"product_brand":[],"product_cat":[1000,709,1003,735],"product_tag":[2842],"berocket_brand":[1292],"class_list":{"0":"post-111135","1":"product","2":"type-product","3":"status-publish","4":"has-post-thumbnail","6":"product_cat-kampanjatarjous-miehelle","7":"product_cat-miesten-eau-de-toilette","8":"product_cat-myydyimmat","9":"product_cat-kampanjamme","10":"product_tag-dolce-gabbana-the-one-for-men-edt","11":"pa_brand-dolce-gabbana","12":"pa_variantti-100ml","13":"berocket_brand-dolce-gabbana","15":"first","16":"instock","17":"sale","18":"taxable","19":"shipping-taxable","20":"purchasable","21":"product-type-simple"},"_links":{"self":[{"href":"https:\/\/stylingagenten.com\/fi\/wp-json\/wp\/v2\/product\/111135","targetHints":{"allow":["GET"]}}],"collection":[{"href":"https:\/\/stylingagenten.com\/fi\/wp-json\/wp\/v2\/product"}],"about":[{"href":"https:\/\/stylingagenten.com\/fi\/wp-json\/wp\/v2\/types\/product"}],"replies":[{"embeddable":true,"href":"https:\/\/stylingagenten.com\/fi\/wp-json\/wp\/v2\/comments?post=111135"}],"version-history":[{"count":0,"href":"https:\/\/stylingagenten.com\/fi\/wp-json\/wp\/v2\/product\/111135\/revisions"}],"wp:featuredmedia":[{"embeddable":true,"href":"https:\/\/stylingagenten.com\/fi\/wp-json\/wp\/v2\/media\/111133"}],"wp:attachment":[{"href":"https:\/\/stylingagenten.com\/fi\/wp-json\/wp\/v2\/media?parent=111135"}],"wp:term":[{"taxonomy":"product_brand","embeddable":true,"href":"https:\/\/stylingagenten.com\/fi\/wp-json\/wp\/v2\/product_brand?post=111135"},{"taxonomy":"product_cat","embeddable":true,"href":"https:\/\/stylingagenten.com\/fi\/wp-json\/wp\/v2\/product_cat?post=111135"},{"taxonomy":"product_tag","embeddable":true,"href":"https:\/\/stylingagenten.com\/fi\/wp-json\/wp\/v2\/product_tag?post=111135"},{"taxonomy":"berocket_brand","embeddable":true,"href":"https:\/\/stylingagenten.com\/fi\/wp-json\/wp\/v2\/berocket_brand?post=111135"}],"curies":[{"name":"wp","href":"https:\/\/api.w.org\/{rel}","templated":true}]}}