{"id":111132,"date":"2025-05-18T20:57:50","date_gmt":"2025-05-18T20:57:50","guid":{"rendered":"https:\/\/staging2.stylingagenten.com\/fi\/produkt\/moschino-toy-boy-mini-edp-5ml\/"},"modified":"2026-04-07T19:17:45","modified_gmt":"2026-04-07T19:17:45","slug":"moschino-toy-boy-mini-edp-5ml","status":"publish","type":"product","link":"https:\/\/stylingagenten.com\/fi\/tuote\/moschino-toy-boy-mini-edp-5ml\/","title":{"rendered":"Moschino Toy Boy Mini Edp 5ml"},"content":{"rendered":"<p>Toy Boy Eau de Parfum, Moschinon uusi ikoninen tuoksu.<br \/>Toy Boy on eksklusiivinen tuoksu, joka tulkitsee eleganssia ripauksella ironiaa. Se puhuttelee ainutlaatuista, dynaamista, innostunutta ja intohimoista henkil\u00f6\u00e4, joka ei pelk\u00e4\u00e4 n\u00e4ytt\u00e4\u00e4 makeaa ja leikkis\u00e4\u00e4 puoltaan.<\/p>\n<p>Yl\u00e4tuoksu: italialainen bergamotti, p\u00e4\u00e4ryn\u00e4, muskottip\u00e4hkin\u00e4, vaaleanpunainen pippuri ja neilikka.<br \/> Syd\u00e4ntuoksu: Magnolia, ruusun ja pellavan kukat, kashmir<br \/>Pohjatuoksu: meripihka, vetiveria\u00f6ljy<\/p>\n","protected":false},"excerpt":{"rendered":"<p>Toy Boy Eau de Parfum, Moschinon uusi ikoninen tuoksu.Toy Boy on eksklusiivinen tuoksu, joka tulkitsee eleganssia ripauksella ironiaa. Se puhuttelee ainutlaatuista, dynaamista, innostunutta ja intohimoista henkil\u00f6\u00e4, joka ei pelk\u00e4\u00e4 n\u00e4ytt\u00e4\u00e4 makeaa ja leikkis\u00e4\u00e4 puoltaan. Yl\u00e4tuoksu: italialainen bergamotti, p\u00e4\u00e4ryn\u00e4, muskottip\u00e4hkin\u00e4, vaaleanpunainen pippuri ja neilikka. Syd\u00e4ntuoksu: Magnolia, ruusun ja pellavan kukat, kashmirPohjatuoksu: meripihka, vetiveria\u00f6ljy<\/p>\n","protected":false},"featured_media":111130,"comment_status":"open","ping_status":"closed","template":"","meta":{"_trash_the_other_posts":false},"product_brand":[],"product_cat":[708,1000,735],"product_tag":[],"berocket_brand":[1084],"class_list":{"0":"post-111132","1":"product","2":"type-product","3":"status-publish","4":"has-post-thumbnail","6":"product_cat-eau-de-parfum-miesten","7":"product_cat-kampanjatarjous-miehelle","8":"product_cat-kampanjamme","9":"pa_brand-moschino","10":"berocket_brand-moschino","12":"first","13":"instock","14":"sale","15":"taxable","16":"shipping-taxable","17":"purchasable","18":"product-type-simple"},"_links":{"self":[{"href":"https:\/\/stylingagenten.com\/fi\/wp-json\/wp\/v2\/product\/111132","targetHints":{"allow":["GET"]}}],"collection":[{"href":"https:\/\/stylingagenten.com\/fi\/wp-json\/wp\/v2\/product"}],"about":[{"href":"https:\/\/stylingagenten.com\/fi\/wp-json\/wp\/v2\/types\/product"}],"replies":[{"embeddable":true,"href":"https:\/\/stylingagenten.com\/fi\/wp-json\/wp\/v2\/comments?post=111132"}],"version-history":[{"count":0,"href":"https:\/\/stylingagenten.com\/fi\/wp-json\/wp\/v2\/product\/111132\/revisions"}],"wp:featuredmedia":[{"embeddable":true,"href":"https:\/\/stylingagenten.com\/fi\/wp-json\/wp\/v2\/media\/111130"}],"wp:attachment":[{"href":"https:\/\/stylingagenten.com\/fi\/wp-json\/wp\/v2\/media?parent=111132"}],"wp:term":[{"taxonomy":"product_brand","embeddable":true,"href":"https:\/\/stylingagenten.com\/fi\/wp-json\/wp\/v2\/product_brand?post=111132"},{"taxonomy":"product_cat","embeddable":true,"href":"https:\/\/stylingagenten.com\/fi\/wp-json\/wp\/v2\/product_cat?post=111132"},{"taxonomy":"product_tag","embeddable":true,"href":"https:\/\/stylingagenten.com\/fi\/wp-json\/wp\/v2\/product_tag?post=111132"},{"taxonomy":"berocket_brand","embeddable":true,"href":"https:\/\/stylingagenten.com\/fi\/wp-json\/wp\/v2\/berocket_brand?post=111132"}],"curies":[{"name":"wp","href":"https:\/\/api.w.org\/{rel}","templated":true}]}}