{"id":111085,"date":"2025-05-18T20:57:37","date_gmt":"2025-05-18T20:57:37","guid":{"rendered":"https:\/\/staging2.stylingagenten.com\/fi\/produkt\/guess-man-gold-edt-75ml\/"},"modified":"2026-03-11T21:53:12","modified_gmt":"2026-03-11T21:53:12","slug":"guess-man-gold-edt-75ml","status":"publish","type":"product","link":"https:\/\/stylingagenten.com\/fi\/tuote\/guess-man-gold-edt-75ml\/","title":{"rendered":"Guess Man Gold Edt 75ml"},"content":{"rendered":"<p>Vahva, rohkea ja seksik\u00e4s. GUESS Manin inspiroima raikas tuoksu on puhdas mutta muuttuva; aistillinen ja hieman huumaava.<\/p>\n<p>Alkutuoksu: Maltainen<br \/>Syd\u00e4ntuoksu: Laventeli, valkopippuri, inkiv\u00e4\u00e4ri, muskottip\u00e4hkin\u00e4<br \/>Pohjatuoksu: Kuusi, santelipuu, meripihka, myski, mokka, perubalsami<\/p>\n","protected":false},"excerpt":{"rendered":"<p>Vahva, rohkea ja seksik\u00e4s. GUESS Manin inspiroima raikas tuoksu on puhdas mutta muuttuva; aistillinen ja hieman huumaava. Alkutuoksu: MaltainenSyd\u00e4ntuoksu: Laventeli, valkopippuri, inkiv\u00e4\u00e4ri, muskottip\u00e4hkin\u00e4Pohjatuoksu: Kuusi, santelipuu, meripihka, myski, mokka, perubalsami<\/p>\n","protected":false},"featured_media":111081,"comment_status":"open","ping_status":"closed","template":"","meta":{"_trash_the_other_posts":false},"product_brand":[],"product_cat":[1000,709,735],"product_tag":[],"berocket_brand":[1331],"class_list":{"0":"post-111085","1":"product","2":"type-product","3":"status-publish","4":"has-post-thumbnail","6":"product_cat-kampanjatarjous-miehelle","7":"product_cat-miesten-eau-de-toilette","8":"product_cat-kampanjamme","9":"pa_brand-guess","10":"berocket_brand-guess","12":"first","13":"instock","14":"sale","15":"taxable","16":"shipping-taxable","17":"purchasable","18":"product-type-simple"},"_links":{"self":[{"href":"https:\/\/stylingagenten.com\/fi\/wp-json\/wp\/v2\/product\/111085","targetHints":{"allow":["GET"]}}],"collection":[{"href":"https:\/\/stylingagenten.com\/fi\/wp-json\/wp\/v2\/product"}],"about":[{"href":"https:\/\/stylingagenten.com\/fi\/wp-json\/wp\/v2\/types\/product"}],"replies":[{"embeddable":true,"href":"https:\/\/stylingagenten.com\/fi\/wp-json\/wp\/v2\/comments?post=111085"}],"version-history":[{"count":0,"href":"https:\/\/stylingagenten.com\/fi\/wp-json\/wp\/v2\/product\/111085\/revisions"}],"wp:featuredmedia":[{"embeddable":true,"href":"https:\/\/stylingagenten.com\/fi\/wp-json\/wp\/v2\/media\/111081"}],"wp:attachment":[{"href":"https:\/\/stylingagenten.com\/fi\/wp-json\/wp\/v2\/media?parent=111085"}],"wp:term":[{"taxonomy":"product_brand","embeddable":true,"href":"https:\/\/stylingagenten.com\/fi\/wp-json\/wp\/v2\/product_brand?post=111085"},{"taxonomy":"product_cat","embeddable":true,"href":"https:\/\/stylingagenten.com\/fi\/wp-json\/wp\/v2\/product_cat?post=111085"},{"taxonomy":"product_tag","embeddable":true,"href":"https:\/\/stylingagenten.com\/fi\/wp-json\/wp\/v2\/product_tag?post=111085"},{"taxonomy":"berocket_brand","embeddable":true,"href":"https:\/\/stylingagenten.com\/fi\/wp-json\/wp\/v2\/berocket_brand?post=111085"}],"curies":[{"name":"wp","href":"https:\/\/api.w.org\/{rel}","templated":true}]}}