{"id":111054,"date":"2025-05-18T20:57:30","date_gmt":"2025-05-18T20:57:30","guid":{"rendered":"https:\/\/staging2.stylingagenten.com\/fi\/produkt\/paco-rabanne-dangerous-me-edp-62ml\/"},"modified":"2026-03-22T14:07:33","modified_gmt":"2026-03-22T14:07:33","slug":"paco-rabanne-dangerous-me-edp-62ml","status":"publish","type":"product","link":"https:\/\/stylingagenten.com\/fi\/tuote\/paco-rabanne-dangerous-me-edp-62ml\/","title":{"rendered":"Paco Rabanne Dangerous Me Edp 62ml"},"content":{"rendered":"<p>Dangerous Me.<br \/>R\u00f6yhke\u00e4, mieleenpainuva, pysyv\u00e4, iholle kaiverrettu tuoksullinen tatuointi. Musteen ja vaniljan tuoksu, rikastettu harmaalla meripihkalla, inkiv\u00e4\u00e4rill\u00e4 ja setrill\u00e4. Sokeri ja mauste tummalla, puumaisella vivahteella.<\/p>\n","protected":false},"excerpt":{"rendered":"<p>Dangerous Me.R\u00f6yhke\u00e4, mieleenpainuva, pysyv\u00e4, iholle kaiverrettu tuoksullinen tatuointi. Musteen ja vaniljan tuoksu, rikastettu harmaalla meripihkalla, inkiv\u00e4\u00e4rill\u00e4 ja setrill\u00e4. Sokeri ja mauste tummalla, puumaisella vivahteella.<\/p>\n","protected":false},"featured_media":111053,"comment_status":"open","ping_status":"closed","template":"","meta":{"_trash_the_other_posts":false},"product_brand":[],"product_cat":[708,713,1006,1000,735],"product_tag":[],"berocket_brand":[1048],"class_list":{"0":"post-111054","1":"product","2":"type-product","3":"status-publish","4":"has-post-thumbnail","6":"product_cat-eau-de-parfum-miesten","7":"product_cat-hajuvesi-unisex","8":"product_cat-kampanjahinta","9":"product_cat-kampanjatarjous-miehelle","10":"product_cat-kampanjamme","11":"pa_brand-paco-rabanne","12":"berocket_brand-paco-rabanne","14":"first","15":"instock","16":"sale","17":"taxable","18":"shipping-taxable","19":"purchasable","20":"product-type-simple"},"_links":{"self":[{"href":"https:\/\/stylingagenten.com\/fi\/wp-json\/wp\/v2\/product\/111054","targetHints":{"allow":["GET"]}}],"collection":[{"href":"https:\/\/stylingagenten.com\/fi\/wp-json\/wp\/v2\/product"}],"about":[{"href":"https:\/\/stylingagenten.com\/fi\/wp-json\/wp\/v2\/types\/product"}],"replies":[{"embeddable":true,"href":"https:\/\/stylingagenten.com\/fi\/wp-json\/wp\/v2\/comments?post=111054"}],"version-history":[{"count":0,"href":"https:\/\/stylingagenten.com\/fi\/wp-json\/wp\/v2\/product\/111054\/revisions"}],"wp:featuredmedia":[{"embeddable":true,"href":"https:\/\/stylingagenten.com\/fi\/wp-json\/wp\/v2\/media\/111053"}],"wp:attachment":[{"href":"https:\/\/stylingagenten.com\/fi\/wp-json\/wp\/v2\/media?parent=111054"}],"wp:term":[{"taxonomy":"product_brand","embeddable":true,"href":"https:\/\/stylingagenten.com\/fi\/wp-json\/wp\/v2\/product_brand?post=111054"},{"taxonomy":"product_cat","embeddable":true,"href":"https:\/\/stylingagenten.com\/fi\/wp-json\/wp\/v2\/product_cat?post=111054"},{"taxonomy":"product_tag","embeddable":true,"href":"https:\/\/stylingagenten.com\/fi\/wp-json\/wp\/v2\/product_tag?post=111054"},{"taxonomy":"berocket_brand","embeddable":true,"href":"https:\/\/stylingagenten.com\/fi\/wp-json\/wp\/v2\/berocket_brand?post=111054"}],"curies":[{"name":"wp","href":"https:\/\/api.w.org\/{rel}","templated":true}]}}