{"id":111052,"date":"2025-05-18T20:57:29","date_gmt":"2025-05-18T20:57:29","guid":{"rendered":"https:\/\/staging2.stylingagenten.com\/fi\/produkt\/paco-rabanne-crazy-me-edp-62ml\/"},"modified":"2026-03-11T20:34:29","modified_gmt":"2026-03-11T20:34:29","slug":"paco-rabanne-crazy-me-edp-62ml","status":"publish","type":"product","link":"https:\/\/stylingagenten.com\/fi\/tuote\/paco-rabanne-crazy-me-edp-62ml\/","title":{"rendered":"Paco Rabanne Crazy Me Edp 62ml"},"content":{"rendered":"<p>Crazy me, unisex eau de parfum, moderni ja yll\u00e4tt\u00e4v\u00e4 tulkinta mimosakukasta.<br \/> Ripaus wasabia, samettista mimoosaa. Pehme\u00e4 ja ter\u00e4v\u00e4. Paco Rabannen muuntama kukkainen tuoksu.<br \/>Puhemainen, hunajainen mimoosa ravistetaan wasabilla: vihre\u00e4 metalli leikkaa py\u00f6re\u00e4n, t\u00e4ytel\u00e4isen mustaherukan ja santelipuun.<\/p>\n","protected":false},"excerpt":{"rendered":"<p>Crazy me, unisex eau de parfum, moderni ja yll\u00e4tt\u00e4v\u00e4 tulkinta mimosakukasta. Ripaus wasabia, samettista mimoosaa. Pehme\u00e4 ja ter\u00e4v\u00e4. Paco Rabannen muuntama kukkainen tuoksu.Puhemainen, hunajainen mimoosa ravistetaan wasabilla: vihre\u00e4 metalli leikkaa py\u00f6re\u00e4n, t\u00e4ytel\u00e4isen mustaherukan ja santelipuun.<\/p>\n","protected":false},"featured_media":111050,"comment_status":"open","ping_status":"closed","template":"","meta":{"_trash_the_other_posts":false},"product_brand":[],"product_cat":[708,713,1000],"product_tag":[],"berocket_brand":[1048],"class_list":{"0":"post-111052","1":"product","2":"type-product","3":"status-publish","4":"has-post-thumbnail","6":"product_cat-eau-de-parfum-miesten","7":"product_cat-hajuvesi-unisex","8":"product_cat-kampanjatarjous-miehelle","9":"pa_brand-paco-rabanne","10":"berocket_brand-paco-rabanne","12":"first","13":"instock","14":"sale","15":"taxable","16":"shipping-taxable","17":"purchasable","18":"product-type-simple"},"_links":{"self":[{"href":"https:\/\/stylingagenten.com\/fi\/wp-json\/wp\/v2\/product\/111052","targetHints":{"allow":["GET"]}}],"collection":[{"href":"https:\/\/stylingagenten.com\/fi\/wp-json\/wp\/v2\/product"}],"about":[{"href":"https:\/\/stylingagenten.com\/fi\/wp-json\/wp\/v2\/types\/product"}],"replies":[{"embeddable":true,"href":"https:\/\/stylingagenten.com\/fi\/wp-json\/wp\/v2\/comments?post=111052"}],"version-history":[{"count":0,"href":"https:\/\/stylingagenten.com\/fi\/wp-json\/wp\/v2\/product\/111052\/revisions"}],"wp:featuredmedia":[{"embeddable":true,"href":"https:\/\/stylingagenten.com\/fi\/wp-json\/wp\/v2\/media\/111050"}],"wp:attachment":[{"href":"https:\/\/stylingagenten.com\/fi\/wp-json\/wp\/v2\/media?parent=111052"}],"wp:term":[{"taxonomy":"product_brand","embeddable":true,"href":"https:\/\/stylingagenten.com\/fi\/wp-json\/wp\/v2\/product_brand?post=111052"},{"taxonomy":"product_cat","embeddable":true,"href":"https:\/\/stylingagenten.com\/fi\/wp-json\/wp\/v2\/product_cat?post=111052"},{"taxonomy":"product_tag","embeddable":true,"href":"https:\/\/stylingagenten.com\/fi\/wp-json\/wp\/v2\/product_tag?post=111052"},{"taxonomy":"berocket_brand","embeddable":true,"href":"https:\/\/stylingagenten.com\/fi\/wp-json\/wp\/v2\/berocket_brand?post=111052"}],"curies":[{"name":"wp","href":"https:\/\/api.w.org\/{rel}","templated":true}]}}