{"id":111019,"date":"2025-05-18T20:57:20","date_gmt":"2025-05-18T20:57:20","guid":{"rendered":"https:\/\/staging2.stylingagenten.com\/fi\/produkt\/john-varvatos-artisan-pure-edt-125ml\/"},"modified":"2026-03-26T18:21:42","modified_gmt":"2026-03-26T18:21:42","slug":"john-varvatos-artisan-pure-edt-125ml","status":"publish","type":"product","link":"https:\/\/stylingagenten.com\/fi\/tuote\/john-varvatos-artisan-pure-edt-125ml\/","title":{"rendered":"John Varvatos Artisan Pure Edt 125ml"},"content":{"rendered":"<p>John Varvatosin Artisan Pure on sitrustuoksu miehille. <\/p>\n<p>Alkutuoksu: Klementiini, mandariini, sitruuna, bergamotti, timjami ja meirami <br \/>Syd\u00e4ntuoksu: petitgrain ja inkiv\u00e4\u00e4ri <br \/>Pohjatuoksu: puiset, myski, orris-juuri ja ambra<\/p>\n","protected":false},"excerpt":{"rendered":"<p>John Varvatosin Artisan Pure on sitrustuoksu miehille. Alkutuoksu: Klementiini, mandariini, sitruuna, bergamotti, timjami ja meirami Syd\u00e4ntuoksu: petitgrain ja inkiv\u00e4\u00e4ri Pohjatuoksu: puiset, myski, orris-juuri ja ambra<\/p>\n","protected":false},"featured_media":111018,"comment_status":"open","ping_status":"closed","template":"","meta":{"_trash_the_other_posts":false},"product_brand":[],"product_cat":[914,1000,709,735],"product_tag":[],"berocket_brand":[1146],"class_list":{"0":"post-111019","1":"product","2":"type-product","3":"status-publish","4":"has-post-thumbnail","6":"product_cat-john-varvatos-artisan","7":"product_cat-kampanjatarjous-miehelle","8":"product_cat-miesten-eau-de-toilette","9":"product_cat-kampanjamme","10":"pa_brand-john-varvatos","11":"berocket_brand-john-varvatos","13":"first","14":"instock","15":"sale","16":"taxable","17":"shipping-taxable","18":"purchasable","19":"product-type-simple"},"_links":{"self":[{"href":"https:\/\/stylingagenten.com\/fi\/wp-json\/wp\/v2\/product\/111019","targetHints":{"allow":["GET"]}}],"collection":[{"href":"https:\/\/stylingagenten.com\/fi\/wp-json\/wp\/v2\/product"}],"about":[{"href":"https:\/\/stylingagenten.com\/fi\/wp-json\/wp\/v2\/types\/product"}],"replies":[{"embeddable":true,"href":"https:\/\/stylingagenten.com\/fi\/wp-json\/wp\/v2\/comments?post=111019"}],"version-history":[{"count":0,"href":"https:\/\/stylingagenten.com\/fi\/wp-json\/wp\/v2\/product\/111019\/revisions"}],"wp:featuredmedia":[{"embeddable":true,"href":"https:\/\/stylingagenten.com\/fi\/wp-json\/wp\/v2\/media\/111018"}],"wp:attachment":[{"href":"https:\/\/stylingagenten.com\/fi\/wp-json\/wp\/v2\/media?parent=111019"}],"wp:term":[{"taxonomy":"product_brand","embeddable":true,"href":"https:\/\/stylingagenten.com\/fi\/wp-json\/wp\/v2\/product_brand?post=111019"},{"taxonomy":"product_cat","embeddable":true,"href":"https:\/\/stylingagenten.com\/fi\/wp-json\/wp\/v2\/product_cat?post=111019"},{"taxonomy":"product_tag","embeddable":true,"href":"https:\/\/stylingagenten.com\/fi\/wp-json\/wp\/v2\/product_tag?post=111019"},{"taxonomy":"berocket_brand","embeddable":true,"href":"https:\/\/stylingagenten.com\/fi\/wp-json\/wp\/v2\/berocket_brand?post=111019"}],"curies":[{"name":"wp","href":"https:\/\/api.w.org\/{rel}","templated":true}]}}