{"id":111006,"date":"2025-05-18T20:57:17","date_gmt":"2025-05-18T20:57:17","guid":{"rendered":"https:\/\/staging2.stylingagenten.com\/fi\/produkt\/nautica-voyage-edt-200ml\/"},"modified":"2025-12-18T21:38:38","modified_gmt":"2025-12-18T21:38:38","slug":"nautica-voyage-edt-200ml","status":"publish","type":"product","link":"https:\/\/stylingagenten.com\/fi\/tuote\/nautica-voyage-edt-200ml\/","title":{"rendered":"Nautica Voyage Edt 200ml"},"content":{"rendered":"<p>Itsevarmalle miehelle, joka uskaltaa uskaltaa tuntemattomille vesille ja l\u00f6yt\u00e4\u00e4 uusia seikkailuja, t\u00e4m\u00e4 vessavesi on maskuliininen, hedelm\u00e4inen tuoksu, joka sopii t\u00e4ydellisesti jokaiseen p\u00e4iv\u00e4\u00e4n. T\u00e4m\u00e4 raikas, rohkea ja vesihenkinen tuoksu on ankkuroitunut rikkaaseen sekoitukseen rapeaa vihre\u00e4\u00e4 omenaa, kosteutettua mimosaa ja vesilootusta.<br \/>Yl\u00e4tuoksu: vihre\u00e4 omena ja vihre\u00e4t lehdet.<br \/>Pohjatuoksut: mimosa, vesihartsi ja vesilootus.<\/p>\n","protected":false},"excerpt":{"rendered":"<p>Itsevarmalle miehelle, joka uskaltaa uskaltaa tuntemattomille vesille ja l\u00f6yt\u00e4\u00e4 uusia seikkailuja, t\u00e4m\u00e4 vessavesi on maskuliininen, hedelm\u00e4inen tuoksu, joka sopii t\u00e4ydellisesti jokaiseen p\u00e4iv\u00e4\u00e4n. T\u00e4m\u00e4 raikas, rohkea ja vesihenkinen tuoksu on ankkuroitunut rikkaaseen sekoitukseen rapeaa vihre\u00e4\u00e4 omenaa, kosteutettua mimosaa ja vesilootusta.Yl\u00e4tuoksu: vihre\u00e4 omena ja vihre\u00e4t lehdet.Pohjatuoksut: mimosa, vesihartsi ja vesilootus.<\/p>\n","protected":false},"featured_media":111001,"comment_status":"open","ping_status":"closed","template":"","meta":{"_trash_the_other_posts":false},"product_brand":[],"product_cat":[709],"product_tag":[3635],"berocket_brand":[1230],"class_list":{"0":"post-111006","1":"product","2":"type-product","3":"status-publish","4":"has-post-thumbnail","6":"product_cat-miesten-eau-de-toilette","7":"product_tag-nautica-voyage-edt","8":"pa_brand-nautica","9":"pa_variantti-200ml","10":"berocket_brand-nautica","12":"first","13":"outofstock","14":"sale","15":"taxable","16":"shipping-taxable","17":"purchasable","18":"product-type-simple"},"_links":{"self":[{"href":"https:\/\/stylingagenten.com\/fi\/wp-json\/wp\/v2\/product\/111006","targetHints":{"allow":["GET"]}}],"collection":[{"href":"https:\/\/stylingagenten.com\/fi\/wp-json\/wp\/v2\/product"}],"about":[{"href":"https:\/\/stylingagenten.com\/fi\/wp-json\/wp\/v2\/types\/product"}],"replies":[{"embeddable":true,"href":"https:\/\/stylingagenten.com\/fi\/wp-json\/wp\/v2\/comments?post=111006"}],"version-history":[{"count":0,"href":"https:\/\/stylingagenten.com\/fi\/wp-json\/wp\/v2\/product\/111006\/revisions"}],"wp:featuredmedia":[{"embeddable":true,"href":"https:\/\/stylingagenten.com\/fi\/wp-json\/wp\/v2\/media\/111001"}],"wp:attachment":[{"href":"https:\/\/stylingagenten.com\/fi\/wp-json\/wp\/v2\/media?parent=111006"}],"wp:term":[{"taxonomy":"product_brand","embeddable":true,"href":"https:\/\/stylingagenten.com\/fi\/wp-json\/wp\/v2\/product_brand?post=111006"},{"taxonomy":"product_cat","embeddable":true,"href":"https:\/\/stylingagenten.com\/fi\/wp-json\/wp\/v2\/product_cat?post=111006"},{"taxonomy":"product_tag","embeddable":true,"href":"https:\/\/stylingagenten.com\/fi\/wp-json\/wp\/v2\/product_tag?post=111006"},{"taxonomy":"berocket_brand","embeddable":true,"href":"https:\/\/stylingagenten.com\/fi\/wp-json\/wp\/v2\/berocket_brand?post=111006"}],"curies":[{"name":"wp","href":"https:\/\/api.w.org\/{rel}","templated":true}]}}