{"id":111003,"date":"2025-05-18T20:57:16","date_gmt":"2025-05-18T20:57:16","guid":{"rendered":"https:\/\/staging2.stylingagenten.com\/fi\/produkt\/antonio-banderas-the-icon-elixir-edp-100ml\/"},"modified":"2026-03-25T14:29:51","modified_gmt":"2026-03-25T14:29:51","slug":"antonio-banderas-the-icon-elixir-edp-100ml","status":"publish","type":"product","link":"https:\/\/stylingagenten.com\/fi\/tuote\/antonio-banderas-the-icon-elixir-edp-100ml\/","title":{"rendered":"Antonio Banderas The Icon Elixir Edp 100ml"},"content":{"rendered":"<p>Icon Elixir, uusi voimakkuuden ja pitk\u00e4ik\u00e4isyyden taso Antonio Banderasin The Icon -kokoelmassa.<br \/>Icon Elixir on parfyymivesi, jossa on monipuolinen, puumainen mausteinen aromi. Se toivottaa sinut tervetulleeksi suolaisilla kardemumman, mandariinin ja inkiv\u00e4\u00e4rin tuoksuilla, joita t\u00e4ydent\u00e4v\u00e4t raikkaat laventelin ja geraniumin tuoksut. Pohjassa on puisia setri\u00e4, l\u00e4mmint\u00e4 meripihkaa ja myski\u00e4, \u200b\u200bjotka korostavat maskuliinisuutta ja j\u00e4tt\u00e4v\u00e4t ainutlaatuisen itsevarmuuden ja onnistumisen tunteen. Tuoksu, joka n\u00e4ytt\u00e4\u00e4 parhaat puolesi ja inspiroi uusiin saavutuksiin.<\/p>\n","protected":false},"excerpt":{"rendered":"<p>Icon Elixir, uusi voimakkuuden ja pitk\u00e4ik\u00e4isyyden taso Antonio Banderasin The Icon -kokoelmassa.Icon Elixir on parfyymivesi, jossa on monipuolinen, puumainen mausteinen aromi. Se toivottaa sinut tervetulleeksi suolaisilla kardemumman, mandariinin ja inkiv\u00e4\u00e4rin tuoksuilla, joita t\u00e4ydent\u00e4v\u00e4t raikkaat laventelin ja geraniumin tuoksut. Pohjassa on puisia setri\u00e4, l\u00e4mmint\u00e4 meripihkaa ja myski\u00e4, \u200b\u200bjotka korostavat maskuliinisuutta ja j\u00e4tt\u00e4v\u00e4t ainutlaatuisen itsevarmuuden ja onnistumisen [&hellip;]<\/p>\n","protected":false},"featured_media":110998,"comment_status":"open","ping_status":"closed","template":"","meta":{"_trash_the_other_posts":false},"product_brand":[],"product_cat":[708],"product_tag":[],"berocket_brand":[1072],"class_list":{"0":"post-111003","1":"product","2":"type-product","3":"status-publish","4":"has-post-thumbnail","6":"product_cat-eau-de-parfum-miesten","7":"pa_brand-antonio-banderas","8":"berocket_brand-antonio-banderas","10":"first","11":"instock","12":"sale","13":"taxable","14":"shipping-taxable","15":"purchasable","16":"product-type-simple"},"_links":{"self":[{"href":"https:\/\/stylingagenten.com\/fi\/wp-json\/wp\/v2\/product\/111003","targetHints":{"allow":["GET"]}}],"collection":[{"href":"https:\/\/stylingagenten.com\/fi\/wp-json\/wp\/v2\/product"}],"about":[{"href":"https:\/\/stylingagenten.com\/fi\/wp-json\/wp\/v2\/types\/product"}],"replies":[{"embeddable":true,"href":"https:\/\/stylingagenten.com\/fi\/wp-json\/wp\/v2\/comments?post=111003"}],"version-history":[{"count":0,"href":"https:\/\/stylingagenten.com\/fi\/wp-json\/wp\/v2\/product\/111003\/revisions"}],"wp:featuredmedia":[{"embeddable":true,"href":"https:\/\/stylingagenten.com\/fi\/wp-json\/wp\/v2\/media\/110998"}],"wp:attachment":[{"href":"https:\/\/stylingagenten.com\/fi\/wp-json\/wp\/v2\/media?parent=111003"}],"wp:term":[{"taxonomy":"product_brand","embeddable":true,"href":"https:\/\/stylingagenten.com\/fi\/wp-json\/wp\/v2\/product_brand?post=111003"},{"taxonomy":"product_cat","embeddable":true,"href":"https:\/\/stylingagenten.com\/fi\/wp-json\/wp\/v2\/product_cat?post=111003"},{"taxonomy":"product_tag","embeddable":true,"href":"https:\/\/stylingagenten.com\/fi\/wp-json\/wp\/v2\/product_tag?post=111003"},{"taxonomy":"berocket_brand","embeddable":true,"href":"https:\/\/stylingagenten.com\/fi\/wp-json\/wp\/v2\/berocket_brand?post=111003"}],"curies":[{"name":"wp","href":"https:\/\/api.w.org\/{rel}","templated":true}]}}