{"id":110988,"date":"2025-05-18T20:57:11","date_gmt":"2025-05-18T20:57:11","guid":{"rendered":"https:\/\/staging2.stylingagenten.com\/fi\/produkt\/dolce-gabbana-intenso-pour-homme-edp-75ml\/"},"modified":"2026-04-03T14:28:38","modified_gmt":"2026-04-03T14:28:38","slug":"dolce-gabbana-intenso-pour-homme-edp-75ml","status":"publish","type":"product","link":"https:\/\/stylingagenten.com\/fi\/tuote\/dolce-gabbana-intenso-pour-homme-edp-75ml\/","title":{"rendered":"Dolce &amp; Gabbana Intenso Pour Homme Edp 75ml"},"content":{"rendered":"<p><span style='font-size:11.0pt;line-height:107%;font-family:\"Calibri\",sans-serif'>Dolce &amp; Gabbana Intenso Pour Homme&nbsp;<\/span><span style='font-size:11.0pt;line-height:107%;\"Calibri\",sans-serif;Calibri'>on puinen ja aromaattinen tuoksu, joka tarjoaa j\u00e4nnitt\u00e4vi\u00e4 kontrasteja terveist\u00e4, l\u00e4mpimist\u00e4 ja t\u00e4ytel\u00e4isist\u00e4 nuoteista samalla kun se on puhdas ja elegantti, modernin miehen tunnus.<\/span><\/p>\n<p><b><span style='font-size:11.0pt;font-family:\"Calibri\",sans-serif'>Tuoksut:<\/span><\/b><span style='font-size:11.0pt;minor-latin'>&nbsp;basilika, merelliset tuoksut, keh\u00e4kukka, geranium, laventeli, leseet ja h&ouml;, salvia, sypressi, santelipuu, myski, meripihka &amp; labdanum.<\/span><\/p>\n","protected":false},"excerpt":{"rendered":"<p>Dolce &amp; Gabbana Intenso Pour Homme&nbsp;on puinen ja aromaattinen tuoksu, joka tarjoaa j\u00e4nnitt\u00e4vi\u00e4 kontrasteja terveist\u00e4, l\u00e4mpimist\u00e4 ja t\u00e4ytel\u00e4isist\u00e4 nuoteista samalla kun se on puhdas ja elegantti, modernin miehen tunnus. Tuoksut:&nbsp;basilika, merelliset tuoksut, keh\u00e4kukka, geranium, laventeli, leseet ja h&ouml;, salvia, sypressi, santelipuu, myski, meripihka &amp; labdanum.<\/p>\n","protected":false},"featured_media":110987,"comment_status":"open","ping_status":"closed","template":"","meta":{"_trash_the_other_posts":false},"product_brand":[],"product_cat":[708],"product_tag":[],"berocket_brand":[1292],"class_list":{"0":"post-110988","1":"product","2":"type-product","3":"status-publish","4":"has-post-thumbnail","6":"product_cat-eau-de-parfum-miesten","7":"pa_brand-dolce-gabbana","8":"berocket_brand-dolce-gabbana","10":"first","11":"instock","12":"sale","13":"taxable","14":"shipping-taxable","15":"purchasable","16":"product-type-simple"},"_links":{"self":[{"href":"https:\/\/stylingagenten.com\/fi\/wp-json\/wp\/v2\/product\/110988","targetHints":{"allow":["GET"]}}],"collection":[{"href":"https:\/\/stylingagenten.com\/fi\/wp-json\/wp\/v2\/product"}],"about":[{"href":"https:\/\/stylingagenten.com\/fi\/wp-json\/wp\/v2\/types\/product"}],"replies":[{"embeddable":true,"href":"https:\/\/stylingagenten.com\/fi\/wp-json\/wp\/v2\/comments?post=110988"}],"version-history":[{"count":0,"href":"https:\/\/stylingagenten.com\/fi\/wp-json\/wp\/v2\/product\/110988\/revisions"}],"wp:featuredmedia":[{"embeddable":true,"href":"https:\/\/stylingagenten.com\/fi\/wp-json\/wp\/v2\/media\/110987"}],"wp:attachment":[{"href":"https:\/\/stylingagenten.com\/fi\/wp-json\/wp\/v2\/media?parent=110988"}],"wp:term":[{"taxonomy":"product_brand","embeddable":true,"href":"https:\/\/stylingagenten.com\/fi\/wp-json\/wp\/v2\/product_brand?post=110988"},{"taxonomy":"product_cat","embeddable":true,"href":"https:\/\/stylingagenten.com\/fi\/wp-json\/wp\/v2\/product_cat?post=110988"},{"taxonomy":"product_tag","embeddable":true,"href":"https:\/\/stylingagenten.com\/fi\/wp-json\/wp\/v2\/product_tag?post=110988"},{"taxonomy":"berocket_brand","embeddable":true,"href":"https:\/\/stylingagenten.com\/fi\/wp-json\/wp\/v2\/berocket_brand?post=110988"}],"curies":[{"name":"wp","href":"https:\/\/api.w.org\/{rel}","templated":true}]}}