{"id":110974,"date":"2025-05-18T20:57:08","date_gmt":"2025-05-18T20:57:08","guid":{"rendered":"https:\/\/staging2.stylingagenten.com\/fi\/produkt\/replay-tank-for-him-edt-30ml\/"},"modified":"2026-04-06T16:38:45","modified_gmt":"2026-04-06T16:38:45","slug":"replay-tank-for-him-edt-30ml","status":"publish","type":"product","link":"https:\/\/stylingagenten.com\/fi\/tuote\/replay-tank-for-him-edt-30ml\/","title":{"rendered":"Replay # Tank For Him Edt 30ml"},"content":{"rendered":"<p>Replay #TANK FOR HIM vangitsee Replayn teollisen hengen ikonisimmat puolet. Ainutlaatuinen s\u00e4ili\u00f6n muotoinen pullo indigonsinist\u00e4, koristeltu metallisilla elementeill\u00e4. Eloisuus ja dynaamisuus keskittyv\u00e4t puhtaan energian varastoon. Tuoksu on raikas ja tyylik\u00e4s energiselle ja modernille miehelle. Se avautuu ylenpalttisen bergamotin ja mandariinin sitrusharmonialla, jota tukevat kardemumman mausteisuus ja teenlehtien tuoreus. Alkuper\u00e4inen sekoitus virkist\u00e4v\u00e4\u00e4 minttua, mausteista inkiv\u00e4\u00e4ri\u00e4 ja riippuvuutta aiheuttavaa jasmiinia levi\u00e4\u00e4 syd\u00e4mest\u00e4 ja luo j\u00e4nnitt\u00e4v\u00e4n polun. Pohjassa nahkainen harmonikka ja setripuu v\u00e4litt\u00e4v\u00e4t voimaa ja maskuliinisuutta, kun taas myski, meripihka ja tonkapapu antavat tuoksulle makean vaikutuksen.<\/p>\n<p>Yl\u00e4tuoksu: Bergamotti, kardemumma, teelehti ja mandariini<br \/>Syd\u00e4n tuoksut: Vihre\u00e4t tuoksut, inkiv\u00e4\u00e4ri, jasmiini ja minttu<br \/>Pohjatuoksu: myski, nahka, setri, meripihka ja tonka pavut<\/p>\n","protected":false},"excerpt":{"rendered":"<p>Replay #TANK FOR HIM vangitsee Replayn teollisen hengen ikonisimmat puolet. Ainutlaatuinen s\u00e4ili\u00f6n muotoinen pullo indigonsinist\u00e4, koristeltu metallisilla elementeill\u00e4. Eloisuus ja dynaamisuus keskittyv\u00e4t puhtaan energian varastoon. Tuoksu on raikas ja tyylik\u00e4s energiselle ja modernille miehelle. Se avautuu ylenpalttisen bergamotin ja mandariinin sitrusharmonialla, jota tukevat kardemumman mausteisuus ja teenlehtien tuoreus. Alkuper\u00e4inen sekoitus virkist\u00e4v\u00e4\u00e4 minttua, mausteista inkiv\u00e4\u00e4ri\u00e4 ja [&hellip;]<\/p>\n","protected":false},"featured_media":110967,"comment_status":"open","ping_status":"closed","template":"","meta":{"_trash_the_other_posts":false},"product_brand":[],"product_cat":[1000,709,735],"product_tag":[3894],"berocket_brand":[1120],"class_list":{"0":"post-110974","1":"product","2":"type-product","3":"status-publish","4":"has-post-thumbnail","6":"product_cat-kampanjatarjous-miehelle","7":"product_cat-miesten-eau-de-toilette","8":"product_cat-kampanjamme","9":"product_tag-replay-tank-for-him-edt","10":"pa_brand-replay","11":"pa_variantti-30ml","12":"berocket_brand-replay","14":"first","15":"instock","16":"sale","17":"taxable","18":"shipping-taxable","19":"purchasable","20":"product-type-simple"},"_links":{"self":[{"href":"https:\/\/stylingagenten.com\/fi\/wp-json\/wp\/v2\/product\/110974","targetHints":{"allow":["GET"]}}],"collection":[{"href":"https:\/\/stylingagenten.com\/fi\/wp-json\/wp\/v2\/product"}],"about":[{"href":"https:\/\/stylingagenten.com\/fi\/wp-json\/wp\/v2\/types\/product"}],"replies":[{"embeddable":true,"href":"https:\/\/stylingagenten.com\/fi\/wp-json\/wp\/v2\/comments?post=110974"}],"version-history":[{"count":0,"href":"https:\/\/stylingagenten.com\/fi\/wp-json\/wp\/v2\/product\/110974\/revisions"}],"wp:featuredmedia":[{"embeddable":true,"href":"https:\/\/stylingagenten.com\/fi\/wp-json\/wp\/v2\/media\/110967"}],"wp:attachment":[{"href":"https:\/\/stylingagenten.com\/fi\/wp-json\/wp\/v2\/media?parent=110974"}],"wp:term":[{"taxonomy":"product_brand","embeddable":true,"href":"https:\/\/stylingagenten.com\/fi\/wp-json\/wp\/v2\/product_brand?post=110974"},{"taxonomy":"product_cat","embeddable":true,"href":"https:\/\/stylingagenten.com\/fi\/wp-json\/wp\/v2\/product_cat?post=110974"},{"taxonomy":"product_tag","embeddable":true,"href":"https:\/\/stylingagenten.com\/fi\/wp-json\/wp\/v2\/product_tag?post=110974"},{"taxonomy":"berocket_brand","embeddable":true,"href":"https:\/\/stylingagenten.com\/fi\/wp-json\/wp\/v2\/berocket_brand?post=110974"}],"curies":[{"name":"wp","href":"https:\/\/api.w.org\/{rel}","templated":true}]}}