{"id":110949,"date":"2025-05-18T20:57:03","date_gmt":"2025-05-18T20:57:03","guid":{"rendered":"https:\/\/staging2.stylingagenten.com\/fi\/produkt\/replay-tank-custom-for-him-tester-edt-100ml\/"},"modified":"2026-03-28T07:47:27","modified_gmt":"2026-03-28T07:47:27","slug":"replay-tank-custom-for-him-tester-edt-100ml","status":"publish","type":"product","link":"https:\/\/stylingagenten.com\/fi\/tuote\/replay-tank-custom-for-him-tester-edt-100ml\/","title":{"rendered":"Replay # Tank Custom For Him Tester Edt 100ml"},"content":{"rendered":"<p>Ikoninen s\u00e4ili\u00f6n muotoinen pullo on koristeltu mattapintaisella pinnalla, jota t\u00e4ydent\u00e4\u00e4 mittatilausty\u00f6n\u00e4 valmistettua moottoripy\u00f6r\u00e4\u00e4 muistuttava kiilt\u00e4v\u00e4 silkkipainatus. Karismaattisille ihmisille omistettu #TANK CUSTOM FOR HIM on t\u00e4ydellinen hajuvesi ilmaisemaan persoonallisuutta m\u00e4\u00e4r\u00e4tietoisesti ja energisesti. Valtava ja intensiivinen tuoksu. Runsaat sitrushedelmien tuoksut sekoittuvat eloisaan puun kanssa, jota korostaa ainutlaatuinen raikkaan anis. Pehme\u00e4t puiset vivahteet sulkevat koko luomuksen.<\/p>\n<p>Alkutuoksu: Elemi, Yuzu, Inkiv\u00e4\u00e4ri, Bergamotti, Kardemumma<br \/>Syd\u00e4ntuoksu: Luumu, Anis, Vetiver, Laventeli, Patsuli, Villi Jasmiini<br \/>Pohjatuoksu: Tonkapapu, santelipuu, meripihka, myski<\/p>\n<p><em>Testerit ovat 100 % aitoja tuotteita. Tuoreet ja t\u00e4ysin t\u00e4ydelliset, kuten alkuper\u00e4isetkin, mutta ne on tarkoitettu tavaratalon tiskille. Pakkauksen s\u00e4\u00e4st\u00f6 tarkoittaa sit\u00e4, ett\u00e4 s\u00e4\u00e4st\u00e4t viel\u00e4 enemm\u00e4n, joten jos et tarvitse hienoja pakkauksia, t\u00e4m\u00e4 on yht\u00e4 hyv\u00e4 vaihtoehto. Vaikka halvempaa.<\/em><\/p>\n","protected":false},"excerpt":{"rendered":"<p>Ikoninen s\u00e4ili\u00f6n muotoinen pullo on koristeltu mattapintaisella pinnalla, jota t\u00e4ydent\u00e4\u00e4 mittatilausty\u00f6n\u00e4 valmistettua moottoripy\u00f6r\u00e4\u00e4 muistuttava kiilt\u00e4v\u00e4 silkkipainatus. Karismaattisille ihmisille omistettu #TANK CUSTOM FOR HIM on t\u00e4ydellinen hajuvesi ilmaisemaan persoonallisuutta m\u00e4\u00e4r\u00e4tietoisesti ja energisesti. Valtava ja intensiivinen tuoksu. Runsaat sitrushedelmien tuoksut sekoittuvat eloisaan puun kanssa, jota korostaa ainutlaatuinen raikkaan anis. Pehme\u00e4t puiset vivahteet sulkevat koko luomuksen. Alkutuoksu: Elemi, [&hellip;]<\/p>\n","protected":false},"featured_media":110948,"comment_status":"open","ping_status":"closed","template":"","meta":{"_trash_the_other_posts":false},"product_brand":[],"product_cat":[1000,709,735],"product_tag":[],"berocket_brand":[1120],"class_list":{"0":"post-110949","1":"product","2":"type-product","3":"status-publish","4":"has-post-thumbnail","6":"product_cat-kampanjatarjous-miehelle","7":"product_cat-miesten-eau-de-toilette","8":"product_cat-kampanjamme","9":"pa_brand-replay","10":"berocket_brand-replay","12":"first","13":"instock","14":"sale","15":"taxable","16":"shipping-taxable","17":"purchasable","18":"product-type-simple"},"_links":{"self":[{"href":"https:\/\/stylingagenten.com\/fi\/wp-json\/wp\/v2\/product\/110949","targetHints":{"allow":["GET"]}}],"collection":[{"href":"https:\/\/stylingagenten.com\/fi\/wp-json\/wp\/v2\/product"}],"about":[{"href":"https:\/\/stylingagenten.com\/fi\/wp-json\/wp\/v2\/types\/product"}],"replies":[{"embeddable":true,"href":"https:\/\/stylingagenten.com\/fi\/wp-json\/wp\/v2\/comments?post=110949"}],"version-history":[{"count":0,"href":"https:\/\/stylingagenten.com\/fi\/wp-json\/wp\/v2\/product\/110949\/revisions"}],"wp:featuredmedia":[{"embeddable":true,"href":"https:\/\/stylingagenten.com\/fi\/wp-json\/wp\/v2\/media\/110948"}],"wp:attachment":[{"href":"https:\/\/stylingagenten.com\/fi\/wp-json\/wp\/v2\/media?parent=110949"}],"wp:term":[{"taxonomy":"product_brand","embeddable":true,"href":"https:\/\/stylingagenten.com\/fi\/wp-json\/wp\/v2\/product_brand?post=110949"},{"taxonomy":"product_cat","embeddable":true,"href":"https:\/\/stylingagenten.com\/fi\/wp-json\/wp\/v2\/product_cat?post=110949"},{"taxonomy":"product_tag","embeddable":true,"href":"https:\/\/stylingagenten.com\/fi\/wp-json\/wp\/v2\/product_tag?post=110949"},{"taxonomy":"berocket_brand","embeddable":true,"href":"https:\/\/stylingagenten.com\/fi\/wp-json\/wp\/v2\/berocket_brand?post=110949"}],"curies":[{"name":"wp","href":"https:\/\/api.w.org\/{rel}","templated":true}]}}