{"id":110935,"date":"2025-05-18T20:56:59","date_gmt":"2025-05-18T20:56:59","guid":{"rendered":"https:\/\/staging2.stylingagenten.com\/fi\/produkt\/replay-signature-for-man-edt-30ml\/"},"modified":"2026-03-25T08:48:26","modified_gmt":"2026-03-25T08:48:26","slug":"replay-signature-for-man-edt-30ml","status":"publish","type":"product","link":"https:\/\/stylingagenten.com\/fi\/tuote\/replay-signature-for-man-edt-30ml\/","title":{"rendered":"Replay Signature For Man Edt 30ml"},"content":{"rendered":"<p>Innovatiivisella suunnittelullaan Replay Signature pyrkii siirt\u00e4m\u00e4\u00e4n Replay-muotimalliston hengen hajuvesimaailmaan. Pullon institutionaalista muotoa vahvistavat molemmilla puolilla olevat kohokuviot. Naamiointiaihe koristaa koko pullon ja tekee siit\u00e4 eritt\u00e4in huomiota her\u00e4tt\u00e4v\u00e4n. Tuoksu on uusi sykkiv\u00e4 aistillisuus miehille. Se viettelee v\u00e4litt\u00f6m\u00e4sti tyypillisell\u00e4 vaaleanpunaisella pippurilla, jonka vahvistavat tuore bergamotti ja l\u00e4mmin kaneli. Aromaattinen minttuinen geranium ja vahva muskottip\u00e4hkin\u00e4 muodostavat voimakkaan maskuliinisen mausteseoksen, jota harmonisoivat balsamico ruusu ja kuiva setri. Pohja on valmistettu jalopuusta, mik\u00e4 antaa tuoksulle voimaa ja l\u00e4mp\u00f6\u00e4 sek\u00e4 herk\u00e4t meripihka-myskituoksut.<\/p>\n<p>Alkutuoksu: Kaneli, ruusupippuri, bergamotti<br \/>Syd\u00e4ntuoksu: Setripuu, Muskottip\u00e4hkin\u00e4, Ruusu, geranium, minttu <br \/>basso: jalopuu<\/p>\n","protected":false},"excerpt":{"rendered":"<p>Innovatiivisella suunnittelullaan Replay Signature pyrkii siirt\u00e4m\u00e4\u00e4n Replay-muotimalliston hengen hajuvesimaailmaan. Pullon institutionaalista muotoa vahvistavat molemmilla puolilla olevat kohokuviot. Naamiointiaihe koristaa koko pullon ja tekee siit\u00e4 eritt\u00e4in huomiota her\u00e4tt\u00e4v\u00e4n. Tuoksu on uusi sykkiv\u00e4 aistillisuus miehille. Se viettelee v\u00e4litt\u00f6m\u00e4sti tyypillisell\u00e4 vaaleanpunaisella pippurilla, jonka vahvistavat tuore bergamotti ja l\u00e4mmin kaneli. Aromaattinen minttuinen geranium ja vahva muskottip\u00e4hkin\u00e4 muodostavat voimakkaan maskuliinisen [&hellip;]<\/p>\n","protected":false},"featured_media":110933,"comment_status":"open","ping_status":"closed","template":"","meta":{"_trash_the_other_posts":false},"product_brand":[],"product_cat":[1000,709,1005,735],"product_tag":[3899],"berocket_brand":[1120],"class_list":{"0":"post-110935","1":"product","2":"type-product","3":"status-publish","4":"has-post-thumbnail","6":"product_cat-kampanjatarjous-miehelle","7":"product_cat-miesten-eau-de-toilette","8":"product_cat-outlet","9":"product_cat-kampanjamme","10":"product_tag-replay-signature-for-man-edt","11":"pa_brand-replay","12":"pa_variantti-30ml","13":"berocket_brand-replay","15":"first","16":"instock","17":"sale","18":"taxable","19":"shipping-taxable","20":"purchasable","21":"product-type-simple"},"_links":{"self":[{"href":"https:\/\/stylingagenten.com\/fi\/wp-json\/wp\/v2\/product\/110935","targetHints":{"allow":["GET"]}}],"collection":[{"href":"https:\/\/stylingagenten.com\/fi\/wp-json\/wp\/v2\/product"}],"about":[{"href":"https:\/\/stylingagenten.com\/fi\/wp-json\/wp\/v2\/types\/product"}],"replies":[{"embeddable":true,"href":"https:\/\/stylingagenten.com\/fi\/wp-json\/wp\/v2\/comments?post=110935"}],"version-history":[{"count":0,"href":"https:\/\/stylingagenten.com\/fi\/wp-json\/wp\/v2\/product\/110935\/revisions"}],"wp:featuredmedia":[{"embeddable":true,"href":"https:\/\/stylingagenten.com\/fi\/wp-json\/wp\/v2\/media\/110933"}],"wp:attachment":[{"href":"https:\/\/stylingagenten.com\/fi\/wp-json\/wp\/v2\/media?parent=110935"}],"wp:term":[{"taxonomy":"product_brand","embeddable":true,"href":"https:\/\/stylingagenten.com\/fi\/wp-json\/wp\/v2\/product_brand?post=110935"},{"taxonomy":"product_cat","embeddable":true,"href":"https:\/\/stylingagenten.com\/fi\/wp-json\/wp\/v2\/product_cat?post=110935"},{"taxonomy":"product_tag","embeddable":true,"href":"https:\/\/stylingagenten.com\/fi\/wp-json\/wp\/v2\/product_tag?post=110935"},{"taxonomy":"berocket_brand","embeddable":true,"href":"https:\/\/stylingagenten.com\/fi\/wp-json\/wp\/v2\/berocket_brand?post=110935"}],"curies":[{"name":"wp","href":"https:\/\/api.w.org\/{rel}","templated":true}]}}