{"id":110932,"date":"2025-05-18T20:56:56","date_gmt":"2025-05-18T20:56:56","guid":{"rendered":"https:\/\/staging2.stylingagenten.com\/fi\/produkt\/replay-signature-red-dragon-for-man-edt-100ml\/"},"modified":"2026-01-27T07:26:29","modified_gmt":"2026-01-27T07:26:29","slug":"replay-signature-red-dragon-for-man-edt-100ml","status":"publish","type":"product","link":"https:\/\/stylingagenten.com\/fi\/tuote\/replay-signature-red-dragon-for-man-edt-100ml\/","title":{"rendered":"Replay Signature Red Dragon For Man Edt 100ml"},"content":{"rendered":"<p>Replay Signature Red Dragon for Man, upea punainen lohik\u00e4\u00e4rme koristaa pulloa ja v\u00e4litt\u00e4\u00e4 voimaa ja mysteeri\u00e4. T\u00e4ll\u00e4 hajuvedell\u00e4 miehet paljastavat k\u00e4sitt\u00e4m\u00e4tt\u00f6m\u00e4n sielunsa p\u00e4\u00e4tt\u00e4v\u00e4isesti, rohkeasti ja energisesti. Tuoksu avautuu vaaleanpunaisella pippurilla ja kardemummalla mausteisessa, eloisassa leikiss\u00e4, joka astuu odottamattomaan teen ja geraniumin syd\u00e4meen ja yll\u00e4tt\u00e4\u00e4 meid\u00e4t valkoisen puun ja vetiveriapuun pohjalla. Ajaton ja ikuisesti elegantti tuoksu rohkealle ja elegantille miehelle.<\/p>\n<p>Alkutuoksu: ruusupippuri, kardemumma<br \/>Syd\u00e4ntuoksu: tee, geranium<br \/>Pohjatuoksu: vetiveria, valkopuu<\/p>\n","protected":false},"excerpt":{"rendered":"<p>Replay Signature Red Dragon for Man, upea punainen lohik\u00e4\u00e4rme koristaa pulloa ja v\u00e4litt\u00e4\u00e4 voimaa ja mysteeri\u00e4. T\u00e4ll\u00e4 hajuvedell\u00e4 miehet paljastavat k\u00e4sitt\u00e4m\u00e4tt\u00f6m\u00e4n sielunsa p\u00e4\u00e4tt\u00e4v\u00e4isesti, rohkeasti ja energisesti. Tuoksu avautuu vaaleanpunaisella pippurilla ja kardemummalla mausteisessa, eloisassa leikiss\u00e4, joka astuu odottamattomaan teen ja geraniumin syd\u00e4meen ja yll\u00e4tt\u00e4\u00e4 meid\u00e4t valkoisen puun ja vetiveriapuun pohjalla. Ajaton ja ikuisesti elegantti tuoksu [&hellip;]<\/p>\n","protected":false},"featured_media":110926,"comment_status":"open","ping_status":"closed","template":"","meta":{"_trash_the_other_posts":false},"product_brand":[],"product_cat":[1000,709,735],"product_tag":[3903],"berocket_brand":[1120],"class_list":{"0":"post-110932","1":"product","2":"type-product","3":"status-publish","4":"has-post-thumbnail","6":"product_cat-kampanjatarjous-miehelle","7":"product_cat-miesten-eau-de-toilette","8":"product_cat-kampanjamme","9":"product_tag-replay-signature-red-dragon-for-man-edt","10":"pa_brand-replay","11":"pa_variantti-100ml","12":"berocket_brand-replay","14":"first","15":"instock","16":"sale","17":"taxable","18":"shipping-taxable","19":"purchasable","20":"product-type-simple"},"_links":{"self":[{"href":"https:\/\/stylingagenten.com\/fi\/wp-json\/wp\/v2\/product\/110932","targetHints":{"allow":["GET"]}}],"collection":[{"href":"https:\/\/stylingagenten.com\/fi\/wp-json\/wp\/v2\/product"}],"about":[{"href":"https:\/\/stylingagenten.com\/fi\/wp-json\/wp\/v2\/types\/product"}],"replies":[{"embeddable":true,"href":"https:\/\/stylingagenten.com\/fi\/wp-json\/wp\/v2\/comments?post=110932"}],"version-history":[{"count":0,"href":"https:\/\/stylingagenten.com\/fi\/wp-json\/wp\/v2\/product\/110932\/revisions"}],"wp:featuredmedia":[{"embeddable":true,"href":"https:\/\/stylingagenten.com\/fi\/wp-json\/wp\/v2\/media\/110926"}],"wp:attachment":[{"href":"https:\/\/stylingagenten.com\/fi\/wp-json\/wp\/v2\/media?parent=110932"}],"wp:term":[{"taxonomy":"product_brand","embeddable":true,"href":"https:\/\/stylingagenten.com\/fi\/wp-json\/wp\/v2\/product_brand?post=110932"},{"taxonomy":"product_cat","embeddable":true,"href":"https:\/\/stylingagenten.com\/fi\/wp-json\/wp\/v2\/product_cat?post=110932"},{"taxonomy":"product_tag","embeddable":true,"href":"https:\/\/stylingagenten.com\/fi\/wp-json\/wp\/v2\/product_tag?post=110932"},{"taxonomy":"berocket_brand","embeddable":true,"href":"https:\/\/stylingagenten.com\/fi\/wp-json\/wp\/v2\/berocket_brand?post=110932"}],"curies":[{"name":"wp","href":"https:\/\/api.w.org\/{rel}","templated":true}]}}