{"id":110931,"date":"2025-05-18T20:56:56","date_gmt":"2025-05-18T20:56:56","guid":{"rendered":"https:\/\/staging2.stylingagenten.com\/fi\/produkt\/replay-tank-custom-for-him-edt-50ml\/"},"modified":"2026-03-19T11:37:51","modified_gmt":"2026-03-19T11:37:51","slug":"replay-tank-custom-for-him-edt-50ml","status":"publish","type":"product","link":"https:\/\/stylingagenten.com\/fi\/tuote\/replay-tank-custom-for-him-edt-50ml\/","title":{"rendered":"Replay # Tank Custom For Him Edt 50ml"},"content":{"rendered":"<p>Ikoninen s\u00e4ili\u00f6n muotoinen pullo on koristeltu mattapintaisella pinnalla, jota t\u00e4ydent\u00e4\u00e4 mittatilausty\u00f6n\u00e4 valmistettua moottoripy\u00f6r\u00e4\u00e4 muistuttava kiilt\u00e4v\u00e4 silkkipainatus. Karismaattisille ihmisille omistettu #TANK CUSTOM FOR HIM on t\u00e4ydellinen hajuvesi ilmaisemaan persoonallisuutta m\u00e4\u00e4r\u00e4tietoisesti ja energisesti. Valtava ja intensiivinen tuoksu. Runsaat sitrushedelmien tuoksut sekoittuvat eloisaan puun kanssa, jota korostaa ainutlaatuinen raikkaan anis. Pehme\u00e4t puiset vivahteet sulkevat koko luomuksen.<\/p>\n<p>Alkutuoksu: Elemi, Yuzu, Inkiv\u00e4\u00e4ri, Bergamotti, Kardemumma<br \/>Syd\u00e4ntuoksu: Luumu, Anis, Vetiver, Laventeli, Patsuli, Villi Jasmiini<br \/>Pohjatuoksu: Tonkapapu, santelipuu, meripihka, myski<\/p>\n","protected":false},"excerpt":{"rendered":"<p>Ikoninen s\u00e4ili\u00f6n muotoinen pullo on koristeltu mattapintaisella pinnalla, jota t\u00e4ydent\u00e4\u00e4 mittatilausty\u00f6n\u00e4 valmistettua moottoripy\u00f6r\u00e4\u00e4 muistuttava kiilt\u00e4v\u00e4 silkkipainatus. Karismaattisille ihmisille omistettu #TANK CUSTOM FOR HIM on t\u00e4ydellinen hajuvesi ilmaisemaan persoonallisuutta m\u00e4\u00e4r\u00e4tietoisesti ja energisesti. Valtava ja intensiivinen tuoksu. Runsaat sitrushedelmien tuoksut sekoittuvat eloisaan puun kanssa, jota korostaa ainutlaatuinen raikkaan anis. Pehme\u00e4t puiset vivahteet sulkevat koko luomuksen. Alkutuoksu: Elemi, [&hellip;]<\/p>\n","protected":false},"featured_media":110925,"comment_status":"open","ping_status":"closed","template":"","meta":{"_trash_the_other_posts":false},"product_brand":[],"product_cat":[1000,709,735],"product_tag":[3892],"berocket_brand":[1120],"class_list":{"0":"post-110931","1":"product","2":"type-product","3":"status-publish","4":"has-post-thumbnail","6":"product_cat-kampanjatarjous-miehelle","7":"product_cat-miesten-eau-de-toilette","8":"product_cat-kampanjamme","9":"product_tag-replay-tank-custom-for-him-edt","10":"pa_brand-replay","11":"pa_variantti-50ml","12":"berocket_brand-replay","14":"first","15":"instock","16":"sale","17":"taxable","18":"shipping-taxable","19":"purchasable","20":"product-type-simple"},"_links":{"self":[{"href":"https:\/\/stylingagenten.com\/fi\/wp-json\/wp\/v2\/product\/110931","targetHints":{"allow":["GET"]}}],"collection":[{"href":"https:\/\/stylingagenten.com\/fi\/wp-json\/wp\/v2\/product"}],"about":[{"href":"https:\/\/stylingagenten.com\/fi\/wp-json\/wp\/v2\/types\/product"}],"replies":[{"embeddable":true,"href":"https:\/\/stylingagenten.com\/fi\/wp-json\/wp\/v2\/comments?post=110931"}],"version-history":[{"count":0,"href":"https:\/\/stylingagenten.com\/fi\/wp-json\/wp\/v2\/product\/110931\/revisions"}],"wp:featuredmedia":[{"embeddable":true,"href":"https:\/\/stylingagenten.com\/fi\/wp-json\/wp\/v2\/media\/110925"}],"wp:attachment":[{"href":"https:\/\/stylingagenten.com\/fi\/wp-json\/wp\/v2\/media?parent=110931"}],"wp:term":[{"taxonomy":"product_brand","embeddable":true,"href":"https:\/\/stylingagenten.com\/fi\/wp-json\/wp\/v2\/product_brand?post=110931"},{"taxonomy":"product_cat","embeddable":true,"href":"https:\/\/stylingagenten.com\/fi\/wp-json\/wp\/v2\/product_cat?post=110931"},{"taxonomy":"product_tag","embeddable":true,"href":"https:\/\/stylingagenten.com\/fi\/wp-json\/wp\/v2\/product_tag?post=110931"},{"taxonomy":"berocket_brand","embeddable":true,"href":"https:\/\/stylingagenten.com\/fi\/wp-json\/wp\/v2\/berocket_brand?post=110931"}],"curies":[{"name":"wp","href":"https:\/\/api.w.org\/{rel}","templated":true}]}}