{"id":110923,"date":"2025-05-18T20:56:55","date_gmt":"2025-05-18T20:56:55","guid":{"rendered":"https:\/\/staging2.stylingagenten.com\/fi\/produkt\/samba-sport-man-edt-100ml\/"},"modified":"2026-03-30T08:18:44","modified_gmt":"2026-03-30T08:18:44","slug":"samba-sport-man-edt-100ml","status":"publish","type":"product","link":"https:\/\/stylingagenten.com\/fi\/tuote\/samba-sport-man-edt-100ml\/","title":{"rendered":"Samba Sport Man Edt 100ml"},"content":{"rendered":"<p>Samba Sport Man on r\u00e4j\u00e4hdysm\u00e4inen adrenaliini; \u00e4killinen voiman ja energian aalto.<br \/>H\u00e4n on valmis toimimaan, liikkumaan ja viihtyy ollessaan tasapainossa sek\u00e4 mielen ett\u00e4 kehon suhteen.<br \/>Samba Sport Man aloittaa tuoreella sitrusr\u00e4j\u00e4hdyksell\u00e4 bergamottia sekoitettuna makeaan roiskeeseen litsist\u00e4 ja korianterista. Tasapainottavassa syd\u00e4ntuoksessa yhdistyv\u00e4t virkist\u00e4v\u00e4 vesikrassi ja kukkainen vivahde sekoitettuna kevyeen puuhun. Sujuvassa kehityksess\u00e4 pohjatuoksussa on voimakas yhdistelm\u00e4 myski\u00e4 ja puumaisia \u200b\u200bvivahteita.<\/p>\n<p>Yl\u00e4tuoksu: Tuore bergamotti, ripaus litsi\u00e4, korianteri<br \/>Syd\u00e4ntuoksu: Vesikrassi, Davanan kukka, Driftwood<br \/> Pohjatuoksu: tonkapapu, puhdas myski, ambrox, valkoinen patsuli<\/p>\n","protected":false},"excerpt":{"rendered":"<p>Samba Sport Man on r\u00e4j\u00e4hdysm\u00e4inen adrenaliini; \u00e4killinen voiman ja energian aalto.H\u00e4n on valmis toimimaan, liikkumaan ja viihtyy ollessaan tasapainossa sek\u00e4 mielen ett\u00e4 kehon suhteen.Samba Sport Man aloittaa tuoreella sitrusr\u00e4j\u00e4hdyksell\u00e4 bergamottia sekoitettuna makeaan roiskeeseen litsist\u00e4 ja korianterista. Tasapainottavassa syd\u00e4ntuoksessa yhdistyv\u00e4t virkist\u00e4v\u00e4 vesikrassi ja kukkainen vivahde sekoitettuna kevyeen puuhun. Sujuvassa kehityksess\u00e4 pohjatuoksussa on voimakas yhdistelm\u00e4 myski\u00e4 ja [&hellip;]<\/p>\n","protected":false},"featured_media":110917,"comment_status":"open","ping_status":"closed","template":"","meta":{"_trash_the_other_posts":false},"product_brand":[],"product_cat":[1000,709,735],"product_tag":[],"berocket_brand":[1381],"class_list":{"0":"post-110923","1":"product","2":"type-product","3":"status-publish","4":"has-post-thumbnail","6":"product_cat-kampanjatarjous-miehelle","7":"product_cat-miesten-eau-de-toilette","8":"product_cat-kampanjamme","9":"pa_brand-samba","10":"berocket_brand-samba","12":"first","13":"instock","14":"sale","15":"taxable","16":"shipping-taxable","17":"purchasable","18":"product-type-simple"},"_links":{"self":[{"href":"https:\/\/stylingagenten.com\/fi\/wp-json\/wp\/v2\/product\/110923","targetHints":{"allow":["GET"]}}],"collection":[{"href":"https:\/\/stylingagenten.com\/fi\/wp-json\/wp\/v2\/product"}],"about":[{"href":"https:\/\/stylingagenten.com\/fi\/wp-json\/wp\/v2\/types\/product"}],"replies":[{"embeddable":true,"href":"https:\/\/stylingagenten.com\/fi\/wp-json\/wp\/v2\/comments?post=110923"}],"version-history":[{"count":0,"href":"https:\/\/stylingagenten.com\/fi\/wp-json\/wp\/v2\/product\/110923\/revisions"}],"wp:featuredmedia":[{"embeddable":true,"href":"https:\/\/stylingagenten.com\/fi\/wp-json\/wp\/v2\/media\/110917"}],"wp:attachment":[{"href":"https:\/\/stylingagenten.com\/fi\/wp-json\/wp\/v2\/media?parent=110923"}],"wp:term":[{"taxonomy":"product_brand","embeddable":true,"href":"https:\/\/stylingagenten.com\/fi\/wp-json\/wp\/v2\/product_brand?post=110923"},{"taxonomy":"product_cat","embeddable":true,"href":"https:\/\/stylingagenten.com\/fi\/wp-json\/wp\/v2\/product_cat?post=110923"},{"taxonomy":"product_tag","embeddable":true,"href":"https:\/\/stylingagenten.com\/fi\/wp-json\/wp\/v2\/product_tag?post=110923"},{"taxonomy":"berocket_brand","embeddable":true,"href":"https:\/\/stylingagenten.com\/fi\/wp-json\/wp\/v2\/berocket_brand?post=110923"}],"curies":[{"name":"wp","href":"https:\/\/api.w.org\/{rel}","templated":true}]}}