{"id":110905,"date":"2025-05-18T20:56:50","date_gmt":"2025-05-18T20:56:50","guid":{"rendered":"https:\/\/staging2.stylingagenten.com\/fi\/produkt\/replay-signature-lovers-for-man-edt-50ml\/"},"modified":"2026-04-11T12:58:31","modified_gmt":"2026-04-11T12:58:31","slug":"replay-signature-lovers-for-man-edt-50ml","status":"publish","type":"product","link":"https:\/\/stylingagenten.com\/fi\/tuote\/replay-signature-lovers-for-man-edt-50ml\/","title":{"rendered":"Replay Signature Lovers For Man Edt 50ml"},"content":{"rendered":"<p>Replay Signature Lovers Man on koristeltu arvostetuilla tatuoinneilla, jotka viestiv\u00e4t positiivisesta rakkaudesta Biker Replay -tyyliin. Tuoksu avautuu luumun, mandariinin ja pomelon hedelm\u00e4isill\u00e4 vivahteilla; kietoutua kardemumman, laventelin ja violetin syd\u00e4ntuoksuun labdanumin, guaiac-puun ja bourbon-vetiverin pohjalla.<\/p>\n<p>Yl\u00e4tuoksu: Luumu, Mandariini, Pomelo<br \/>Syd\u00e4ntuoksu: kardemumma, laventeli, violetti<br \/> Pohjatuoksu: Labdanum, Guaiac Wood, Bourbon Vetiver<\/p>\n","protected":false},"excerpt":{"rendered":"<p>Replay Signature Lovers Man on koristeltu arvostetuilla tatuoinneilla, jotka viestiv\u00e4t positiivisesta rakkaudesta Biker Replay -tyyliin. Tuoksu avautuu luumun, mandariinin ja pomelon hedelm\u00e4isill\u00e4 vivahteilla; kietoutua kardemumman, laventelin ja violetin syd\u00e4ntuoksuun labdanumin, guaiac-puun ja bourbon-vetiverin pohjalla. Yl\u00e4tuoksu: Luumu, Mandariini, PomeloSyd\u00e4ntuoksu: kardemumma, laventeli, violetti Pohjatuoksu: Labdanum, Guaiac Wood, Bourbon Vetiver<\/p>\n","protected":false},"featured_media":110901,"comment_status":"open","ping_status":"closed","template":"","meta":{"_trash_the_other_posts":false},"product_brand":[],"product_cat":[1000,709,735],"product_tag":[3901],"berocket_brand":[1120],"class_list":{"0":"post-110905","1":"product","2":"type-product","3":"status-publish","4":"has-post-thumbnail","6":"product_cat-kampanjatarjous-miehelle","7":"product_cat-miesten-eau-de-toilette","8":"product_cat-kampanjamme","9":"product_tag-replay-signature-lovers-for-man-edt","10":"pa_brand-replay","11":"pa_variantti-50ml","12":"berocket_brand-replay","14":"first","15":"instock","16":"sale","17":"taxable","18":"shipping-taxable","19":"purchasable","20":"product-type-simple"},"_links":{"self":[{"href":"https:\/\/stylingagenten.com\/fi\/wp-json\/wp\/v2\/product\/110905","targetHints":{"allow":["GET"]}}],"collection":[{"href":"https:\/\/stylingagenten.com\/fi\/wp-json\/wp\/v2\/product"}],"about":[{"href":"https:\/\/stylingagenten.com\/fi\/wp-json\/wp\/v2\/types\/product"}],"replies":[{"embeddable":true,"href":"https:\/\/stylingagenten.com\/fi\/wp-json\/wp\/v2\/comments?post=110905"}],"version-history":[{"count":0,"href":"https:\/\/stylingagenten.com\/fi\/wp-json\/wp\/v2\/product\/110905\/revisions"}],"wp:featuredmedia":[{"embeddable":true,"href":"https:\/\/stylingagenten.com\/fi\/wp-json\/wp\/v2\/media\/110901"}],"wp:attachment":[{"href":"https:\/\/stylingagenten.com\/fi\/wp-json\/wp\/v2\/media?parent=110905"}],"wp:term":[{"taxonomy":"product_brand","embeddable":true,"href":"https:\/\/stylingagenten.com\/fi\/wp-json\/wp\/v2\/product_brand?post=110905"},{"taxonomy":"product_cat","embeddable":true,"href":"https:\/\/stylingagenten.com\/fi\/wp-json\/wp\/v2\/product_cat?post=110905"},{"taxonomy":"product_tag","embeddable":true,"href":"https:\/\/stylingagenten.com\/fi\/wp-json\/wp\/v2\/product_tag?post=110905"},{"taxonomy":"berocket_brand","embeddable":true,"href":"https:\/\/stylingagenten.com\/fi\/wp-json\/wp\/v2\/berocket_brand?post=110905"}],"curies":[{"name":"wp","href":"https:\/\/api.w.org\/{rel}","templated":true}]}}