{"id":110899,"date":"2025-05-18T20:56:48","date_gmt":"2025-05-18T20:56:48","guid":{"rendered":"https:\/\/staging2.stylingagenten.com\/fi\/produkt\/replay-source-of-life-man-edt-30ml\/"},"modified":"2025-12-18T19:55:58","modified_gmt":"2025-12-18T19:55:58","slug":"replay-source-of-life-man-edt-30ml","status":"publish","type":"product","link":"https:\/\/stylingagenten.com\/fi\/tuote\/replay-source-of-life-man-edt-30ml\/","title":{"rendered":"Replay Source Of Life Man Edt 30ml"},"content":{"rendered":"<p>El\u00e4m\u00e4n l\u00e4hde Mies Eau de Toilette<br \/>Kunnioitus planeetallemme ja sen elementtien kauneudelle. Tuoksu, joka vangitsee kosteiden maan arvojen olemuksen ja antaa aisteillesi elinvoimaisen ja virkist\u00e4v\u00e4n kokemuksen. T\u00e4ydellinen tuoksu miehelle, joka haluaa kipin\u00e4n energiaa p\u00e4ivitt\u00e4iseen rutiiniinsa.<\/p>\n<p>Alkutuoksu: Elemi Filippiineilt\u00e4, \u200b\u200bPiparminttu L\u00e4nsi-Yhdysvalloista, Balsam Resinoid<br \/>Syd\u00e4ntuoksu: Lavandin Grosso Ranskasta Orpur \u00ae, Kanelzest Laos Orpurista\u00ae, kardemumma Insia Orpur\u00ae<br \/>Pohjatuoksu: Virginia Cedar Orpur\u00ae, Crunch Accord Natural Vanillin (neilikka)<\/p>\n","protected":false},"excerpt":{"rendered":"<p>El\u00e4m\u00e4n l\u00e4hde Mies Eau de ToiletteKunnioitus planeetallemme ja sen elementtien kauneudelle. Tuoksu, joka vangitsee kosteiden maan arvojen olemuksen ja antaa aisteillesi elinvoimaisen ja virkist\u00e4v\u00e4n kokemuksen. T\u00e4ydellinen tuoksu miehelle, joka haluaa kipin\u00e4n energiaa p\u00e4ivitt\u00e4iseen rutiiniinsa. Alkutuoksu: Elemi Filippiineilt\u00e4, \u200b\u200bPiparminttu L\u00e4nsi-Yhdysvalloista, Balsam ResinoidSyd\u00e4ntuoksu: Lavandin Grosso Ranskasta Orpur \u00ae, Kanelzest Laos Orpurista\u00ae, kardemumma Insia Orpur\u00aePohjatuoksu: Virginia Cedar Orpur\u00ae, [&hellip;]<\/p>\n","protected":false},"featured_media":110892,"comment_status":"open","ping_status":"closed","template":"","meta":{"_trash_the_other_posts":false},"product_brand":[],"product_cat":[1000,709,735],"product_tag":[3905],"berocket_brand":[1120],"class_list":{"0":"post-110899","1":"product","2":"type-product","3":"status-publish","4":"has-post-thumbnail","6":"product_cat-kampanjatarjous-miehelle","7":"product_cat-miesten-eau-de-toilette","8":"product_cat-kampanjamme","9":"product_tag-replay-source-of-life-man-edt","10":"pa_brand-replay","11":"pa_variantti-30ml","12":"berocket_brand-replay","14":"first","15":"instock","16":"sale","17":"taxable","18":"shipping-taxable","19":"purchasable","20":"product-type-simple"},"_links":{"self":[{"href":"https:\/\/stylingagenten.com\/fi\/wp-json\/wp\/v2\/product\/110899","targetHints":{"allow":["GET"]}}],"collection":[{"href":"https:\/\/stylingagenten.com\/fi\/wp-json\/wp\/v2\/product"}],"about":[{"href":"https:\/\/stylingagenten.com\/fi\/wp-json\/wp\/v2\/types\/product"}],"replies":[{"embeddable":true,"href":"https:\/\/stylingagenten.com\/fi\/wp-json\/wp\/v2\/comments?post=110899"}],"version-history":[{"count":0,"href":"https:\/\/stylingagenten.com\/fi\/wp-json\/wp\/v2\/product\/110899\/revisions"}],"wp:featuredmedia":[{"embeddable":true,"href":"https:\/\/stylingagenten.com\/fi\/wp-json\/wp\/v2\/media\/110892"}],"wp:attachment":[{"href":"https:\/\/stylingagenten.com\/fi\/wp-json\/wp\/v2\/media?parent=110899"}],"wp:term":[{"taxonomy":"product_brand","embeddable":true,"href":"https:\/\/stylingagenten.com\/fi\/wp-json\/wp\/v2\/product_brand?post=110899"},{"taxonomy":"product_cat","embeddable":true,"href":"https:\/\/stylingagenten.com\/fi\/wp-json\/wp\/v2\/product_cat?post=110899"},{"taxonomy":"product_tag","embeddable":true,"href":"https:\/\/stylingagenten.com\/fi\/wp-json\/wp\/v2\/product_tag?post=110899"},{"taxonomy":"berocket_brand","embeddable":true,"href":"https:\/\/stylingagenten.com\/fi\/wp-json\/wp\/v2\/berocket_brand?post=110899"}],"curies":[{"name":"wp","href":"https:\/\/api.w.org\/{rel}","templated":true}]}}