{"id":110897,"date":"2025-05-18T20:56:48","date_gmt":"2025-05-18T20:56:48","guid":{"rendered":"https:\/\/staging2.stylingagenten.com\/fi\/produkt\/samba-ice-man-edt-100ml\/"},"modified":"2026-03-26T13:58:30","modified_gmt":"2026-03-26T13:58:30","slug":"samba-ice-man-edt-100ml","status":"publish","type":"product","link":"https:\/\/stylingagenten.com\/fi\/tuote\/samba-ice-man-edt-100ml\/","title":{"rendered":"Samba Ice Man Edt 100ml"},"content":{"rendered":"<p>SAMBA ICE MAN on tuoksu kivill\u00e4. Se on j\u00e4\u00e4n, ihon ja tulen uusi alkemia sis\u00e4ll\u00e4si. Tunnet olosi viile\u00e4ksi, sile\u00e4ksi, virke\u00e4ksi ja virke\u00e4ksi liukuessasi l\u00e4pi el\u00e4m\u00e4n.&nbsp;<br \/>SAMBAJ\u00c4\u00c4 ei sula, vain ymp\u00e4rill\u00e4si olevat sulavat.<br id=\"isPasted\"><br \/>Yl\u00e4tuot: S\u00e4ken\u00f6iv\u00e4 Yuzu , Bambu, rapea minttu, rakuuna, kardemumma<br \/>Syd\u00e4ntuoksu: Vesilume, Nasturtium<br \/>Pohjatuoksu: Valkoinen myski, Hinoki-puu, Amber<\/p>\n<p><\/p>\n","protected":false},"excerpt":{"rendered":"<p>SAMBA ICE MAN on tuoksu kivill\u00e4. Se on j\u00e4\u00e4n, ihon ja tulen uusi alkemia sis\u00e4ll\u00e4si. Tunnet olosi viile\u00e4ksi, sile\u00e4ksi, virke\u00e4ksi ja virke\u00e4ksi liukuessasi l\u00e4pi el\u00e4m\u00e4n.&nbsp;SAMBAJ\u00c4\u00c4 ei sula, vain ymp\u00e4rill\u00e4si olevat sulavat.Yl\u00e4tuot: S\u00e4ken\u00f6iv\u00e4 Yuzu , Bambu, rapea minttu, rakuuna, kardemummaSyd\u00e4ntuoksu: Vesilume, NasturtiumPohjatuoksu: Valkoinen myski, Hinoki-puu, Amber<\/p>\n","protected":false},"featured_media":110889,"comment_status":"open","ping_status":"closed","template":"","meta":{"_trash_the_other_posts":false},"product_brand":[],"product_cat":[1000,709,735],"product_tag":[],"berocket_brand":[1381],"class_list":{"0":"post-110897","1":"product","2":"type-product","3":"status-publish","4":"has-post-thumbnail","6":"product_cat-kampanjatarjous-miehelle","7":"product_cat-miesten-eau-de-toilette","8":"product_cat-kampanjamme","9":"pa_brand-samba","10":"berocket_brand-samba","12":"first","13":"instock","14":"sale","15":"taxable","16":"shipping-taxable","17":"purchasable","18":"product-type-simple"},"_links":{"self":[{"href":"https:\/\/stylingagenten.com\/fi\/wp-json\/wp\/v2\/product\/110897","targetHints":{"allow":["GET"]}}],"collection":[{"href":"https:\/\/stylingagenten.com\/fi\/wp-json\/wp\/v2\/product"}],"about":[{"href":"https:\/\/stylingagenten.com\/fi\/wp-json\/wp\/v2\/types\/product"}],"replies":[{"embeddable":true,"href":"https:\/\/stylingagenten.com\/fi\/wp-json\/wp\/v2\/comments?post=110897"}],"version-history":[{"count":0,"href":"https:\/\/stylingagenten.com\/fi\/wp-json\/wp\/v2\/product\/110897\/revisions"}],"wp:featuredmedia":[{"embeddable":true,"href":"https:\/\/stylingagenten.com\/fi\/wp-json\/wp\/v2\/media\/110889"}],"wp:attachment":[{"href":"https:\/\/stylingagenten.com\/fi\/wp-json\/wp\/v2\/media?parent=110897"}],"wp:term":[{"taxonomy":"product_brand","embeddable":true,"href":"https:\/\/stylingagenten.com\/fi\/wp-json\/wp\/v2\/product_brand?post=110897"},{"taxonomy":"product_cat","embeddable":true,"href":"https:\/\/stylingagenten.com\/fi\/wp-json\/wp\/v2\/product_cat?post=110897"},{"taxonomy":"product_tag","embeddable":true,"href":"https:\/\/stylingagenten.com\/fi\/wp-json\/wp\/v2\/product_tag?post=110897"},{"taxonomy":"berocket_brand","embeddable":true,"href":"https:\/\/stylingagenten.com\/fi\/wp-json\/wp\/v2\/berocket_brand?post=110897"}],"curies":[{"name":"wp","href":"https:\/\/api.w.org\/{rel}","templated":true}]}}