{"id":110886,"date":"2025-05-18T20:56:45","date_gmt":"2025-05-18T20:56:45","guid":{"rendered":"https:\/\/staging2.stylingagenten.com\/fi\/produkt\/calvin-klein-eternity-air-for-men-edt-100ml\/"},"modified":"2026-04-13T12:10:38","modified_gmt":"2026-04-13T12:10:38","slug":"calvin-klein-eternity-air-for-men-edt-100ml","status":"publish","type":"product","link":"https:\/\/stylingagenten.com\/fi\/tuote\/calvin-klein-eternity-air-for-men-edt-100ml\/","title":{"rendered":"Calvin Klein Eternity Air For Men Edt 100ml"},"content":{"rendered":"<p>Calvin Klein Eternity Air For Men edt 100 ml<br \/>Calvin Klein Eternity Edt on h\u00e4nelle dynaaminen tuoksu, jossa on terveellisi\u00e4 ja hedelm\u00e4isi\u00e4 elementtej\u00e4.<\/p>\n","protected":false},"excerpt":{"rendered":"<p>Calvin Klein Eternity Air For Men edt 100 mlCalvin Klein Eternity Edt on h\u00e4nelle dynaaminen tuoksu, jossa on terveellisi\u00e4 ja hedelm\u00e4isi\u00e4 elementtej\u00e4.<\/p>\n","protected":false},"featured_media":110882,"comment_status":"open","ping_status":"closed","template":"","meta":{"_trash_the_other_posts":false},"product_brand":[],"product_cat":[535,1000,1003,735],"product_tag":[2649],"berocket_brand":[1014],"class_list":{"0":"post-110886","1":"product","2":"type-product","3":"status-publish","4":"has-post-thumbnail","6":"product_cat-hajuvesi-miesten","7":"product_cat-kampanjatarjous-miehelle","8":"product_cat-myydyimmat","9":"product_cat-kampanjamme","10":"product_tag-calvin-klein-eternity-air-for-men-edt","11":"pa_brand-calvin-klein","12":"pa_variantti-100ml","13":"berocket_brand-calvin-klein","15":"first","16":"instock","17":"sale","18":"taxable","19":"shipping-taxable","20":"purchasable","21":"product-type-simple"},"_links":{"self":[{"href":"https:\/\/stylingagenten.com\/fi\/wp-json\/wp\/v2\/product\/110886","targetHints":{"allow":["GET"]}}],"collection":[{"href":"https:\/\/stylingagenten.com\/fi\/wp-json\/wp\/v2\/product"}],"about":[{"href":"https:\/\/stylingagenten.com\/fi\/wp-json\/wp\/v2\/types\/product"}],"replies":[{"embeddable":true,"href":"https:\/\/stylingagenten.com\/fi\/wp-json\/wp\/v2\/comments?post=110886"}],"version-history":[{"count":0,"href":"https:\/\/stylingagenten.com\/fi\/wp-json\/wp\/v2\/product\/110886\/revisions"}],"wp:featuredmedia":[{"embeddable":true,"href":"https:\/\/stylingagenten.com\/fi\/wp-json\/wp\/v2\/media\/110882"}],"wp:attachment":[{"href":"https:\/\/stylingagenten.com\/fi\/wp-json\/wp\/v2\/media?parent=110886"}],"wp:term":[{"taxonomy":"product_brand","embeddable":true,"href":"https:\/\/stylingagenten.com\/fi\/wp-json\/wp\/v2\/product_brand?post=110886"},{"taxonomy":"product_cat","embeddable":true,"href":"https:\/\/stylingagenten.com\/fi\/wp-json\/wp\/v2\/product_cat?post=110886"},{"taxonomy":"product_tag","embeddable":true,"href":"https:\/\/stylingagenten.com\/fi\/wp-json\/wp\/v2\/product_tag?post=110886"},{"taxonomy":"berocket_brand","embeddable":true,"href":"https:\/\/stylingagenten.com\/fi\/wp-json\/wp\/v2\/berocket_brand?post=110886"}],"curies":[{"name":"wp","href":"https:\/\/api.w.org\/{rel}","templated":true}]}}