{"id":110878,"date":"2025-05-18T20:56:44","date_gmt":"2025-05-18T20:56:44","guid":{"rendered":"https:\/\/staging2.stylingagenten.com\/fi\/produkt\/cuba-green-edt-100ml\/"},"modified":"2026-04-13T10:58:51","modified_gmt":"2026-04-13T10:58:51","slug":"cuba-green-edt-100ml","status":"publish","type":"product","link":"https:\/\/stylingagenten.com\/fi\/tuote\/cuba-green-edt-100ml\/","title":{"rendered":"Cuba Green Edt 100ml"},"content":{"rendered":"<p>Cuba Green edt 100ml<br \/>Cuba Green on maskuliininen tuoksu, joka s\u00e4teilee voimaa. Puiset tuoksut sekoittuvat raikkaiden vihreiden vivahteiden ja vetiverin savuisten kuivien vivahteiden kanssa. Voit vapaasti pukea sit\u00e4 illalla ennen kuin tapaat jonkun erityisen tai ruiskuta v\u00e4h\u00e4n ennen iltak\u00e4vely\u00e4.<\/p>\n","protected":false},"excerpt":{"rendered":"<p>Cuba Green edt 100mlCuba Green on maskuliininen tuoksu, joka s\u00e4teilee voimaa. Puiset tuoksut sekoittuvat raikkaiden vihreiden vivahteiden ja vetiverin savuisten kuivien vivahteiden kanssa. Voit vapaasti pukea sit\u00e4 illalla ennen kuin tapaat jonkun erityisen tai ruiskuta v\u00e4h\u00e4n ennen iltak\u00e4vely\u00e4.<\/p>\n","protected":false},"featured_media":110876,"comment_status":"open","ping_status":"closed","template":"","meta":{"_trash_the_other_posts":false},"product_brand":[],"product_cat":[535,1000,735],"product_tag":[],"berocket_brand":[1213],"class_list":{"0":"post-110878","1":"product","2":"type-product","3":"status-publish","4":"has-post-thumbnail","6":"product_cat-hajuvesi-miesten","7":"product_cat-kampanjatarjous-miehelle","8":"product_cat-kampanjamme","9":"pa_brand-cuba","10":"berocket_brand-cuba","12":"first","13":"instock","14":"sale","15":"taxable","16":"shipping-taxable","17":"purchasable","18":"product-type-simple"},"_links":{"self":[{"href":"https:\/\/stylingagenten.com\/fi\/wp-json\/wp\/v2\/product\/110878","targetHints":{"allow":["GET"]}}],"collection":[{"href":"https:\/\/stylingagenten.com\/fi\/wp-json\/wp\/v2\/product"}],"about":[{"href":"https:\/\/stylingagenten.com\/fi\/wp-json\/wp\/v2\/types\/product"}],"replies":[{"embeddable":true,"href":"https:\/\/stylingagenten.com\/fi\/wp-json\/wp\/v2\/comments?post=110878"}],"version-history":[{"count":0,"href":"https:\/\/stylingagenten.com\/fi\/wp-json\/wp\/v2\/product\/110878\/revisions"}],"wp:featuredmedia":[{"embeddable":true,"href":"https:\/\/stylingagenten.com\/fi\/wp-json\/wp\/v2\/media\/110876"}],"wp:attachment":[{"href":"https:\/\/stylingagenten.com\/fi\/wp-json\/wp\/v2\/media?parent=110878"}],"wp:term":[{"taxonomy":"product_brand","embeddable":true,"href":"https:\/\/stylingagenten.com\/fi\/wp-json\/wp\/v2\/product_brand?post=110878"},{"taxonomy":"product_cat","embeddable":true,"href":"https:\/\/stylingagenten.com\/fi\/wp-json\/wp\/v2\/product_cat?post=110878"},{"taxonomy":"product_tag","embeddable":true,"href":"https:\/\/stylingagenten.com\/fi\/wp-json\/wp\/v2\/product_tag?post=110878"},{"taxonomy":"berocket_brand","embeddable":true,"href":"https:\/\/stylingagenten.com\/fi\/wp-json\/wp\/v2\/berocket_brand?post=110878"}],"curies":[{"name":"wp","href":"https:\/\/api.w.org\/{rel}","templated":true}]}}