{"id":110874,"date":"2025-05-18T20:56:43","date_gmt":"2025-05-18T20:56:43","guid":{"rendered":"https:\/\/staging2.stylingagenten.com\/fi\/produkt\/lacoste-live-pour-homme-edt-75ml\/"},"modified":"2026-04-10T06:59:03","modified_gmt":"2026-04-10T06:59:03","slug":"lacoste-live-pour-homme-edt-75ml","status":"publish","type":"product","link":"https:\/\/stylingagenten.com\/fi\/tuote\/lacoste-live-pour-homme-edt-75ml\/","title":{"rendered":"Lacoste Live Pour Homme Edt 75ml"},"content":{"rendered":"<p>Lacoste Live Pour Homme 75ml EDT <br \/>Live by Lacoste on aromaattinen ja vesihenkinen tuoksu miehille.<\/p>\n<p>Live on dynaaminen ja maskuliininen tuoksu. Se alkaa ter\u00e4vill\u00e4 limen vivahteilla, jotka antavat v\u00e4litt\u00f6m\u00e4n raikkauden tunteen. Sitten tulee vesist\u00f6j\u00e4 ja aromaattisia vihreit\u00e4 lehti\u00e4, vaikka juuri pohjassa oleva lakritsi antaa tuoksulle ainutlaatuisen luonteen, t\u00e4ss\u00e4 t\u00e4ydellisesti tasapainotettuna savuisen guajakkipuun kanssa.<\/p>\n<p>Lacoste on ranskalaisen tennispelaajan Ren\u00e9n luoma urheiluvaatemerkki. Lacoste. Monissa tuotemerkki on yhdistetty suoraan sen poolopaitoihin ja ikoniseen krokotiililogoon, joka on saanut inspiraationsa Lacosten omasta lempinimest\u00e4 tenniskent\u00e4ll\u00e4; &#8221;Le Crocodile&#8221;. Heid\u00e4n ensimm\u00e4inen tuoksunsa julkaistiin vuonna 1984, ja sen j\u00e4lkeen he ovat julkaisseet useita onnistuneita lis\u00e4yksi\u00e4 hajuvesisarjaansa.<\/p>\n","protected":false},"excerpt":{"rendered":"<p>Lacoste Live Pour Homme 75ml EDT Live by Lacoste on aromaattinen ja vesihenkinen tuoksu miehille. Live on dynaaminen ja maskuliininen tuoksu. Se alkaa ter\u00e4vill\u00e4 limen vivahteilla, jotka antavat v\u00e4litt\u00f6m\u00e4n raikkauden tunteen. Sitten tulee vesist\u00f6j\u00e4 ja aromaattisia vihreit\u00e4 lehti\u00e4, vaikka juuri pohjassa oleva lakritsi antaa tuoksulle ainutlaatuisen luonteen, t\u00e4ss\u00e4 t\u00e4ydellisesti tasapainotettuna savuisen guajakkipuun kanssa. Lacoste on [&hellip;]<\/p>\n","protected":false},"featured_media":110872,"comment_status":"open","ping_status":"closed","template":"","meta":{"_trash_the_other_posts":false},"product_brand":[],"product_cat":[535,1000,709,735],"product_tag":[],"berocket_brand":[1066],"class_list":{"0":"post-110874","1":"product","2":"type-product","3":"status-publish","4":"has-post-thumbnail","6":"product_cat-hajuvesi-miesten","7":"product_cat-kampanjatarjous-miehelle","8":"product_cat-miesten-eau-de-toilette","9":"product_cat-kampanjamme","10":"pa_brand-lacoste","11":"berocket_brand-lacoste","13":"first","14":"instock","15":"sale","16":"taxable","17":"shipping-taxable","18":"purchasable","19":"product-type-simple"},"_links":{"self":[{"href":"https:\/\/stylingagenten.com\/fi\/wp-json\/wp\/v2\/product\/110874","targetHints":{"allow":["GET"]}}],"collection":[{"href":"https:\/\/stylingagenten.com\/fi\/wp-json\/wp\/v2\/product"}],"about":[{"href":"https:\/\/stylingagenten.com\/fi\/wp-json\/wp\/v2\/types\/product"}],"replies":[{"embeddable":true,"href":"https:\/\/stylingagenten.com\/fi\/wp-json\/wp\/v2\/comments?post=110874"}],"version-history":[{"count":0,"href":"https:\/\/stylingagenten.com\/fi\/wp-json\/wp\/v2\/product\/110874\/revisions"}],"wp:featuredmedia":[{"embeddable":true,"href":"https:\/\/stylingagenten.com\/fi\/wp-json\/wp\/v2\/media\/110872"}],"wp:attachment":[{"href":"https:\/\/stylingagenten.com\/fi\/wp-json\/wp\/v2\/media?parent=110874"}],"wp:term":[{"taxonomy":"product_brand","embeddable":true,"href":"https:\/\/stylingagenten.com\/fi\/wp-json\/wp\/v2\/product_brand?post=110874"},{"taxonomy":"product_cat","embeddable":true,"href":"https:\/\/stylingagenten.com\/fi\/wp-json\/wp\/v2\/product_cat?post=110874"},{"taxonomy":"product_tag","embeddable":true,"href":"https:\/\/stylingagenten.com\/fi\/wp-json\/wp\/v2\/product_tag?post=110874"},{"taxonomy":"berocket_brand","embeddable":true,"href":"https:\/\/stylingagenten.com\/fi\/wp-json\/wp\/v2\/berocket_brand?post=110874"}],"curies":[{"name":"wp","href":"https:\/\/api.w.org\/{rel}","templated":true}]}}