{"id":110868,"date":"2025-05-18T20:56:40","date_gmt":"2025-05-18T20:56:40","guid":{"rendered":"https:\/\/staging2.stylingagenten.com\/fi\/produkt\/cacharel-pour-lhomme-edt-100ml\/"},"modified":"2026-04-12T10:58:32","modified_gmt":"2026-04-12T10:58:32","slug":"cacharel-pour-lhomme-edt-100ml","status":"publish","type":"product","link":"https:\/\/stylingagenten.com\/fi\/tuote\/cacharel-pour-lhomme-edt-100ml\/","title":{"rendered":"Cacharel Pour L&#8217;Homme Edt 100ml"},"content":{"rendered":"<p>Cacharel Pour L&#8217;Homme Edt 100 ml<br \/>Cacharel Pour Homme WC 100 ml on ykk\u00f6stuoksu nykyajan miehelle. T\u00e4m\u00e4 tuoksu sis\u00e4lt\u00e4\u00e4 ainutlaatuisen ja viettelev\u00e4n sekoituksen aromaattisia laventelin, mintun ja korianterin vivahteita, ja t\u00e4m\u00e4 tuoksu tarjoaa raikkaan ja maskuliinisen tunteen, joka kest\u00e4\u00e4 koko p\u00e4iv\u00e4n. Sen tyylik\u00e4s pullo sis\u00e4lt\u00e4\u00e4 runsaasti luonnollisia ainesosia, jotka pit\u00e4v\u00e4t tuoksun vahvana ja intensiivisen\u00e4 koko p\u00e4iv\u00e4n. Cacharel Pour Homme eau de toilette 100 ml on pakollinen kaikille miehille, jotka haluavat tuntea olonsa itsevarmaksi ja houkuttelevaksi<br \/>Cacharel Pour Homme on klassinen miesten tuoksu Cacharelilta vuonna 1981. T\u00e4m\u00e4 hajuvesi on ajaton klassikko, joka on edelleen suosittu keskuudessa kaikenik\u00e4isille miehille.<br \/>Tuoksutuoksu<br \/>\u2022Yl\u00e4tuoksu: muskottip\u00e4hkin\u00e4, laventeli, kirkassalvia ja bergamotti<br \/>\u2022Syd\u00e4ntuoksu: syklaami, neilikka, jasmiini, ylang-ylang, kielo ja geranium<br \/>\u2022 Pohjatuoksu: m\u00e4nty, meripihka, santelipuu, myski, tammisammal, setripuu ja vetiveri<\/p>\n","protected":false},"excerpt":{"rendered":"<p>Cacharel Pour L&#8217;Homme Edt 100 mlCacharel Pour Homme WC 100 ml on ykk\u00f6stuoksu nykyajan miehelle. T\u00e4m\u00e4 tuoksu sis\u00e4lt\u00e4\u00e4 ainutlaatuisen ja viettelev\u00e4n sekoituksen aromaattisia laventelin, mintun ja korianterin vivahteita, ja t\u00e4m\u00e4 tuoksu tarjoaa raikkaan ja maskuliinisen tunteen, joka kest\u00e4\u00e4 koko p\u00e4iv\u00e4n. Sen tyylik\u00e4s pullo sis\u00e4lt\u00e4\u00e4 runsaasti luonnollisia ainesosia, jotka pit\u00e4v\u00e4t tuoksun vahvana ja intensiivisen\u00e4 koko p\u00e4iv\u00e4n. [&hellip;]<\/p>\n","protected":false},"featured_media":110866,"comment_status":"open","ping_status":"closed","template":"","meta":{"_trash_the_other_posts":false},"product_brand":[],"product_cat":[535,1006,1000,709,735],"product_tag":[2628],"berocket_brand":[1098],"class_list":{"0":"post-110868","1":"product","2":"type-product","3":"status-publish","4":"has-post-thumbnail","6":"product_cat-hajuvesi-miesten","7":"product_cat-kampanjahinta","8":"product_cat-kampanjatarjous-miehelle","9":"product_cat-miesten-eau-de-toilette","10":"product_cat-kampanjamme","11":"product_tag-cacharel-pour-lhomme-edt","12":"pa_brand-cacharel","13":"pa_variantti-100ml","14":"berocket_brand-cacharel","16":"first","17":"outofstock","18":"sale","19":"taxable","20":"shipping-taxable","21":"purchasable","22":"product-type-simple"},"_links":{"self":[{"href":"https:\/\/stylingagenten.com\/fi\/wp-json\/wp\/v2\/product\/110868","targetHints":{"allow":["GET"]}}],"collection":[{"href":"https:\/\/stylingagenten.com\/fi\/wp-json\/wp\/v2\/product"}],"about":[{"href":"https:\/\/stylingagenten.com\/fi\/wp-json\/wp\/v2\/types\/product"}],"replies":[{"embeddable":true,"href":"https:\/\/stylingagenten.com\/fi\/wp-json\/wp\/v2\/comments?post=110868"}],"version-history":[{"count":0,"href":"https:\/\/stylingagenten.com\/fi\/wp-json\/wp\/v2\/product\/110868\/revisions"}],"wp:featuredmedia":[{"embeddable":true,"href":"https:\/\/stylingagenten.com\/fi\/wp-json\/wp\/v2\/media\/110866"}],"wp:attachment":[{"href":"https:\/\/stylingagenten.com\/fi\/wp-json\/wp\/v2\/media?parent=110868"}],"wp:term":[{"taxonomy":"product_brand","embeddable":true,"href":"https:\/\/stylingagenten.com\/fi\/wp-json\/wp\/v2\/product_brand?post=110868"},{"taxonomy":"product_cat","embeddable":true,"href":"https:\/\/stylingagenten.com\/fi\/wp-json\/wp\/v2\/product_cat?post=110868"},{"taxonomy":"product_tag","embeddable":true,"href":"https:\/\/stylingagenten.com\/fi\/wp-json\/wp\/v2\/product_tag?post=110868"},{"taxonomy":"berocket_brand","embeddable":true,"href":"https:\/\/stylingagenten.com\/fi\/wp-json\/wp\/v2\/berocket_brand?post=110868"}],"curies":[{"name":"wp","href":"https:\/\/api.w.org\/{rel}","templated":true}]}}