{"id":110846,"date":"2025-05-18T20:56:35","date_gmt":"2025-05-18T20:56:35","guid":{"rendered":"https:\/\/staging2.stylingagenten.com\/fi\/produkt\/hugo-boss-hugo-jeans-edt-75ml\/"},"modified":"2026-04-15T07:10:29","modified_gmt":"2026-04-15T07:10:29","slug":"hugo-boss-hugo-jeans-edt-75ml","status":"publish","type":"product","link":"https:\/\/stylingagenten.com\/fi\/tuote\/hugo-boss-hugo-jeans-edt-75ml\/","title":{"rendered":"Hugo Boss Hugo Jeans Edt 75ml"},"content":{"rendered":"<p>Hugo Boss Hugo Jeans Edt 75 ml<br \/>Rohkealle kapinalliselle! Nyt lanseerataan HUGO JEANS Eau de Toilette for Men \u2013 rohkea ja raikas miesten parfyymi miehelle, joka rakastaa kulkea omaa tiet\u00e4\u00e4n.<br \/>&#8211;<br \/>Yl\u00e4tuoksussa mehukas greippi ja virkist\u00e4v\u00e4 lime sekoittuvat piparmintun ja katajan kanssa syd\u00e4mess\u00e4 luomaan energianlis\u00e4yst\u00e4. Santelipuun ihanat nuotit yhdistyv\u00e4t vetiveriapuuhun ja setripuuhun, jotka antavat tuoksulle kutsuvan l\u00e4mm\u00f6n &#8211; ja kokonaisuus on vastustamaton. T\u00e4t\u00e4 maskuliinista wc-vett\u00e4 voidaan k\u00e4ytt\u00e4\u00e4 miss\u00e4 tahansa ja milloin tahansa &#8211; aivan kuin t\u00e4ydellisesti istuvat farkut.<\/p>\n","protected":false},"excerpt":{"rendered":"<p>Hugo Boss Hugo Jeans Edt 75 mlRohkealle kapinalliselle! Nyt lanseerataan HUGO JEANS Eau de Toilette for Men \u2013 rohkea ja raikas miesten parfyymi miehelle, joka rakastaa kulkea omaa tiet\u00e4\u00e4n.&#8211;Yl\u00e4tuoksussa mehukas greippi ja virkist\u00e4v\u00e4 lime sekoittuvat piparmintun ja katajan kanssa syd\u00e4mess\u00e4 luomaan energianlis\u00e4yst\u00e4. Santelipuun ihanat nuotit yhdistyv\u00e4t vetiveriapuuhun ja setripuuhun, jotka antavat tuoksulle kutsuvan l\u00e4mm\u00f6n &#8211; [&hellip;]<\/p>\n","protected":false},"featured_media":110844,"comment_status":"open","ping_status":"closed","template":"","meta":{"_trash_the_other_posts":false},"product_brand":[],"product_cat":[535,1006,1000,709,735],"product_tag":[],"berocket_brand":[1339],"class_list":{"0":"post-110846","1":"product","2":"type-product","3":"status-publish","4":"has-post-thumbnail","6":"product_cat-hajuvesi-miesten","7":"product_cat-kampanjahinta","8":"product_cat-kampanjatarjous-miehelle","9":"product_cat-miesten-eau-de-toilette","10":"product_cat-kampanjamme","11":"pa_brand-hugo-boss","12":"berocket_brand-hugo-boss","14":"first","15":"instock","16":"sale","17":"taxable","18":"shipping-taxable","19":"purchasable","20":"product-type-simple"},"_links":{"self":[{"href":"https:\/\/stylingagenten.com\/fi\/wp-json\/wp\/v2\/product\/110846","targetHints":{"allow":["GET"]}}],"collection":[{"href":"https:\/\/stylingagenten.com\/fi\/wp-json\/wp\/v2\/product"}],"about":[{"href":"https:\/\/stylingagenten.com\/fi\/wp-json\/wp\/v2\/types\/product"}],"replies":[{"embeddable":true,"href":"https:\/\/stylingagenten.com\/fi\/wp-json\/wp\/v2\/comments?post=110846"}],"version-history":[{"count":0,"href":"https:\/\/stylingagenten.com\/fi\/wp-json\/wp\/v2\/product\/110846\/revisions"}],"wp:featuredmedia":[{"embeddable":true,"href":"https:\/\/stylingagenten.com\/fi\/wp-json\/wp\/v2\/media\/110844"}],"wp:attachment":[{"href":"https:\/\/stylingagenten.com\/fi\/wp-json\/wp\/v2\/media?parent=110846"}],"wp:term":[{"taxonomy":"product_brand","embeddable":true,"href":"https:\/\/stylingagenten.com\/fi\/wp-json\/wp\/v2\/product_brand?post=110846"},{"taxonomy":"product_cat","embeddable":true,"href":"https:\/\/stylingagenten.com\/fi\/wp-json\/wp\/v2\/product_cat?post=110846"},{"taxonomy":"product_tag","embeddable":true,"href":"https:\/\/stylingagenten.com\/fi\/wp-json\/wp\/v2\/product_tag?post=110846"},{"taxonomy":"berocket_brand","embeddable":true,"href":"https:\/\/stylingagenten.com\/fi\/wp-json\/wp\/v2\/berocket_brand?post=110846"}],"curies":[{"name":"wp","href":"https:\/\/api.w.org\/{rel}","templated":true}]}}