{"id":110843,"date":"2025-05-18T20:56:34","date_gmt":"2025-05-18T20:56:34","guid":{"rendered":"https:\/\/staging2.stylingagenten.com\/fi\/produkt\/david-beckham-classic-edt-100ml\/"},"modified":"2026-04-14T09:52:26","modified_gmt":"2026-04-14T09:52:26","slug":"david-beckham-classic-edt-100ml","status":"publish","type":"product","link":"https:\/\/stylingagenten.com\/fi\/tuote\/david-beckham-classic-edt-100ml\/","title":{"rendered":"David Beckham Classic Edt 100ml"},"content":{"rendered":"<p>David Beckham Fragrances esittelee Classicin \u2013 ajattoman miesten Eau de Toilette -veden tyylikk\u00e4\u00e4ll\u00e4 otteella. David Beckhamin klassikkojen kunnioituksesta inspiroima tuoksu on t\u00e4ydellinen kaikkiin tilaisuuksiin. T\u00e4m\u00e4 raikas miesten meripihkan ja puun tuoksu avautuu raikkauden r\u00e4j\u00e4hdysm\u00e4isesti: ylenpalttinen gin and tonic -tuoksu yhdistettyn\u00e4 galbanumiin ja limeen. Sypressin, muskottip\u00e4hkin\u00e4n ja mintunlehtien raikas ja samalla mausteinen syd\u00e4ntuoksu liukuu hienostuneeseen l\u00e4mpimien puumaisten nuottien ja koukuttavaan meripihkan allekirjoitukseen. Sylinterin muotoista pulloa koristaa kaunis kalanruotokuvio ja tyylik\u00e4s hopeanv\u00e4rinen korkki antaa t\u00e4m\u00e4n David Beckham Eau de Toilette -veden muotoiluun modernin ja maskuliinisen vaikutelman. Classic Collection on vastustamaton tulkinta klassikoiden vahvuudesta: jokainen tuoksu on luotu huolellisesti valituista ainesosista, jotka ovat osoittaneet arvonsa ajan my\u00f6t\u00e4.<\/p>\n","protected":false},"excerpt":{"rendered":"<p>David Beckham Fragrances esittelee Classicin \u2013 ajattoman miesten Eau de Toilette -veden tyylikk\u00e4\u00e4ll\u00e4 otteella. David Beckhamin klassikkojen kunnioituksesta inspiroima tuoksu on t\u00e4ydellinen kaikkiin tilaisuuksiin. T\u00e4m\u00e4 raikas miesten meripihkan ja puun tuoksu avautuu raikkauden r\u00e4j\u00e4hdysm\u00e4isesti: ylenpalttinen gin and tonic -tuoksu yhdistettyn\u00e4 galbanumiin ja limeen. Sypressin, muskottip\u00e4hkin\u00e4n ja mintunlehtien raikas ja samalla mausteinen syd\u00e4ntuoksu liukuu hienostuneeseen l\u00e4mpimien [&hellip;]<\/p>\n","protected":false},"featured_media":110840,"comment_status":"open","ping_status":"closed","template":"","meta":{"_trash_the_other_posts":false},"product_brand":[],"product_cat":[1000,709,1003,735],"product_tag":[2768],"berocket_brand":[1281],"class_list":{"0":"post-110843","1":"product","2":"type-product","3":"status-publish","4":"has-post-thumbnail","6":"product_cat-kampanjatarjous-miehelle","7":"product_cat-miesten-eau-de-toilette","8":"product_cat-myydyimmat","9":"product_cat-kampanjamme","10":"product_tag-david-beckham-classic-edt","11":"pa_brand-david-beckham","12":"pa_variantti-100ml","13":"berocket_brand-david-beckham","15":"first","16":"instock","17":"sale","18":"taxable","19":"shipping-taxable","20":"purchasable","21":"product-type-simple"},"_links":{"self":[{"href":"https:\/\/stylingagenten.com\/fi\/wp-json\/wp\/v2\/product\/110843","targetHints":{"allow":["GET"]}}],"collection":[{"href":"https:\/\/stylingagenten.com\/fi\/wp-json\/wp\/v2\/product"}],"about":[{"href":"https:\/\/stylingagenten.com\/fi\/wp-json\/wp\/v2\/types\/product"}],"replies":[{"embeddable":true,"href":"https:\/\/stylingagenten.com\/fi\/wp-json\/wp\/v2\/comments?post=110843"}],"version-history":[{"count":0,"href":"https:\/\/stylingagenten.com\/fi\/wp-json\/wp\/v2\/product\/110843\/revisions"}],"wp:featuredmedia":[{"embeddable":true,"href":"https:\/\/stylingagenten.com\/fi\/wp-json\/wp\/v2\/media\/110840"}],"wp:attachment":[{"href":"https:\/\/stylingagenten.com\/fi\/wp-json\/wp\/v2\/media?parent=110843"}],"wp:term":[{"taxonomy":"product_brand","embeddable":true,"href":"https:\/\/stylingagenten.com\/fi\/wp-json\/wp\/v2\/product_brand?post=110843"},{"taxonomy":"product_cat","embeddable":true,"href":"https:\/\/stylingagenten.com\/fi\/wp-json\/wp\/v2\/product_cat?post=110843"},{"taxonomy":"product_tag","embeddable":true,"href":"https:\/\/stylingagenten.com\/fi\/wp-json\/wp\/v2\/product_tag?post=110843"},{"taxonomy":"berocket_brand","embeddable":true,"href":"https:\/\/stylingagenten.com\/fi\/wp-json\/wp\/v2\/berocket_brand?post=110843"}],"curies":[{"name":"wp","href":"https:\/\/api.w.org\/{rel}","templated":true}]}}