{"id":110839,"date":"2025-05-18T20:56:32","date_gmt":"2025-05-18T20:56:32","guid":{"rendered":"https:\/\/staging2.stylingagenten.com\/fi\/produkt\/calvin-klein-ck-everyone-edt-100ml\/"},"modified":"2025-11-21T08:21:31","modified_gmt":"2025-11-21T08:21:31","slug":"calvin-klein-ck-everyone-edt-100ml","status":"publish","type":"product","link":"https:\/\/stylingagenten.com\/fi\/tuote\/calvin-klein-ck-everyone-edt-100ml\/","title":{"rendered":"Calvin Klein CK Everyone Edt 100ml"},"content":{"rendered":"<p>Calvin Klein CK Every Edt 100 ml<br \/>Puhdas, raikas sitrustuoksu, Calvin Klein CK Everyone Eau de Toilette Unisex on tuoksu, joka juhlii vapautta ilmaista itse\u00e4si. CK ONEen ikoniseen perint\u00f6\u00f6n perustuva CK EVERYONE on Calvin Kleinin ensimm\u00e4inen puhdas tuoksu &#8211; vegaaninen, valmistettu luonnollisesti saadusta alkoholista ja luonnollisista ainesosista. Tuoksu avautuu orgaanisten appelsiinien pinnalla, jotka kohtaavat sinisen teen sopimuksen, ja myskipohjaisella setripuulla, jotka yhdess\u00e4 luovat monimutkaisen ja kohottavan tuoksun. CK EVERYONE mukautuu jokaisen k\u00e4ytt\u00e4j\u00e4n ihoon ja luo henkil\u00f6kohtaisen tuoksun. Lasipullon ymp\u00e4rill\u00e4, jonka voit kierr\u00e4tt\u00e4\u00e4 pumpun poistamisen j\u00e4lkeen, on kuminauha, kunnianosoitus Calvin Klein Underwearille, jota voit k\u00e4ytt\u00e4\u00e4 ja k\u00e4ytt\u00e4\u00e4 uudelleen. Rakasta jokaista teist\u00e4 CK EVERYONEssa.<\/p>\n<p>Tuoksutuoksu: Yl\u00e4tuoksu: Luomuoranssi.<br \/>Syd\u00e4ntuoksu: Sinisen teen yhdistelm\u00e4.<br \/>Pohjatuoksu: Cedarwood.<\/p>\n","protected":false},"excerpt":{"rendered":"<p>Calvin Klein CK Every Edt 100 mlPuhdas, raikas sitrustuoksu, Calvin Klein CK Everyone Eau de Toilette Unisex on tuoksu, joka juhlii vapautta ilmaista itse\u00e4si. CK ONEen ikoniseen perint\u00f6\u00f6n perustuva CK EVERYONE on Calvin Kleinin ensimm\u00e4inen puhdas tuoksu &#8211; vegaaninen, valmistettu luonnollisesti saadusta alkoholista ja luonnollisista ainesosista. Tuoksu avautuu orgaanisten appelsiinien pinnalla, jotka kohtaavat sinisen teen [&hellip;]<\/p>\n","protected":false},"featured_media":110836,"comment_status":"open","ping_status":"closed","template":"","meta":{"_trash_the_other_posts":false},"product_brand":[],"product_cat":[713,709],"product_tag":[2634],"berocket_brand":[1014],"class_list":{"0":"post-110839","1":"product","2":"type-product","3":"status-publish","4":"has-post-thumbnail","6":"product_cat-hajuvesi-unisex","7":"product_cat-miesten-eau-de-toilette","8":"product_tag-calvin-klein-ck-everyone-edt","9":"pa_brand-calvin-klein","10":"pa_variantti-100ml","11":"berocket_brand-calvin-klein","13":"first","14":"outofstock","15":"sale","16":"taxable","17":"shipping-taxable","18":"purchasable","19":"product-type-simple"},"_links":{"self":[{"href":"https:\/\/stylingagenten.com\/fi\/wp-json\/wp\/v2\/product\/110839","targetHints":{"allow":["GET"]}}],"collection":[{"href":"https:\/\/stylingagenten.com\/fi\/wp-json\/wp\/v2\/product"}],"about":[{"href":"https:\/\/stylingagenten.com\/fi\/wp-json\/wp\/v2\/types\/product"}],"replies":[{"embeddable":true,"href":"https:\/\/stylingagenten.com\/fi\/wp-json\/wp\/v2\/comments?post=110839"}],"version-history":[{"count":0,"href":"https:\/\/stylingagenten.com\/fi\/wp-json\/wp\/v2\/product\/110839\/revisions"}],"wp:featuredmedia":[{"embeddable":true,"href":"https:\/\/stylingagenten.com\/fi\/wp-json\/wp\/v2\/media\/110836"}],"wp:attachment":[{"href":"https:\/\/stylingagenten.com\/fi\/wp-json\/wp\/v2\/media?parent=110839"}],"wp:term":[{"taxonomy":"product_brand","embeddable":true,"href":"https:\/\/stylingagenten.com\/fi\/wp-json\/wp\/v2\/product_brand?post=110839"},{"taxonomy":"product_cat","embeddable":true,"href":"https:\/\/stylingagenten.com\/fi\/wp-json\/wp\/v2\/product_cat?post=110839"},{"taxonomy":"product_tag","embeddable":true,"href":"https:\/\/stylingagenten.com\/fi\/wp-json\/wp\/v2\/product_tag?post=110839"},{"taxonomy":"berocket_brand","embeddable":true,"href":"https:\/\/stylingagenten.com\/fi\/wp-json\/wp\/v2\/berocket_brand?post=110839"}],"curies":[{"name":"wp","href":"https:\/\/api.w.org\/{rel}","templated":true}]}}