{"id":110831,"date":"2025-05-18T20:56:29","date_gmt":"2025-05-18T20:56:29","guid":{"rendered":"https:\/\/staging2.stylingagenten.com\/fi\/produkt\/hugo-boss-boss-bottled-parfum-100ml\/"},"modified":"2026-04-12T09:58:28","modified_gmt":"2026-04-12T09:58:28","slug":"hugo-boss-boss-bottled-parfum-100ml","status":"publish","type":"product","link":"https:\/\/stylingagenten.com\/fi\/tuote\/hugo-boss-boss-bottled-parfum-100ml\/","title":{"rendered":"Hugo Boss Boss Bottled Parfum 100ml"},"content":{"rendered":"<p>Hugo Boss Boss Bottled Parfum 100ml<br \/>Olla oma POMOsi on el\u00e4\u00e4 sellaisena. Mies, joka luottaa vaistoihinsa. H\u00e4n ei odota asioiden tapahtuvan &#8211; h\u00e4n saa ne tapahtumaan. H\u00e4n ottaa el\u00e4m\u00e4ns\u00e4 hallintaan, koska h\u00e4n tiet\u00e4\u00e4, ett\u00e4 toiminta on tie eteenp\u00e4in. Voimaa ja karismaa, joka tulee itsens\u00e4 tuntemisesta. H\u00e4n on hienostunut ja h\u00e4nen l\u00e4mp\u00f6ns\u00e4 inspiroi. BOSS Bottled Parfum for Men heijastaa h\u00e4nen vahvaa asennettaan \u2013 syv\u00e4 tuoksu, joka houkuttelee kauniilla puun, meripihkan, orrisen ja viikunan tuoksuilla.<br \/>&#8211;<br \/>BOSS Bottled Parfum for Men -parfyymi on parfyymivalmistajien Annick M\u00e9nardon ja Suzy Le Helleyn luoma. ja t\u00e4m\u00e4 tuoksu on t\u00e4h\u00e4n menness\u00e4 tiivistetyin ikonisessa BOSS Bottled -tuoksusarjassa. T\u00e4m\u00e4 puinen eau de parfum avautuu mandariinin tuoreilla vivahteilla ja mausteisen suitsukkeen vivahteilla. Boss-hajuvesi paljastaa kiehtovan syvyyden ja voiman sek\u00e4 orriksen ja viikunan syd\u00e4ntuoksussa, jotka heijastavat miehen vahvaa karismaa. Tuoksua t\u00e4ydent\u00e4v\u00e4t setripuun ja kasvinahan vivahteet, jotka antavat tuoksulle l\u00e4mp\u00f6\u00e4, voimaa ja pitk\u00e4kestoista intensiteetti\u00e4.<br \/>&#8211;<br \/>Tunnettu BOSS Bottled -pullo on lakattu mattamustaksi ja mustassa korkissa on kaunis harjattu viimeistely. Pullossa ja mattamustassa laatikossa on kohokuvioitu kultainen teksti, joka heijastaa t\u00e4t\u00e4 rohkeaa miesten tuoksua.<br \/>&#8211;<br \/>Tuoksutuoksu:<br \/>Yl\u00e4tuoksu: Mandariini, suitsuke<br \/>Syd\u00e4ntuoksu: Orris, viikuna<br \/>Pohja Huomioi: Setripuu, Kasvissetri<\/p>\n","protected":false},"excerpt":{"rendered":"<p>Hugo Boss Boss Bottled Parfum 100mlOlla oma POMOsi on el\u00e4\u00e4 sellaisena. Mies, joka luottaa vaistoihinsa. H\u00e4n ei odota asioiden tapahtuvan &#8211; h\u00e4n saa ne tapahtumaan. H\u00e4n ottaa el\u00e4m\u00e4ns\u00e4 hallintaan, koska h\u00e4n tiet\u00e4\u00e4, ett\u00e4 toiminta on tie eteenp\u00e4in. Voimaa ja karismaa, joka tulee itsens\u00e4 tuntemisesta. H\u00e4n on hienostunut ja h\u00e4nen l\u00e4mp\u00f6ns\u00e4 inspiroi. BOSS Bottled Parfum for [&hellip;]<\/p>\n","protected":false},"featured_media":110826,"comment_status":"open","ping_status":"closed","template":"","meta":{"_trash_the_other_posts":false},"product_brand":[],"product_cat":[708,535,1000,735],"product_tag":[2974],"berocket_brand":[1339],"class_list":{"0":"post-110831","1":"product","2":"type-product","3":"status-publish","4":"has-post-thumbnail","6":"product_cat-eau-de-parfum-miesten","7":"product_cat-hajuvesi-miesten","8":"product_cat-kampanjatarjous-miehelle","9":"product_cat-kampanjamme","10":"product_tag-hugo-boss-boss-bottled-parfum","11":"pa_brand-hugo-boss","12":"pa_variantti-100ml","13":"berocket_brand-hugo-boss","15":"first","16":"instock","17":"sale","18":"taxable","19":"shipping-taxable","20":"purchasable","21":"product-type-simple"},"_links":{"self":[{"href":"https:\/\/stylingagenten.com\/fi\/wp-json\/wp\/v2\/product\/110831","targetHints":{"allow":["GET"]}}],"collection":[{"href":"https:\/\/stylingagenten.com\/fi\/wp-json\/wp\/v2\/product"}],"about":[{"href":"https:\/\/stylingagenten.com\/fi\/wp-json\/wp\/v2\/types\/product"}],"replies":[{"embeddable":true,"href":"https:\/\/stylingagenten.com\/fi\/wp-json\/wp\/v2\/comments?post=110831"}],"version-history":[{"count":0,"href":"https:\/\/stylingagenten.com\/fi\/wp-json\/wp\/v2\/product\/110831\/revisions"}],"wp:featuredmedia":[{"embeddable":true,"href":"https:\/\/stylingagenten.com\/fi\/wp-json\/wp\/v2\/media\/110826"}],"wp:attachment":[{"href":"https:\/\/stylingagenten.com\/fi\/wp-json\/wp\/v2\/media?parent=110831"}],"wp:term":[{"taxonomy":"product_brand","embeddable":true,"href":"https:\/\/stylingagenten.com\/fi\/wp-json\/wp\/v2\/product_brand?post=110831"},{"taxonomy":"product_cat","embeddable":true,"href":"https:\/\/stylingagenten.com\/fi\/wp-json\/wp\/v2\/product_cat?post=110831"},{"taxonomy":"product_tag","embeddable":true,"href":"https:\/\/stylingagenten.com\/fi\/wp-json\/wp\/v2\/product_tag?post=110831"},{"taxonomy":"berocket_brand","embeddable":true,"href":"https:\/\/stylingagenten.com\/fi\/wp-json\/wp\/v2\/berocket_brand?post=110831"}],"curies":[{"name":"wp","href":"https:\/\/api.w.org\/{rel}","templated":true}]}}