{"id":110815,"date":"2025-05-18T20:56:25","date_gmt":"2025-05-18T20:56:25","guid":{"rendered":"https:\/\/staging2.stylingagenten.com\/fi\/produkt\/sergio-tacchini-classic-edt-50ml\/"},"modified":"2026-04-14T07:09:06","modified_gmt":"2026-04-14T07:09:06","slug":"sergio-tacchini-classic-edt-50ml","status":"publish","type":"product","link":"https:\/\/stylingagenten.com\/fi\/tuote\/sergio-tacchini-classic-edt-50ml\/","title":{"rendered":"Sergio Tacchini Classic Edt 50ml"},"content":{"rendered":"<p>Sergio Tacchini Classic Edt on harmoninen tuoksu, joka on sek\u00e4 raikas ett\u00e4 virkist\u00e4v\u00e4. Nuorekas ja pirte\u00e4 tuoksu, jonka yl\u00e4osassa on bergamottia, rosmariinia, karibialaista lime\u00e4 ja neilikkaa. Classic on kukkainen foug\u00e8re-tuoksu, jonka luonteen luovat laventeli ja sitruunanlehdet yhdistettyn\u00e4 it\u00e4maisiin puulajeihin, kuten patchouliin, vetiveriin ja santelipuuhun.<\/p>\n<p>Yl\u00e4osa: Bergamotti, rosmariini, karibialainen lime, neilikka<br \/>\n<br \/>Syd\u00e4ntuoksu: Laventeli, sitruunanlehdet, kielo<br \/>\n<br \/>Pohjatuoksu: Patchouli, vetiver, santelipuu<\/p>\n<p>50ML<\/p>\n","protected":false},"excerpt":{"rendered":"<p>Sergio Tacchini Classic Edt on harmoninen tuoksu, joka on sek\u00e4 raikas ett\u00e4 virkist\u00e4v\u00e4. Nuorekas ja pirte\u00e4 tuoksu, jonka yl\u00e4osassa on bergamottia, rosmariinia, karibialaista lime\u00e4 ja neilikkaa. Classic on kukkainen foug\u00e8re-tuoksu, jonka luonteen luovat laventeli ja sitruunanlehdet yhdistettyn\u00e4 it\u00e4maisiin puulajeihin, kuten patchouliin, vetiveriin ja santelipuuhun. Yl\u00e4osa: Bergamotti, rosmariini, karibialainen lime, neilikka Syd\u00e4ntuoksu: Laventeli, sitruunanlehdet, kielo Pohjatuoksu: [&hellip;]<\/p>\n","protected":false},"featured_media":110813,"comment_status":"open","ping_status":"closed","template":"","meta":{"_trash_the_other_posts":false},"product_brand":[],"product_cat":[1000,709,735],"product_tag":[3988],"berocket_brand":[1130],"class_list":{"0":"post-110815","1":"product","2":"type-product","3":"status-publish","4":"has-post-thumbnail","6":"product_cat-kampanjatarjous-miehelle","7":"product_cat-miesten-eau-de-toilette","8":"product_cat-kampanjamme","9":"product_tag-sergio-tacchini-classic-edt","10":"pa_brand-sergio-tacchini","11":"pa_variantti-50ml","12":"berocket_brand-sergio-tacchini","14":"first","15":"instock","16":"sale","17":"taxable","18":"shipping-taxable","19":"purchasable","20":"product-type-simple"},"_links":{"self":[{"href":"https:\/\/stylingagenten.com\/fi\/wp-json\/wp\/v2\/product\/110815","targetHints":{"allow":["GET"]}}],"collection":[{"href":"https:\/\/stylingagenten.com\/fi\/wp-json\/wp\/v2\/product"}],"about":[{"href":"https:\/\/stylingagenten.com\/fi\/wp-json\/wp\/v2\/types\/product"}],"replies":[{"embeddable":true,"href":"https:\/\/stylingagenten.com\/fi\/wp-json\/wp\/v2\/comments?post=110815"}],"version-history":[{"count":0,"href":"https:\/\/stylingagenten.com\/fi\/wp-json\/wp\/v2\/product\/110815\/revisions"}],"wp:featuredmedia":[{"embeddable":true,"href":"https:\/\/stylingagenten.com\/fi\/wp-json\/wp\/v2\/media\/110813"}],"wp:attachment":[{"href":"https:\/\/stylingagenten.com\/fi\/wp-json\/wp\/v2\/media?parent=110815"}],"wp:term":[{"taxonomy":"product_brand","embeddable":true,"href":"https:\/\/stylingagenten.com\/fi\/wp-json\/wp\/v2\/product_brand?post=110815"},{"taxonomy":"product_cat","embeddable":true,"href":"https:\/\/stylingagenten.com\/fi\/wp-json\/wp\/v2\/product_cat?post=110815"},{"taxonomy":"product_tag","embeddable":true,"href":"https:\/\/stylingagenten.com\/fi\/wp-json\/wp\/v2\/product_tag?post=110815"},{"taxonomy":"berocket_brand","embeddable":true,"href":"https:\/\/stylingagenten.com\/fi\/wp-json\/wp\/v2\/berocket_brand?post=110815"}],"curies":[{"name":"wp","href":"https:\/\/api.w.org\/{rel}","templated":true}]}}